{"id":45,"date":"2017-08-17T09:54:38","date_gmt":"2017-08-17T12:54:38","guid":{"rendered":"http:\/\/www.professores.uff.br\/tiberio\/?page_id=45"},"modified":"2017-08-17T10:20:54","modified_gmt":"2017-08-17T13:20:54","slug":"45-2","status":"publish","type":"page","link":"https:\/\/www.professores.uff.br\/tiberio\/45-2\/","title":{"rendered":"Sobre mim"},"content":{"rendered":"<h2>\u00a0<img loading=\"lazy\" decoding=\"async\" class=\"wp-image-46 alignleft\" src=\"http:\/\/www.professores.uff.br\/tiberio\/wp-content\/uploads\/sites\/89\/2017\/08\/eu-300x226.jpg\" alt=\"\" width=\"147\" height=\"111\" \/>Um pouco sobre mim&#8230;<\/h2>\n<p class=\"justify\">Nascido na cidade maravilhosa do Rio de Janeiro, cresci por l\u00e1 at\u00e9 a adolesc\u00eancia, quando minha fam\u00edlia e eu nos mudamos para Juiz de Fora\/MG. Apesar de ter nascido numa cidade litor\u00e2nea, desde a inf\u00e2ncia sempre fui fascinado pelas montanhas de Minas. Mas a adapta\u00e7\u00e3o nem sempre \u00e9 f\u00e1cil, e no meu caso n\u00e3o foi diferente. Mesmo assim, aprendi a gostar (e muito!) daquela cidade; a tal ponto que hoje me considero mais mineiro que carioca.<\/p>\n<p>Depois veio o vestibular: a curiosidade e o gosto pela matem\u00e1tica falaram mais alto! Assim decidi pela F\u00edsica ainda no in\u00edcio do ensino m\u00e9dio. A princ\u00edpio comecei o curso na UNICAMP, mas nem tudo s\u00e3o flores e decep\u00e7\u00f5es acontecem. De volta a Juiz de Fora e decidido de que era F\u00edsica o que eu queria, prestei novo vestibular e comecei o curso na UFJF. Qual n\u00e3o foi minha surpresa, pois esta acabou se mostrando como a decis\u00e3o mais acertada.<\/p>\n<p>O mestrado foi uma consequ\u00eancia do estudo iniciado. Depois a curiosidade novamente falou mais alto, me puxando para a Astronomia. Assim o Rio Grande do Sul se tornou meu novo destino, rumo ao doutorado. Sete anos se passaram na UFRGS, entre t\u00edtula\u00e7\u00e3o, emprego de professor substituto e p\u00f3s-doutorado. Nesse per\u00edodo conheci aquela que veio a se tornar &#8220;a pessoa mais importante&#8221; e hoje estamos aqui, em Santo Ant\u00f4nio de P\u00e1dua, para onde os ventos nos trouxeram (com uma boa ajuda dos meus pr\u00f3prios pulm\u00f5es!).<\/p>\n<h2><img loading=\"lazy\" decoding=\"async\" class=\" wp-image-47 alignleft\" src=\"http:\/\/www.professores.uff.br\/tiberio\/wp-content\/uploads\/sites\/89\/2017\/08\/Rodin_The_Thinker.jpg\" alt=\"\" width=\"120\" height=\"116\" \/>Gostos e Interesses<\/h2>\n<p class=\"justify\">Existe vida depois do trabalho! Al\u00e9m da F\u00edsica e da Astronomia, aqui eu descrevo outros gostos e interesses particulares que tamb\u00e9m me definem.<\/p>\n<p>&nbsp;<\/p>\n<div style=\"float: left; width: 45%;\">s\u00e9ries de TV<br \/>\nquadrinhos<br \/>\nlivros<br \/>\nm\u00fasica cl\u00e1ssica<br \/>\nrock<br \/>\njazz<br \/>\nblues<br \/>\nescalada<br \/>\nbicicleta<br \/>\nmalhar<\/div>\n<div style=\"float: right; width: 45%;\">viajar<br \/>\nacampar<br \/>\njogar baralho<br \/>\ncomputa\u00e7\u00e3o<br \/>\ngastronomia<br \/>\nculin\u00e1ria<br \/>\nfotografia<br \/>\naprender<br \/>\nensinar<\/div>\n<div style=\"clear: both;\"><\/div>\n<div>\n<h3>Fotos, Viagens, Fam\u00edlia, Amigos, Etc&#8230;<\/h3>\n\n\t\t<style type=\"text\/css\">\n\t\t\t#gallery-1 {\n\t\t\t\tmargin: auto;\n\t\t\t}\n\t\t\t#gallery-1 .gallery-item {\n\t\t\t\tfloat: left;\n\t\t\t\tmargin-top: 10px;\n\t\t\t\ttext-align: center;\n\t\t\t\twidth: 25%;\n\t\t\t}\n\t\t\t#gallery-1 img {\n\t\t\t\tborder: 2px solid #cfcfcf;\n\t\t\t}\n\t\t\t#gallery-1 .gallery-caption {\n\t\t\t\tmargin-left: 0;\n\t\t\t}\n\t\t\t\/* see gallery_shortcode() in wp-includes\/media.php *\/\n\t\t<\/style>\n\t\t<div id='gallery-1' class='gallery galleryid-45 gallery-columns-4 gallery-size-thumbnail'><dl class='gallery-item'>\n\t\t\t<dt class='gallery-icon landscape'>\n\t\t\t\t<a href='https:\/\/www.professores.uff.br\/tiberio\/45-2\/img_7163\/'><img loading=\"lazy\" decoding=\"async\" width=\"150\" height=\"150\" src=\"https:\/\/www.professores.uff.br\/tiberio\/wp-content\/uploads\/sites\/89\/2017\/08\/img_7163-150x150.jpg\" class=\"attachment-thumbnail size-thumbnail\" alt=\"\" \/><\/a>\n\t\t\t<\/dt><\/dl><dl class='gallery-item'>\n\t\t\t<dt class='gallery-icon landscape'>\n\t\t\t\t<a href='https:\/\/www.professores.uff.br\/tiberio\/45-2\/imag001\/'><img loading=\"lazy\" decoding=\"async\" width=\"150\" height=\"150\" src=\"https:\/\/www.professores.uff.br\/tiberio\/wp-content\/uploads\/sites\/89\/2017\/08\/Imag001-150x150.jpg\" class=\"attachment-thumbnail size-thumbnail\" alt=\"\" \/><\/a>\n\t\t\t<\/dt><\/dl><dl class='gallery-item'>\n\t\t\t<dt class='gallery-icon landscape'>\n\t\t\t\t<a href='https:\/\/www.professores.uff.br\/tiberio\/45-2\/iguazu19\/'><img loading=\"lazy\" decoding=\"async\" width=\"150\" height=\"150\" src=\"https:\/\/www.professores.uff.br\/tiberio\/wp-content\/uploads\/sites\/89\/2017\/08\/IGUAZU19-150x150.jpg\" class=\"attachment-thumbnail size-thumbnail\" alt=\"\" \/><\/a>\n\t\t\t<\/dt><\/dl><dl class='gallery-item'>\n\t\t\t<dt class='gallery-icon landscape'>\n\t\t\t\t<a href='https:\/\/www.professores.uff.br\/tiberio\/45-2\/iguazu18\/'><img loading=\"lazy\" decoding=\"async\" width=\"150\" height=\"150\" src=\"https:\/\/www.professores.uff.br\/tiberio\/wp-content\/uploads\/sites\/89\/2017\/08\/IGUAZU18-150x150.jpg\" class=\"attachment-thumbnail size-thumbnail\" alt=\"\" \/><\/a>\n\t\t\t<\/dt><\/dl><br style=\"clear: both\" \/><dl class='gallery-item'>\n\t\t\t<dt class='gallery-icon portrait'>\n\t\t\t\t<a href='https:\/\/www.professores.uff.br\/tiberio\/45-2\/iguazu17\/'><img loading=\"lazy\" decoding=\"async\" width=\"150\" height=\"150\" src=\"https:\/\/www.professores.uff.br\/tiberio\/wp-content\/uploads\/sites\/89\/2017\/08\/IGUAZU17-150x150.jpg\" class=\"attachment-thumbnail size-thumbnail\" alt=\"\" \/><\/a>\n\t\t\t<\/dt><\/dl><dl class='gallery-item'>\n\t\t\t<dt class='gallery-icon landscape'>\n\t\t\t\t<a href='https:\/\/www.professores.uff.br\/tiberio\/45-2\/dscf5587\/'><img loading=\"lazy\" decoding=\"async\" width=\"150\" height=\"150\" src=\"https:\/\/www.professores.uff.br\/tiberio\/wp-content\/uploads\/sites\/89\/2017\/08\/DSCF5587-150x150.jpg\" class=\"attachment-thumbnail size-thumbnail\" alt=\"\" \/><\/a>\n\t\t\t<\/dt><\/dl><dl class='gallery-item'>\n\t\t\t<dt class='gallery-icon landscape'>\n\t\t\t\t<a href='https:\/\/www.professores.uff.br\/tiberio\/45-2\/dscf5494\/'><img loading=\"lazy\" decoding=\"async\" width=\"150\" height=\"150\" src=\"https:\/\/www.professores.uff.br\/tiberio\/wp-content\/uploads\/sites\/89\/2017\/08\/dscf5494-150x150.jpg\" class=\"attachment-thumbnail size-thumbnail\" alt=\"\" \/><\/a>\n\t\t\t<\/dt><\/dl><dl class='gallery-item'>\n\t\t\t<dt class='gallery-icon landscape'>\n\t\t\t\t<a href='https:\/\/www.professores.uff.br\/tiberio\/45-2\/dscf5474\/'><img loading=\"lazy\" decoding=\"async\" width=\"150\" height=\"150\" src=\"https:\/\/www.professores.uff.br\/tiberio\/wp-content\/uploads\/sites\/89\/2017\/08\/dscf5474-150x150.jpg\" class=\"attachment-thumbnail size-thumbnail\" alt=\"\" \/><\/a>\n\t\t\t<\/dt><\/dl><br style=\"clear: both\" \/><dl class='gallery-item'>\n\t\t\t<dt class='gallery-icon landscape'>\n\t\t\t\t<a href='https:\/\/www.professores.uff.br\/tiberio\/45-2\/dscf5464\/'><img loading=\"lazy\" decoding=\"async\" width=\"150\" height=\"150\" src=\"https:\/\/www.professores.uff.br\/tiberio\/wp-content\/uploads\/sites\/89\/2017\/08\/dscf5464-150x150.jpg\" class=\"attachment-thumbnail size-thumbnail\" alt=\"\" \/><\/a>\n\t\t\t<\/dt><\/dl><dl class='gallery-item'>\n\t\t\t<dt class='gallery-icon landscape'>\n\t\t\t\t<a href='https:\/\/www.professores.uff.br\/tiberio\/45-2\/dscf5411\/'><img loading=\"lazy\" decoding=\"async\" width=\"150\" height=\"150\" src=\"https:\/\/www.professores.uff.br\/tiberio\/wp-content\/uploads\/sites\/89\/2017\/08\/dscf5411-150x150.jpg\" class=\"attachment-thumbnail size-thumbnail\" alt=\"\" \/><\/a>\n\t\t\t<\/dt><\/dl><dl class='gallery-item'>\n\t\t\t<dt class='gallery-icon landscape'>\n\t\t\t\t<a href='https:\/\/www.professores.uff.br\/tiberio\/45-2\/dscf5074\/'><img loading=\"lazy\" decoding=\"async\" width=\"150\" height=\"150\" src=\"https:\/\/www.professores.uff.br\/tiberio\/wp-content\/uploads\/sites\/89\/2017\/08\/dscf5074-150x150.jpg\" class=\"attachment-thumbnail size-thumbnail\" alt=\"\" \/><\/a>\n\t\t\t<\/dt><\/dl><dl class='gallery-item'>\n\t\t\t<dt class='gallery-icon landscape'>\n\t\t\t\t<a href='https:\/\/www.professores.uff.br\/tiberio\/45-2\/dscf3032\/'><img loading=\"lazy\" decoding=\"async\" width=\"150\" height=\"150\" src=\"https:\/\/www.professores.uff.br\/tiberio\/wp-content\/uploads\/sites\/89\/2017\/08\/DSCF3032-150x150.jpg\" class=\"attachment-thumbnail size-thumbnail\" alt=\"\" \/><\/a>\n\t\t\t<\/dt><\/dl><br style=\"clear: both\" \/><dl class='gallery-item'>\n\t\t\t<dt class='gallery-icon landscape'>\n\t\t\t\t<a href='https:\/\/www.professores.uff.br\/tiberio\/45-2\/dscf3031\/'><img loading=\"lazy\" decoding=\"async\" width=\"150\" height=\"150\" src=\"https:\/\/www.professores.uff.br\/tiberio\/wp-content\/uploads\/sites\/89\/2017\/08\/DSCF3031-150x150.jpg\" class=\"attachment-thumbnail size-thumbnail\" alt=\"\" \/><\/a>\n\t\t\t<\/dt><\/dl><dl class='gallery-item'>\n\t\t\t<dt class='gallery-icon portrait'>\n\t\t\t\t<a href='https:\/\/www.professores.uff.br\/tiberio\/45-2\/dscf3017\/'><img loading=\"lazy\" decoding=\"async\" width=\"150\" height=\"150\" src=\"https:\/\/www.professores.uff.br\/tiberio\/wp-content\/uploads\/sites\/89\/2017\/08\/DSCF3017-150x150.jpg\" class=\"attachment-thumbnail size-thumbnail\" alt=\"\" \/><\/a>\n\t\t\t<\/dt><\/dl><dl class='gallery-item'>\n\t\t\t<dt class='gallery-icon landscape'>\n\t\t\t\t<a href='https:\/\/www.professores.uff.br\/tiberio\/45-2\/dscf3012\/'><img loading=\"lazy\" decoding=\"async\" width=\"150\" height=\"150\" src=\"https:\/\/www.professores.uff.br\/tiberio\/wp-content\/uploads\/sites\/89\/2017\/08\/DSCF3012-150x150.jpg\" class=\"attachment-thumbnail size-thumbnail\" alt=\"\" \/><\/a>\n\t\t\t<\/dt><\/dl><dl class='gallery-item'>\n\t\t\t<dt class='gallery-icon landscape'>\n\t\t\t\t<a href='https:\/\/www.professores.uff.br\/tiberio\/45-2\/dscf2697\/'><img loading=\"lazy\" decoding=\"async\" width=\"150\" height=\"150\" src=\"https:\/\/www.professores.uff.br\/tiberio\/wp-content\/uploads\/sites\/89\/2017\/08\/DSCF2697-150x150.jpg\" class=\"attachment-thumbnail size-thumbnail\" alt=\"\" \/><\/a>\n\t\t\t<\/dt><\/dl><br style=\"clear: both\" \/><dl class='gallery-item'>\n\t\t\t<dt class='gallery-icon portrait'>\n\t\t\t\t<a href='https:\/\/www.professores.uff.br\/tiberio\/45-2\/dscf2692\/'><img loading=\"lazy\" decoding=\"async\" width=\"150\" height=\"150\" src=\"https:\/\/www.professores.uff.br\/tiberio\/wp-content\/uploads\/sites\/89\/2017\/08\/DSCF2692-150x150.jpg\" class=\"attachment-thumbnail size-thumbnail\" alt=\"\" \/><\/a>\n\t\t\t<\/dt><\/dl><dl class='gallery-item'>\n\t\t\t<dt class='gallery-icon landscape'>\n\t\t\t\t<a href='https:\/\/www.professores.uff.br\/tiberio\/45-2\/dscf2643\/'><img loading=\"lazy\" decoding=\"async\" width=\"150\" height=\"150\" src=\"https:\/\/www.professores.uff.br\/tiberio\/wp-content\/uploads\/sites\/89\/2017\/08\/DSCF2643-150x150.jpg\" class=\"attachment-thumbnail size-thumbnail\" alt=\"\" \/><\/a>\n\t\t\t<\/dt><\/dl><dl class='gallery-item'>\n\t\t\t<dt class='gallery-icon landscape'>\n\t\t\t\t<a href='https:\/\/www.professores.uff.br\/tiberio\/45-2\/dscf2487\/'><img loading=\"lazy\" decoding=\"async\" width=\"150\" height=\"150\" src=\"https:\/\/www.professores.uff.br\/tiberio\/wp-content\/uploads\/sites\/89\/2017\/08\/dscf2487-150x150.jpg\" class=\"attachment-thumbnail size-thumbnail\" alt=\"\" \/><\/a>\n\t\t\t<\/dt><\/dl><dl class='gallery-item'>\n\t\t\t<dt class='gallery-icon landscape'>\n\t\t\t\t<a href='https:\/\/www.professores.uff.br\/tiberio\/45-2\/dscf2459\/'><img loading=\"lazy\" decoding=\"async\" width=\"150\" height=\"150\" src=\"https:\/\/www.professores.uff.br\/tiberio\/wp-content\/uploads\/sites\/89\/2017\/08\/dscf2459-150x150.jpg\" class=\"attachment-thumbnail size-thumbnail\" alt=\"\" \/><\/a>\n\t\t\t<\/dt><\/dl><br style=\"clear: both\" \/><dl class='gallery-item'>\n\t\t\t<dt class='gallery-icon landscape'>\n\t\t\t\t<a href='https:\/\/www.professores.uff.br\/tiberio\/45-2\/dsc03644\/'><img loading=\"lazy\" decoding=\"async\" width=\"150\" height=\"150\" src=\"https:\/\/www.professores.uff.br\/tiberio\/wp-content\/uploads\/sites\/89\/2017\/08\/DSC03644-150x150.jpg\" class=\"attachment-thumbnail size-thumbnail\" alt=\"\" \/><\/a>\n\t\t\t<\/dt><\/dl><dl class='gallery-item'>\n\t\t\t<dt class='gallery-icon landscape'>\n\t\t\t\t<a href='https:\/\/www.professores.uff.br\/tiberio\/45-2\/dsc03610\/'><img loading=\"lazy\" decoding=\"async\" width=\"150\" height=\"150\" src=\"https:\/\/www.professores.uff.br\/tiberio\/wp-content\/uploads\/sites\/89\/2017\/08\/DSC03610-150x150.jpg\" class=\"attachment-thumbnail size-thumbnail\" alt=\"\" \/><\/a>\n\t\t\t<\/dt><\/dl><dl class='gallery-item'>\n\t\t\t<dt class='gallery-icon landscape'>\n\t\t\t\t<a href='https:\/\/www.professores.uff.br\/tiberio\/45-2\/dsc03560\/'><img loading=\"lazy\" decoding=\"async\" width=\"150\" height=\"150\" src=\"https:\/\/www.professores.uff.br\/tiberio\/wp-content\/uploads\/sites\/89\/2017\/08\/DSC03560-150x150.jpg\" class=\"attachment-thumbnail size-thumbnail\" alt=\"\" \/><\/a>\n\t\t\t<\/dt><\/dl><dl class='gallery-item'>\n\t\t\t<dt class='gallery-icon landscape'>\n\t\t\t\t<a href='https:\/\/www.professores.uff.br\/tiberio\/45-2\/dsc03376\/'><img loading=\"lazy\" decoding=\"async\" width=\"150\" height=\"150\" src=\"https:\/\/www.professores.uff.br\/tiberio\/wp-content\/uploads\/sites\/89\/2017\/08\/DSC03376-150x150.jpg\" class=\"attachment-thumbnail size-thumbnail\" alt=\"\" \/><\/a>\n\t\t\t<\/dt><\/dl><br style=\"clear: both\" \/><dl class='gallery-item'>\n\t\t\t<dt class='gallery-icon portrait'>\n\t\t\t\t<a href='https:\/\/www.professores.uff.br\/tiberio\/45-2\/dsc03125\/'><img loading=\"lazy\" decoding=\"async\" width=\"150\" height=\"150\" src=\"https:\/\/www.professores.uff.br\/tiberio\/wp-content\/uploads\/sites\/89\/2017\/08\/DSC03125-150x150.jpg\" class=\"attachment-thumbnail size-thumbnail\" alt=\"\" \/><\/a>\n\t\t\t<\/dt><\/dl><dl class='gallery-item'>\n\t\t\t<dt class='gallery-icon landscape'>\n\t\t\t\t<a href='https:\/\/www.professores.uff.br\/tiberio\/45-2\/dsc03110\/'><img loading=\"lazy\" decoding=\"async\" width=\"150\" height=\"150\" src=\"https:\/\/www.professores.uff.br\/tiberio\/wp-content\/uploads\/sites\/89\/2017\/08\/DSC03110-150x150.jpg\" class=\"attachment-thumbnail size-thumbnail\" alt=\"\" \/><\/a>\n\t\t\t<\/dt><\/dl><dl class='gallery-item'>\n\t\t\t<dt class='gallery-icon landscape'>\n\t\t\t\t<a href='https:\/\/www.professores.uff.br\/tiberio\/45-2\/dsc03030\/'><img loading=\"lazy\" decoding=\"async\" width=\"150\" height=\"150\" src=\"https:\/\/www.professores.uff.br\/tiberio\/wp-content\/uploads\/sites\/89\/2017\/08\/DSC03030-150x150.jpg\" class=\"attachment-thumbnail size-thumbnail\" alt=\"\" \/><\/a>\n\t\t\t<\/dt><\/dl><dl class='gallery-item'>\n\t\t\t<dt class='gallery-icon landscape'>\n\t\t\t\t<a href='https:\/\/www.professores.uff.br\/tiberio\/45-2\/dsc02962\/'><img loading=\"lazy\" decoding=\"async\" width=\"150\" height=\"150\" src=\"https:\/\/www.professores.uff.br\/tiberio\/wp-content\/uploads\/sites\/89\/2017\/08\/dsc02962-150x150.jpg\" class=\"attachment-thumbnail size-thumbnail\" alt=\"\" \/><\/a>\n\t\t\t<\/dt><\/dl><br style=\"clear: both\" \/><dl class='gallery-item'>\n\t\t\t<dt class='gallery-icon landscape'>\n\t\t\t\t<a href='https:\/\/www.professores.uff.br\/tiberio\/45-2\/dsc02961\/'><img loading=\"lazy\" decoding=\"async\" width=\"150\" height=\"150\" src=\"https:\/\/www.professores.uff.br\/tiberio\/wp-content\/uploads\/sites\/89\/2017\/08\/DSC02961-150x150.jpg\" class=\"attachment-thumbnail size-thumbnail\" alt=\"\" \/><\/a>\n\t\t\t<\/dt><\/dl><dl class='gallery-item'>\n\t\t\t<dt class='gallery-icon landscape'>\n\t\t\t\t<a href='https:\/\/www.professores.uff.br\/tiberio\/45-2\/dsc02957\/'><img loading=\"lazy\" decoding=\"async\" width=\"150\" height=\"150\" src=\"https:\/\/www.professores.uff.br\/tiberio\/wp-content\/uploads\/sites\/89\/2017\/08\/DSC02957-150x150.jpg\" class=\"attachment-thumbnail size-thumbnail\" alt=\"\" \/><\/a>\n\t\t\t<\/dt><\/dl><dl class='gallery-item'>\n\t\t\t<dt class='gallery-icon landscape'>\n\t\t\t\t<a href='https:\/\/www.professores.uff.br\/tiberio\/45-2\/dsc02952\/'><img loading=\"lazy\" decoding=\"async\" width=\"150\" height=\"150\" src=\"https:\/\/www.professores.uff.br\/tiberio\/wp-content\/uploads\/sites\/89\/2017\/08\/dsc02952-150x150.jpg\" class=\"attachment-thumbnail size-thumbnail\" alt=\"\" \/><\/a>\n\t\t\t<\/dt><\/dl><dl class='gallery-item'>\n\t\t\t<dt class='gallery-icon landscape'>\n\t\t\t\t<a href='https:\/\/www.professores.uff.br\/tiberio\/45-2\/dsc02755\/'><img loading=\"lazy\" decoding=\"async\" width=\"150\" height=\"150\" src=\"https:\/\/www.professores.uff.br\/tiberio\/wp-content\/uploads\/sites\/89\/2017\/08\/DSC02755-150x150.jpg\" class=\"attachment-thumbnail size-thumbnail\" alt=\"\" \/><\/a>\n\t\t\t<\/dt><\/dl><br style=\"clear: both\" \/><dl class='gallery-item'>\n\t\t\t<dt class='gallery-icon portrait'>\n\t\t\t\t<a href='https:\/\/www.professores.uff.br\/tiberio\/45-2\/dsc02625\/'><img loading=\"lazy\" decoding=\"async\" width=\"150\" height=\"150\" src=\"https:\/\/www.professores.uff.br\/tiberio\/wp-content\/uploads\/sites\/89\/2017\/08\/DSC02625-150x150.jpg\" class=\"attachment-thumbnail size-thumbnail\" alt=\"\" \/><\/a>\n\t\t\t<\/dt><\/dl><dl class='gallery-item'>\n\t\t\t<dt class='gallery-icon portrait'>\n\t\t\t\t<a href='https:\/\/www.professores.uff.br\/tiberio\/45-2\/dsc02153\/'><img loading=\"lazy\" decoding=\"async\" width=\"150\" height=\"150\" src=\"https:\/\/www.professores.uff.br\/tiberio\/wp-content\/uploads\/sites\/89\/2017\/08\/DSC02153-150x150.jpg\" class=\"attachment-thumbnail size-thumbnail\" alt=\"\" \/><\/a>\n\t\t\t<\/dt><\/dl><dl class='gallery-item'>\n\t\t\t<dt class='gallery-icon landscape'>\n\t\t\t\t<a href='https:\/\/www.professores.uff.br\/tiberio\/45-2\/dsc01666\/'><img loading=\"lazy\" decoding=\"async\" width=\"150\" height=\"150\" src=\"https:\/\/www.professores.uff.br\/tiberio\/wp-content\/uploads\/sites\/89\/2017\/08\/DSC01666-150x150.jpg\" class=\"attachment-thumbnail size-thumbnail\" alt=\"\" \/><\/a>\n\t\t\t<\/dt><\/dl><dl class='gallery-item'>\n\t\t\t<dt class='gallery-icon landscape'>\n\t\t\t\t<a href='https:\/\/www.professores.uff.br\/tiberio\/45-2\/dsc01659\/'><img loading=\"lazy\" decoding=\"async\" width=\"150\" height=\"150\" src=\"https:\/\/www.professores.uff.br\/tiberio\/wp-content\/uploads\/sites\/89\/2017\/08\/DSC01659-150x150.jpg\" class=\"attachment-thumbnail size-thumbnail\" alt=\"\" \/><\/a>\n\t\t\t<\/dt><\/dl><br style=\"clear: both\" \/><dl class='gallery-item'>\n\t\t\t<dt class='gallery-icon landscape'>\n\t\t\t\t<a href='https:\/\/www.professores.uff.br\/tiberio\/45-2\/dsc01640\/'><img loading=\"lazy\" decoding=\"async\" width=\"150\" height=\"150\" src=\"https:\/\/www.professores.uff.br\/tiberio\/wp-content\/uploads\/sites\/89\/2017\/08\/DSC01640-150x150.jpg\" class=\"attachment-thumbnail size-thumbnail\" alt=\"\" \/><\/a>\n\t\t\t<\/dt><\/dl><dl class='gallery-item'>\n\t\t\t<dt class='gallery-icon landscape'>\n\t\t\t\t<a href='https:\/\/www.professores.uff.br\/tiberio\/45-2\/dsc01493\/'><img loading=\"lazy\" decoding=\"async\" width=\"150\" height=\"150\" src=\"https:\/\/www.professores.uff.br\/tiberio\/wp-content\/uploads\/sites\/89\/2017\/08\/DSC01493-150x150.jpg\" class=\"attachment-thumbnail size-thumbnail\" alt=\"\" \/><\/a>\n\t\t\t<\/dt><\/dl><dl class='gallery-item'>\n\t\t\t<dt class='gallery-icon landscape'>\n\t\t\t\t<a href='https:\/\/www.professores.uff.br\/tiberio\/45-2\/dsc01331\/'><img loading=\"lazy\" decoding=\"async\" width=\"150\" height=\"150\" src=\"https:\/\/www.professores.uff.br\/tiberio\/wp-content\/uploads\/sites\/89\/2017\/08\/DSC01331-150x150.jpg\" class=\"attachment-thumbnail size-thumbnail\" alt=\"\" \/><\/a>\n\t\t\t<\/dt><\/dl><dl class='gallery-item'>\n\t\t\t<dt class='gallery-icon landscape'>\n\t\t\t\t<a href='https:\/\/www.professores.uff.br\/tiberio\/45-2\/dsc01271\/'><img loading=\"lazy\" decoding=\"async\" width=\"150\" height=\"150\" src=\"https:\/\/www.professores.uff.br\/tiberio\/wp-content\/uploads\/sites\/89\/2017\/08\/DSC01271-150x150.jpg\" class=\"attachment-thumbnail size-thumbnail\" alt=\"\" \/><\/a>\n\t\t\t<\/dt><\/dl><br style=\"clear: both\" \/><dl class='gallery-item'>\n\t\t\t<dt class='gallery-icon portrait'>\n\t\t\t\t<a href='https:\/\/www.professores.uff.br\/tiberio\/45-2\/dsc00858\/'><img loading=\"lazy\" decoding=\"async\" width=\"150\" height=\"150\" src=\"https:\/\/www.professores.uff.br\/tiberio\/wp-content\/uploads\/sites\/89\/2017\/08\/DSC00858-150x150.jpg\" class=\"attachment-thumbnail size-thumbnail\" alt=\"\" \/><\/a>\n\t\t\t<\/dt><\/dl><dl class='gallery-item'>\n\t\t\t<dt class='gallery-icon landscape'>\n\t\t\t\t<a href='https:\/\/www.professores.uff.br\/tiberio\/45-2\/dsc00321\/'><img loading=\"lazy\" decoding=\"async\" width=\"150\" height=\"150\" src=\"https:\/\/www.professores.uff.br\/tiberio\/wp-content\/uploads\/sites\/89\/2017\/08\/DSC00321-150x150.jpg\" class=\"attachment-thumbnail size-thumbnail\" alt=\"\" \/><\/a>\n\t\t\t<\/dt><\/dl><dl class='gallery-item'>\n\t\t\t<dt class='gallery-icon landscape'>\n\t\t\t\t<a href='https:\/\/www.professores.uff.br\/tiberio\/45-2\/dsc00079\/'><img loading=\"lazy\" decoding=\"async\" width=\"150\" height=\"150\" src=\"https:\/\/www.professores.uff.br\/tiberio\/wp-content\/uploads\/sites\/89\/2017\/08\/DSC00079-150x150.jpg\" class=\"attachment-thumbnail size-thumbnail\" alt=\"\" \/><\/a>\n\t\t\t<\/dt><\/dl><dl class='gallery-item'>\n\t\t\t<dt class='gallery-icon landscape'>\n\t\t\t\t<a href='https:\/\/www.professores.uff.br\/tiberio\/45-2\/dsc_1816\/'><img loading=\"lazy\" decoding=\"async\" width=\"150\" height=\"150\" src=\"https:\/\/www.professores.uff.br\/tiberio\/wp-content\/uploads\/sites\/89\/2017\/08\/DSC_1816-150x150.jpg\" class=\"attachment-thumbnail size-thumbnail\" alt=\"\" \/><\/a>\n\t\t\t<\/dt><\/dl><br style=\"clear: both\" \/><dl class='gallery-item'>\n\t\t\t<dt class='gallery-icon portrait'>\n\t\t\t\t<a href='https:\/\/www.professores.uff.br\/tiberio\/45-2\/02-03-12-230\/'><img loading=\"lazy\" decoding=\"async\" width=\"150\" height=\"150\" src=\"https:\/\/www.professores.uff.br\/tiberio\/wp-content\/uploads\/sites\/89\/2017\/08\/02-03-12-230-150x150.jpg\" class=\"attachment-thumbnail size-thumbnail\" alt=\"\" \/><\/a>\n\t\t\t<\/dt><\/dl>\n\t\t\t<br style='clear: both' \/>\n\t\t<\/div>\n\n<\/div>\n","protected":false},"excerpt":{"rendered":"<p>\u00a0Um pouco sobre mim&#8230; Nascido na cidade maravilhosa do Rio de Janeiro, cresci por l\u00e1 at\u00e9 a adolesc\u00eancia, quando minha fam\u00edlia e eu nos mudamos para Juiz de Fora\/MG. Apesar de ter nascido numa cidade litor\u00e2nea, desde a inf\u00e2ncia sempre fui fascinado pelas montanhas de Minas. Mas a adapta\u00e7\u00e3o nem sempre \u00e9 f\u00e1cil, e no [&hellip;]<\/p>\n","protected":false},"author":70,"featured_media":0,"parent":0,"menu_order":0,"comment_status":"closed","ping_status":"closed","template":"","meta":{"_exactmetrics_skip_tracking":false,"_exactmetrics_sitenote_active":false,"_exactmetrics_sitenote_note":"","_exactmetrics_sitenote_category":0,"footnotes":""},"categories":[],"tags":[],"class_list":["post-45","page","type-page","status-publish","hentry"],"_links":{"self":[{"href":"https:\/\/www.professores.uff.br\/tiberio\/wp-json\/wp\/v2\/pages\/45","targetHints":{"allow":["GET"]}}],"collection":[{"href":"https:\/\/www.professores.uff.br\/tiberio\/wp-json\/wp\/v2\/pages"}],"about":[{"href":"https:\/\/www.professores.uff.br\/tiberio\/wp-json\/wp\/v2\/types\/page"}],"author":[{"embeddable":true,"href":"https:\/\/www.professores.uff.br\/tiberio\/wp-json\/wp\/v2\/users\/70"}],"replies":[{"embeddable":true,"href":"https:\/\/www.professores.uff.br\/tiberio\/wp-json\/wp\/v2\/comments?post=45"}],"version-history":[{"count":5,"href":"https:\/\/www.professores.uff.br\/tiberio\/wp-json\/wp\/v2\/pages\/45\/revisions"}],"predecessor-version":[{"id":98,"href":"https:\/\/www.professores.uff.br\/tiberio\/wp-json\/wp\/v2\/pages\/45\/revisions\/98"}],"wp:attachment":[{"href":"https:\/\/www.professores.uff.br\/tiberio\/wp-json\/wp\/v2\/media?parent=45"}],"wp:term":[{"taxonomy":"category","embeddable":true,"href":"https:\/\/www.professores.uff.br\/tiberio\/wp-json\/wp\/v2\/categories?post=45"},{"taxonomy":"post_tag","embeddable":true,"href":"https:\/\/www.professores.uff.br\/tiberio\/wp-json\/wp\/v2\/tags?post=45"}],"curies":[{"name":"wp","href":"https:\/\/api.w.org\/{rel}","templated":true}]}}