{"id":99,"date":"2017-08-17T10:21:26","date_gmt":"2017-08-17T13:21:26","guid":{"rendered":"http:\/\/www.professores.uff.br\/tiberio\/?page_id=99"},"modified":"2021-05-31T16:04:38","modified_gmt":"2021-05-31T19:04:38","slug":"palestras","status":"publish","type":"page","link":"https:\/\/www.professores.uff.br\/tiberio\/palestras\/","title":{"rendered":"Palestras"},"content":{"rendered":"<p><a href=\"http:\/\/www.professores.uff.br\/tiberio\/wp-content\/uploads\/sites\/89\/2021\/05\/palestra-IFSudesteMG.pdf\">Evolu\u00e7\u00e3o Estelar (palestra apresentada no IFC em Rio do Sul\/SC &#8211; junho\/2013, no IFF\/Itaperuna &#8211; agosto\/2013, no INFES\/UFF em P\u00e1dua\/RJ &#8211; outubro\/2013 e, no IFSudesteMG em Juiz de Fora\/MG &#8211; novembro\/2013)<\/a><\/p>\n<p><a href=\"http:\/\/www.professores.uff.br\/tiberio\/wp-content\/uploads\/sites\/89\/2021\/05\/palestra-ondas-gravitacionais-2-itaperuna.pdf\">A primeira detec\u00e7\u00e3o de Ondas Gravitacionais (CEDERJ em Itaperuna\/RJ &#8211; agosto\/2016)<\/a><\/p>\n<p><a href=\"http:\/\/www.professores.uff.br\/tiberio\/analise-covid-padua-e-regiao\/\">An\u00e1lise da evolu\u00e7\u00e3o da epidemia COVID-19 em Santo Ant\u00f4nio de P\u00e1dua e regi\u00e3o (11\/06\/2020)<\/a><\/p>\n<p><a href=\"http:\/\/www.professores.uff.br\/tiberio\/comentarios-execucao-financeira\">Coment\u00e1rios sobre Execu\u00e7\u00e3o Financeira das Unidades Acad\u00eamicas da UFF (16\/07\/2020)<\/a><\/p>\n\n\n<p><\/p>\n","protected":false},"excerpt":{"rendered":"<p>Evolu\u00e7\u00e3o Estelar (palestra apresentada no IFC em Rio do Sul\/SC &#8211; junho\/2013, no IFF\/Itaperuna &#8211; agosto\/2013, no INFES\/UFF em P\u00e1dua\/RJ &#8211; outubro\/2013 e, no IFSudesteMG em Juiz de Fora\/MG &#8211; novembro\/2013) A primeira detec\u00e7\u00e3o de Ondas Gravitacionais (CEDERJ em Itaperuna\/RJ &#8211; agosto\/2016) An\u00e1lise da evolu\u00e7\u00e3o da epidemia COVID-19 em Santo Ant\u00f4nio de P\u00e1dua e regi\u00e3o [&hellip;]<\/p>\n","protected":false},"author":70,"featured_media":0,"parent":0,"menu_order":0,"comment_status":"closed","ping_status":"closed","template":"","meta":{"_exactmetrics_skip_tracking":false,"_exactmetrics_sitenote_active":false,"_exactmetrics_sitenote_note":"","_exactmetrics_sitenote_category":0,"footnotes":""},"categories":[],"tags":[],"class_list":["post-99","page","type-page","status-publish","hentry"],"_links":{"self":[{"href":"https:\/\/www.professores.uff.br\/tiberio\/wp-json\/wp\/v2\/pages\/99","targetHints":{"allow":["GET"]}}],"collection":[{"href":"https:\/\/www.professores.uff.br\/tiberio\/wp-json\/wp\/v2\/pages"}],"about":[{"href":"https:\/\/www.professores.uff.br\/tiberio\/wp-json\/wp\/v2\/types\/page"}],"author":[{"embeddable":true,"href":"https:\/\/www.professores.uff.br\/tiberio\/wp-json\/wp\/v2\/users\/70"}],"replies":[{"embeddable":true,"href":"https:\/\/www.professores.uff.br\/tiberio\/wp-json\/wp\/v2\/comments?post=99"}],"version-history":[{"count":11,"href":"https:\/\/www.professores.uff.br\/tiberio\/wp-json\/wp\/v2\/pages\/99\/revisions"}],"predecessor-version":[{"id":278,"href":"https:\/\/www.professores.uff.br\/tiberio\/wp-json\/wp\/v2\/pages\/99\/revisions\/278"}],"wp:attachment":[{"href":"https:\/\/www.professores.uff.br\/tiberio\/wp-json\/wp\/v2\/media?parent=99"}],"wp:term":[{"taxonomy":"category","embeddable":true,"href":"https:\/\/www.professores.uff.br\/tiberio\/wp-json\/wp\/v2\/categories?post=99"},{"taxonomy":"post_tag","embeddable":true,"href":"https:\/\/www.professores.uff.br\/tiberio\/wp-json\/wp\/v2\/tags?post=99"}],"curies":[{"name":"wp","href":"https:\/\/api.w.org\/{rel}","templated":true}]}}