{"id":474,"date":"2022-12-14T08:30:36","date_gmt":"2022-12-14T11:30:36","guid":{"rendered":"http:\/\/www.professores.uff.br\/tlmartins\/?page_id=474"},"modified":"2024-02-27T01:22:15","modified_gmt":"2024-02-27T04:22:15","slug":"research-projects","status":"publish","type":"page","link":"https:\/\/www.professores.uff.br\/tlmartins\/?page_id=474","title":{"rendered":"Research projects"},"content":{"rendered":"\n<div style=\"height:20px\" aria-hidden=\"true\" class=\"wp-block-spacer\"><\/div>\n\n\n\n<h4 class=\"wp-block-heading\"><strong>Current<\/strong><\/h4>\n\n\n\n<div style=\"height:20px\" aria-hidden=\"true\" class=\"wp-block-spacer\"><\/div>\n\n\n\n<ul style=\"line-height: 2.0\">\n<li><em>Fronteiras na Teoria de Ramsey<\/em><br>\nUniversal CNPq 406248\/2021-4 &#8211; Coordenado por Guilherme Oliveira Mota &#8211; (03\/2022 &#8211; 03\/2025)<\/li>\n<li><em>Probabilidade: Aplica\u00e7\u00f5es e desafios<\/em><br>\nTem\u00e1tico FAPERJ &#8211; Coordenado por Cl\u00e1udio Landim &#8211; (04\/2022 &#8211; 03\/2024)<\/li>\n<li><em>Colors, dimension and covers in graphs<\/em><br>\nCAPES AMSUD230035 &#8211; Coordenado por F\u00e1bio Happ\nBotler &#8211; (01\/2024 &#8211; 12\/2025)<\/li>\n<\/ul>\n\n\n\n<p><\/p>\n","protected":false},"excerpt":{"rendered":"<p>Current Fronteiras na Teoria de Ramsey Universal CNPq 406248\/2021-4 &#8211; Coordenado por Guilherme Oliveira Mota &#8211; (03\/2022 &#8211; 03\/2025) Probabilidade: Aplica\u00e7\u00f5es e desafios Tem\u00e1tico FAPERJ &#8211; Coordenado por Cl\u00e1udio Landim &#8211; (04\/2022 &#8211; 03\/2024) Colors, dimension and covers in graphs CAPES AMSUD230035 &#8211; Coordenado por F\u00e1bio Happ Botler &#8211; (01\/2024 &#8211; 12\/2025)<\/p>\n","protected":false},"author":233,"featured_media":0,"parent":0,"menu_order":0,"comment_status":"closed","ping_status":"closed","template":"","meta":{"_exactmetrics_skip_tracking":false,"_exactmetrics_sitenote_active":false,"_exactmetrics_sitenote_note":"","_exactmetrics_sitenote_category":0,"footnotes":""},"categories":[],"tags":[],"class_list":["post-474","page","type-page","status-publish","hentry"],"_links":{"self":[{"href":"https:\/\/www.professores.uff.br\/tlmartins\/index.php?rest_route=\/wp\/v2\/pages\/474","targetHints":{"allow":["GET"]}}],"collection":[{"href":"https:\/\/www.professores.uff.br\/tlmartins\/index.php?rest_route=\/wp\/v2\/pages"}],"about":[{"href":"https:\/\/www.professores.uff.br\/tlmartins\/index.php?rest_route=\/wp\/v2\/types\/page"}],"author":[{"embeddable":true,"href":"https:\/\/www.professores.uff.br\/tlmartins\/index.php?rest_route=\/wp\/v2\/users\/233"}],"replies":[{"embeddable":true,"href":"https:\/\/www.professores.uff.br\/tlmartins\/index.php?rest_route=%2Fwp%2Fv2%2Fcomments&post=474"}],"version-history":[{"count":10,"href":"https:\/\/www.professores.uff.br\/tlmartins\/index.php?rest_route=\/wp\/v2\/pages\/474\/revisions"}],"predecessor-version":[{"id":544,"href":"https:\/\/www.professores.uff.br\/tlmartins\/index.php?rest_route=\/wp\/v2\/pages\/474\/revisions\/544"}],"wp:attachment":[{"href":"https:\/\/www.professores.uff.br\/tlmartins\/index.php?rest_route=%2Fwp%2Fv2%2Fmedia&parent=474"}],"wp:term":[{"taxonomy":"category","embeddable":true,"href":"https:\/\/www.professores.uff.br\/tlmartins\/index.php?rest_route=%2Fwp%2Fv2%2Fcategories&post=474"},{"taxonomy":"post_tag","embeddable":true,"href":"https:\/\/www.professores.uff.br\/tlmartins\/index.php?rest_route=%2Fwp%2Fv2%2Ftags&post=474"}],"curies":[{"name":"wp","href":"https:\/\/api.w.org\/{rel}","templated":true}]}}