{"id":545,"date":"2024-02-27T01:47:02","date_gmt":"2024-02-27T04:47:02","guid":{"rendered":"http:\/\/www.professores.uff.br\/tlmartins\/?page_id=545"},"modified":"2024-02-27T01:50:15","modified_gmt":"2024-02-27T04:50:15","slug":"scientific-events","status":"publish","type":"page","link":"https:\/\/www.professores.uff.br\/tlmartins\/?page_id=545","title":{"rendered":"Scientific events"},"content":{"rendered":"\n<div style=\"height:20px\" aria-hidden=\"true\" class=\"wp-block-spacer\"><\/div>\n\n\n\n<h4 class=\"wp-block-heading\">Organization of events<\/h4>\n\n\n\n<ul class=\"wp-block-list\"><li>2024 &#8211; 1o WBC &#8211; Workshop Brasileiro de Combinat\u00f3ria<\/li><li>2023 &#8211;&nbsp;<a href=\"https:\/\/impa.br\/en_US\/eventos-do-impa\/2023-2\/1a-escola-brasileira-de-combinatoria\/\">1a EBC &#8211; Escola Brasileira de Combinat\u00f3ria<\/a><\/li><\/ul>\n\n\n\n<div style=\"height:20px\" aria-hidden=\"true\" class=\"wp-block-spacer\"><\/div>\n\n\n\n<h4 class=\"wp-block-heading\">Conferences and workshops I attended \/ plan to attend<\/h4>\n\n\n\n<ul class=\"wp-block-list\"><li><a href=\"https:\">1o Workshop Brasileiro de Combinat\u00f3ria<\/a>&nbsp;&#8211; Salvador, Bahia, Brazil, June &#8211; 2024<\/li><li><a href=\"https:\/\/impa.br\/en_US\/eventos-do-impa\/2023-2\/1a-escola-brasileira-de-combinatoria\/\">1a EBC &#8211; Escola Brasileira de Combinat\u00f3ria<\/a>&nbsp;S\u00e3o Paulo, Brazil, September 11-15 &#8211; 2023<\/li><li><a href=\"https:\/\/impa.br\/en_US\/eventos-do-impa\/2023-2\/34o-coloquio-brasileiro-de-matematica-cbm\/\">34o Col\u00f3quio Brasileiro de Matem\u00e1tica<\/a>&nbsp;&#8211; Rio de Janeiro, Brazil, Julho 24-28 &#8211; 2023<\/li><li>CanaDAM 2023.<\/li><li><a href=\"https:\/\/impa.br\/en_US\/eventos-do-impa\/2023-2\/34o-coloquio-brasileiro-de-matematica-cbm\/\">1o Workshop Pernambucano de Combinat\u00f3ria Extremal<\/a>&nbsp;&#8211; Pernambuco, Brazil, Fevereiro 13-17 &#8211; 2023<\/li><li><a href=\"https:\/\/sites.google.com\/view\/ecbpm\/\">Encontro conjunto Brasil-Portugal em Matem\u00e1tica<\/a>&nbsp;&#8211; Bahia, Brazil, August 14-20 &#8211; 2022<\/li><li>Encontro Mulheres Matem\u00e1ticas do IMPA.Como me tornei uma matem\u00e1tica.&nbsp;<\/li><li><a href=\"http:\/\/professor.ufabc.edu.br\/~carla.negri\/wopoca\/2022\/\">WoPOCA &#8211; 5\u00b0 Workshop Paulista em Otimiza\u00e7\u00e3o, Combinat\u00f3ria e Algoritmos<\/a><\/li><li>IX Workshop de Matem\u00e1tica Discreta e Aplica\u00e7\u00f5es.Panorama da Combinat\u00f3ria no Brasil. 2021.&nbsp;<\/li><li><a href=\"https:\/\/impa.br\/en_US\/eventos-do-impa\/2021-2\/33cbm\/\">33\u00b0 Col\u00f3quio Brasileiro de Matem\u00e1tica<\/a>&nbsp;&#8211; Rio de Janeiro, Brazil, August 2-6 &#8211; 2021<\/li><li><a href=\"http:\/\/eventos.ufabc.edu.br\/lagos2021\/\">LAGOS 2021 &#8211; XI Latin and American Algorithms, Graphs and Optimization Symposium<\/a>&nbsp;&#8211; Online, May 17-21 &#8211; 2021<\/li><li><a href=\"http:\/\/professor.ufabc.edu.br\/~carla.negri\/wopoca2019\/\">WoPOCA &#8211; 3\u00b0 Workshop Paulista em Otimiza\u00e7\u00e3o, Combinat\u00f3ria e Algoritmos<\/a>&nbsp;&#8211; Nazar\u00e9 Paulista, S\u00e3o Paulo, Brazil, September 4-8 &#8211; 2019<\/li><li>32\u00b0 Col\u00f3quio Brasileiro de Matem\u00e1tica. Weak saturation numbers of complete bipartite graphs. 2019.<\/li><li>I Escola Regional de Teoria da Computa\u00e7\u00e3o &#8211; TeoCOMP-NE.Satura\u00e7\u00e3o fraca de grafos bipartidos completos. 2019. <\/li><li>Building Bridges II. Step Sidorenko property and non norming edge-transitive graphs. 2018. <\/li><li>Graphs and Randomness Workshop. Step Sidorenko property and non norming edge-transitive graphs. 2018. <\/li><li>SIAM Conference on Discrete Mathematics. Step Sidorenko Property and Non-Norming Edge-Transitive Graphs. 2018. <\/li><li>One-day meeting in Combinatorics at Oxford. 2017.<\/li><li>Random Structures and Algorithms (RS&amp;A). Finitely forcible graph limits are universal. 2017. <\/li><li>Summer School on Random Graphs and Probabilistic Methods. 2017. <\/li><li>Two one-day Colloquia in Combinatorics. 2017.<\/li><li>Workshop on Analytic Combinatorics.Finitely forcible graph limits are universal. 2017.<\/li><li>Workshop on Structure in Graphs and Matroids (SiGMa). Finitely forcible graph limits are universal. 2017. <\/li><li>One-day meeting in Combinatorics at Oxford. 2016. <\/li><li><a href=\"http:\/\/w3.impa.br\/~graphs2018\/index.html\">IMPA semester on Combinatorics &#8211; Thematic program &#8211; Graphs<\/a>&nbsp;&#8211; Rio de Janeiro, Brazil, January 14-21 &#8211; 2018\/<\/li><li><a href=\"http:\/\/www.ime.usp.br\/~spschool2016\/\">S\u00e3o Paulo School of Advanced Science on Algorithms, Combinatorics and Optimization<\/a>&nbsp;&#8211; S\u00e3o Paulo, Brazil, July 18-29 &#8211; 2016<\/li><li>SIAM Discrete Mathematics. Graph Limits &#8211; Finite Forcibility and Computability. 2016. <\/li><li>Two one-day Colloquia in Combinatorics. 2016. <\/li><li>Workshop on Algorithms, Logic and Structure.Graph Limits &#8211; Finite Forcibility and Computability. 2016. <\/li><li>XI Escuela de Verano en Matem\u00e1ticas Discretas. 2016. <\/li><li>25th British Combinatorial Conference. 2015.<\/li><li>Colloquia in Combinatorics at London School of Economics and Political Science. 2015. <\/li><li>LMS-CMI Research School &#8220;Regularity and Analytic Methods in Combinatorics&#8221;. 2015. <\/li><li>One-day meeting in Combinatorics at Oxford. 2015.<\/li><\/ul>\n\n\n\n<p><\/p>\n","protected":false},"excerpt":{"rendered":"<p>Organization of events 2024 &#8211; 1o WBC &#8211; Workshop Brasileiro de Combinat\u00f3ria 2023 &#8211;&nbsp;1a EBC &#8211; Escola Brasileira de Combinat\u00f3ria Conferences and workshops I attended \/ plan to attend 1o Workshop Brasileiro de Combinat\u00f3ria&nbsp;&#8211; Salvador, Bahia, Brazil, June &#8211; 2024 1a EBC &#8211; Escola Brasileira de Combinat\u00f3ria&nbsp;S\u00e3o Paulo, Brazil, September 11-15 &#8211; 2023 34o Col\u00f3quio [&hellip;]<\/p>\n","protected":false},"author":233,"featured_media":0,"parent":0,"menu_order":0,"comment_status":"closed","ping_status":"closed","template":"","meta":{"_exactmetrics_skip_tracking":false,"_exactmetrics_sitenote_active":false,"_exactmetrics_sitenote_note":"","_exactmetrics_sitenote_category":0,"footnotes":""},"categories":[],"tags":[],"class_list":["post-545","page","type-page","status-publish","hentry"],"_links":{"self":[{"href":"https:\/\/www.professores.uff.br\/tlmartins\/index.php?rest_route=\/wp\/v2\/pages\/545","targetHints":{"allow":["GET"]}}],"collection":[{"href":"https:\/\/www.professores.uff.br\/tlmartins\/index.php?rest_route=\/wp\/v2\/pages"}],"about":[{"href":"https:\/\/www.professores.uff.br\/tlmartins\/index.php?rest_route=\/wp\/v2\/types\/page"}],"author":[{"embeddable":true,"href":"https:\/\/www.professores.uff.br\/tlmartins\/index.php?rest_route=\/wp\/v2\/users\/233"}],"replies":[{"embeddable":true,"href":"https:\/\/www.professores.uff.br\/tlmartins\/index.php?rest_route=%2Fwp%2Fv2%2Fcomments&post=545"}],"version-history":[{"count":3,"href":"https:\/\/www.professores.uff.br\/tlmartins\/index.php?rest_route=\/wp\/v2\/pages\/545\/revisions"}],"predecessor-version":[{"id":551,"href":"https:\/\/www.professores.uff.br\/tlmartins\/index.php?rest_route=\/wp\/v2\/pages\/545\/revisions\/551"}],"wp:attachment":[{"href":"https:\/\/www.professores.uff.br\/tlmartins\/index.php?rest_route=%2Fwp%2Fv2%2Fmedia&parent=545"}],"wp:term":[{"taxonomy":"category","embeddable":true,"href":"https:\/\/www.professores.uff.br\/tlmartins\/index.php?rest_route=%2Fwp%2Fv2%2Fcategories&post=545"},{"taxonomy":"post_tag","embeddable":true,"href":"https:\/\/www.professores.uff.br\/tlmartins\/index.php?rest_route=%2Fwp%2Fv2%2Ftags&post=545"}],"curies":[{"name":"wp","href":"https:\/\/api.w.org\/{rel}","templated":true}]}}