{"id":80,"date":"2020-03-16T16:41:20","date_gmt":"2020-03-16T19:41:20","guid":{"rendered":"http:\/\/www.professores.uff.br\/tlmartins\/?page_id=80"},"modified":"2024-02-27T01:27:38","modified_gmt":"2024-02-27T04:27:38","slug":"students","status":"publish","type":"page","link":"https:\/\/www.professores.uff.br\/tlmartins\/?page_id=80","title":{"rendered":"Students"},"content":{"rendered":"\n<div class=\"wp-block-media-text alignwide has-media-on-the-right is-vertically-aligned-center\"><figure class=\"wp-block-media-text__media\"><img loading=\"lazy\" decoding=\"async\" width=\"1024\" height=\"785\" src=\"http:\/\/www.professores.uff.br\/tlmartins\/wp-content\/uploads\/sites\/206\/2020\/03\/students-1024x785.jpg\" alt=\"\" class=\"wp-image-81\" srcset=\"https:\/\/www.professores.uff.br\/tlmartins\/wp-content\/uploads\/sites\/206\/2020\/03\/students-1024x785.jpg 1024w, https:\/\/www.professores.uff.br\/tlmartins\/wp-content\/uploads\/sites\/206\/2020\/03\/students-300x230.jpg 300w, https:\/\/www.professores.uff.br\/tlmartins\/wp-content\/uploads\/sites\/206\/2020\/03\/students-768x589.jpg 768w, https:\/\/www.professores.uff.br\/tlmartins\/wp-content\/uploads\/sites\/206\/2020\/03\/students.jpg 1280w\" sizes=\"auto, (max-width: 1024px) 100vw, 1024px\" \/><\/figure><div class=\"wp-block-media-text__content\">\n<p style=\"font-size:14px\"><p style=\"font-size:14px;line-height: 1.5\">Estou interessada em orientar alunos de inicia\u00e7\u00e3o cient\u00edfica, mestrado e doutorado que tenham <em>bom desempenho acad\u00eamico<\/em> e afinidade por t\u00f3picos em Combinat\u00f3ria e\/ou Matem\u00e1tica Discreta.<\/p><\/p>\n\n\n\n<div style=\"height:20px\" aria-hidden=\"true\" class=\"wp-block-spacer\"><\/div>\n\n\n\n<p style=\"font-size:14px\"><p style=\"font-size:14px;line-height: 1.5\">Caso voc\u00ea tenha interesse em realizar pesquisa em Combinat\u00f3ria e\/ou Matem\u00e1tica Discreta e quiser orienta\u00e7\u00e3o, fique \u00e0 vontade para me escrever um e-mail falando sobre seu interesse.<\/p><\/p>\n<\/div><\/div>\n\n\n\n<hr class=\"wp-block-separator is-style-wide\" \/>\n\n\n\n<div style=\"height:35px\" aria-hidden=\"true\" class=\"wp-block-spacer\"><\/div>\n\n\n\n<h4 class=\"wp-block-heading\">Current PhD students<\/h4>\n\n\n\n<ul class=\"wp-block-list\"><li><a href=\"http:\/\/lattes.cnpq.br\/6525504026713235\">Alicia Maria Do Nascimento Amorim<\/a> <ul><li>first year PhD student at PGMAT &#8211; UFF [CAPES]<\/li><\/ul><\/li><\/ul>\n\n\n\n<div style=\"height:35px\" aria-hidden=\"true\" class=\"wp-block-spacer\"><\/div>\n\n\n\n<h4 class=\"wp-block-heading\"> BSc MSc and MPhil students <\/h4>\n\n\n\n<ul class=\"wp-block-list\"><li><a href=\"http:\/\/lattes.cnpq.br\/6525504026713235\">Alicia Maria Do Nascimento Amorim<\/a>: <em>Um Estudo Sobre M\u00e9todos Probabil\u00edsticos<\/em> (MSc, 2023) [CAPES]<\/li><\/ul>\n\n\n\n<div style=\"height:35px\" aria-hidden=\"true\" class=\"wp-block-spacer\"><\/div>\n\n\n\n<h4 class=\"wp-block-heading\">Supervised undergraduate research projects<\/h4>\n\n\n\n<ul class=\"wp-block-list\"><li><a href=\"http:\/\/lattes.cnpq.br\/2810290597967012\">Raphael Carvalho da Concei\u00e7\u00e3o<\/a>: <em>Avan\u00e7os em problemas Ramsey<\/em> (09\/2023 &#8212; 08\/2024) [PIBIC-CNPq]<\/li><\/ul>\n\n\n\n<p><\/p>\n","protected":false},"excerpt":{"rendered":"<p>Current PhD students Alicia Maria Do Nascimento Amorim first year PhD student at PGMAT &#8211; UFF [CAPES] BSc MSc and MPhil students Alicia Maria Do Nascimento Amorim: Um Estudo Sobre M\u00e9todos Probabil\u00edsticos (MSc, 2023) [CAPES] Supervised undergraduate research projects Raphael Carvalho da Concei\u00e7\u00e3o: Avan\u00e7os em problemas Ramsey (09\/2023 &#8212; 08\/2024) [PIBIC-CNPq]<\/p>\n","protected":false},"author":233,"featured_media":0,"parent":0,"menu_order":0,"comment_status":"closed","ping_status":"closed","template":"","meta":{"_exactmetrics_skip_tracking":false,"_exactmetrics_sitenote_active":false,"_exactmetrics_sitenote_note":"","_exactmetrics_sitenote_category":0,"footnotes":""},"categories":[],"tags":[],"class_list":["post-80","page","type-page","status-publish","hentry"],"_links":{"self":[{"href":"https:\/\/www.professores.uff.br\/tlmartins\/index.php?rest_route=\/wp\/v2\/pages\/80","targetHints":{"allow":["GET"]}}],"collection":[{"href":"https:\/\/www.professores.uff.br\/tlmartins\/index.php?rest_route=\/wp\/v2\/pages"}],"about":[{"href":"https:\/\/www.professores.uff.br\/tlmartins\/index.php?rest_route=\/wp\/v2\/types\/page"}],"author":[{"embeddable":true,"href":"https:\/\/www.professores.uff.br\/tlmartins\/index.php?rest_route=\/wp\/v2\/users\/233"}],"replies":[{"embeddable":true,"href":"https:\/\/www.professores.uff.br\/tlmartins\/index.php?rest_route=%2Fwp%2Fv2%2Fcomments&post=80"}],"version-history":[{"count":27,"href":"https:\/\/www.professores.uff.br\/tlmartins\/index.php?rest_route=\/wp\/v2\/pages\/80\/revisions"}],"predecessor-version":[{"id":541,"href":"https:\/\/www.professores.uff.br\/tlmartins\/index.php?rest_route=\/wp\/v2\/pages\/80\/revisions\/541"}],"wp:attachment":[{"href":"https:\/\/www.professores.uff.br\/tlmartins\/index.php?rest_route=%2Fwp%2Fv2%2Fmedia&parent=80"}],"wp:term":[{"taxonomy":"category","embeddable":true,"href":"https:\/\/www.professores.uff.br\/tlmartins\/index.php?rest_route=%2Fwp%2Fv2%2Fcategories&post=80"},{"taxonomy":"post_tag","embeddable":true,"href":"https:\/\/www.professores.uff.br\/tlmartins\/index.php?rest_route=%2Fwp%2Fv2%2Ftags&post=80"}],"curies":[{"name":"wp","href":"https:\/\/api.w.org\/{rel}","templated":true}]}}