{"id":11,"date":"2017-10-05T10:16:21","date_gmt":"2017-10-05T13:16:21","guid":{"rendered":"http:\/\/www.professores.uff.br\/tuliofranco\/?page_id=11"},"modified":"2017-10-05T10:38:44","modified_gmt":"2017-10-05T13:38:44","slug":"publicacoes","status":"publish","type":"page","link":"https:\/\/www.professores.uff.br\/tuliofranco\/publicacoes\/","title":{"rendered":"Publica\u00e7\u00f5es"},"content":{"rendered":"<hr \/>\n<h4 style=\"text-align: center;\"><em>P\u00e3os ou p\u00e3es, \u00e9 quest\u00e3o de opini\u00e3es\u2026(Jo\u00e3o Guimar\u00e3es Rosa)<\/em><\/h4>\n<hr \/>\n<h3>Artigos Publicados em<br \/>\nPeri\u00f3dicos e Cap\u00edtulos de Livros:<\/h3>\n<p>&nbsp;<\/p>\n<ul>\n<li><a href=\"http:\/\/www.professores.uff.br\/tuliofranco\/wp-content\/uploads\/sites\/151\/2017\/10\/1clinica-enfermagem-cuidado-saude.pdf\">A Forma\u00e7\u00e3o Cl\u00ednica e a Produ\u00e7\u00e3o do Cuidado em Sa\u00fade e na Enfermagem.Alcivan Nunes Vieira, Lia Carneiro Silveira e T\u00falio Batista Franco<\/a><\/li>\n<li><a href=\"http:\/\/www.professores.uff.br\/tuliofranco\/wp-content\/uploads\/sites\/151\/2017\/10\/2producion-subjectiva-cuidado.pdf\"><em lang=\"es\" xml:lang=\"es\">El reconocimiento de la producci\u00f3n subjetiva del cuidado.<\/em>T\u00falio Batista Franco e Emerson Elias Merhy<\/a><\/li>\n<li><a href=\"http:\/\/www.professores.uff.br\/tuliofranco\/wp-content\/uploads\/sites\/151\/2017\/10\/3creation-health-consumer.pdf\"><em lang=\"en\" xml:lang=\"en\">The creation of the health consumer: challenges on health sector regulation after managed care era.<\/em>Celia Iriart, T\u00falio Batista Franco e Emerson Elias Merhy<\/a><\/li>\n<li><a href=\"http:\/\/www.professores.uff.br\/tuliofranco\/wp-content\/uploads\/sites\/151\/2017\/10\/4fundacao-estatal-fortalecimento-capacidade-acao.pdf\">Funda\u00e7\u00e3o Estatal e o Fortalecimento da Capacidade de A\u00e7\u00e3o do Estado.H\u00eaider Aur\u00e9lio Pinto, T\u00falio Batista Franco e Emerson Elias Merhy<\/a><\/li>\n<li><a href=\"http:\/\/www.professores.uff.br\/tuliofranco\/wp-content\/uploads\/sites\/151\/2017\/10\/5fundacoes-estatais-desprivatizacao-estado.pdf\">Funda\u00e7\u00f5es Estatais como dispositivo para a desprivatiza\u00e7\u00e3o do Estado brasileiro.T\u00falio Batista Franco e Heider Pinto<\/a><\/li>\n<li><a href=\"http:\/\/www.professores.uff.br\/tuliofranco\/wp-content\/uploads\/sites\/151\/2017\/10\/6em-busca-da-clinica-dos-afetos.pdf\">Em Busca da Cl\u00ednica dos Afetos.T\u00falio Batista Franco e Helet\u00edcia Scabelo Galavote<\/a><\/li>\n<li><a href=\"http:\/\/www.professores.uff.br\/tuliofranco\/wp-content\/uploads\/sites\/151\/2017\/10\/7calass-2010-judicializacao-politicas-saude-no-Brasil.pdf\">Judicializa\u00e7\u00e3o das Pol\u00edticas de Sa\u00fade no Brasil: uma revis\u00e3o sobre o caso do acesso a medicamentos.T\u00falio Franco<\/a><\/li>\n<li><a href=\"http:\/\/www.professores.uff.br\/tuliofranco\/wp-content\/uploads\/sites\/151\/2017\/10\/8calass-2010-reestruturacao-produtiva-na-saude-suplementar.pdf\">Reestrutura\u00e7\u00e3o Produtiva da Sa\u00fade Suplementar no Brasil: Programas de Promo\u00e7\u00e3o e Preven\u00e7\u00e3o.T\u00falio Franco, Carlos Dimas Martins Ribeiro, Cl\u00e1udia March e Luciana Narciso<\/a><\/li>\n<li><a href=\"http:\/\/www.professores.uff.br\/tuliofranco\/wp-content\/uploads\/sites\/151\/2017\/10\/9gestao-trabalho-saude-mental.pdf\">Gest\u00e3o do Trabalho em Sa\u00fade Mental.T\u00falio Franco<\/a><\/li>\n<li><a href=\"http:\/\/www.professores.uff.br\/tuliofranco\/wp-content\/uploads\/sites\/151\/2017\/10\/10reconhecimento-producao-subjetiva-cuidado.pdf\">O Reconhecimento de uma produ\u00e7\u00e3o subjetiva do Cuidado.T\u00falio Franco e Emerson Merhy<\/a><\/li>\n<li><a href=\"http:\/\/www.professores.uff.br\/tuliofranco\/wp-content\/uploads\/sites\/151\/2017\/10\/11PSF-contradicoes.pdf\">PSF: contradi\u00e7\u00f5es de um programa destinado \u00e0 mudan\u00e7a do modelo tecnoassistencial.T\u00falio Franco e Emerson Merhy<\/a><\/li>\n<li><a href=\"http:\/\/www.professores.uff.br\/tuliofranco\/wp-content\/uploads\/sites\/151\/2017\/10\/12ferramentas-analisadoras-fluxograma-rede-peticao.pdf\">O uso de ferramentas analisadoras para apoio ao planejamento dos servi\u00e7os de sa\u00fade: O caso do servi\u00e7o social do Hospital das Cl\u00ednicas da UNICAMP (Campinas-SP).T\u00falio Franco e Emerson Merhy<\/a><\/li>\n<li><a href=\"http:\/\/www.professores.uff.br\/tuliofranco\/wp-content\/uploads\/sites\/151\/2017\/10\/13jornadas-red-aupa-barcelona-maio-2009.pdf\">Jornadas Red AUPAT\u00falio Franco<\/a><\/li>\n<li><a href=\"http:\/\/www.professores.uff.br\/tuliofranco\/wp-content\/uploads\/sites\/151\/2017\/10\/14acogimiento-procesos-trabajo-salud.pdf\"><em lang=\"es\" xml:lang=\"es\">El Acogimiento y los procesos de trabajo en salud: el caso de Betim, Minas Gerais, Brasil<\/em>T\u00falio Franco, Wanderlei Bueno e Emerson Merhy<\/a><\/li>\n<li><a href=\"http:\/\/www.professores.uff.br\/tuliofranco\/wp-content\/uploads\/sites\/151\/2017\/10\/15mapas-analiticos-organizacion-procesos-trabajo.pdf\"><em lang=\"es\" xml:lang=\"es\">Mapas anal\u00edticos: una mirada sobre la organizaci\u00f3n y sus procesos de trabajo<\/em>T\u00falio Franco e Emerson Merhy<\/a><\/li>\n<li><a href=\"http:\/\/www.professores.uff.br\/tuliofranco\/wp-content\/uploads\/sites\/151\/2017\/10\/16processo-trabalho-acs-reestruturacao-produtiva.pdf\">Processo de trabalho do agente comunit\u00e1rio de sa\u00fade e a reestrutura\u00e7\u00e3o produtivaVit\u00f3ria Ferreira, Cristina Andrade, T\u00falio Franco e Emerson Merhy<\/a><\/li>\n<li><a href=\"http:\/\/www.professores.uff.br\/tuliofranco\/wp-content\/uploads\/sites\/151\/2017\/10\/17atencao_domiciliar_na_saude_suplementar_dispositivo_da_reestruturacao_produtiva-franco_e_merhy.pdf\">Aten\u00e7\u00e3o domiciliar na sa\u00fade suplementar: dispositivo da reestrutura\u00e7\u00e3o produtivaT\u00falio Franco e Emerson Merhy<\/a><\/li>\n<li><a href=\"http:\/\/www.professores.uff.br\/tuliofranco\/wp-content\/uploads\/sites\/151\/2017\/10\/18avaliacao_da_atencao_basica_politica_institucional_integralidade-camargo_jr_et_al.pdf\">Avalia\u00e7\u00e3o da aten\u00e7\u00e3o b\u00e1sica pela \u00f3tica pol\u00edticoinstitucional e da organiza\u00e7\u00e3o da aten\u00e7\u00e3o com \u00eanfase na integralidadeCamargo Jr. et al<\/a><\/li>\n<li><a href=\"http:\/\/www.professores.uff.br\/tuliofranco\/wp-content\/uploads\/sites\/151\/2017\/10\/19care_and_pedagogical_production_integration_of_public_health_system_scenarios.pdf\"><em lang=\"en\" xml:lang=\"en\">Care and pedagogical production: integration of Public Health System scenarios<\/em>T\u00falio Franco<\/a><\/li>\n<li><a href=\"http:\/\/www.professores.uff.br\/tuliofranco\/wp-content\/uploads\/sites\/151\/2017\/10\/20o_programa_medico_de_familia_de_niteroi-hubner_e_franco.pdf\">O Programa M\u00e9dico de Fam\u00edlia de Niter\u00f3i como Estrat\u00e9gia de Implementa\u00e7\u00e3o de um Modelo de Aten\u00e7\u00e3o que Contemple os Princ\u00edpios e Diretrizes do SUSLuiz H\u00fcbner e T\u00falio Franco<\/a><\/li>\n<li><a href=\"http:\/\/www.professores.uff.br\/tuliofranco\/wp-content\/uploads\/sites\/151\/2017\/10\/21perspectivas_da_regulacao_na_saude_suplementar-malta_et_al.pdf\">Perspectivas da regula\u00e7\u00e3o na sa\u00fade suplementar diante dos modelos assistenciaisDeborah Malta et al<\/a><\/li>\n<li><a href=\"http:\/\/www.professores.uff.br\/tuliofranco\/wp-content\/uploads\/sites\/151\/2017\/10\/22acolher_chapeco_exp_mudanca_do_proc_trabalho_tulio_franco_et_al.pdf\">O &#8220;Acolher Chapeco&#8221; e a Mudan\u00e7a do Processo de trabalho no Programa Sa\u00fade da Fam\u00edliaT\u00falio Franco et al<\/a><\/li>\n<li><a href=\"http:\/\/www.professores.uff.br\/tuliofranco\/wp-content\/uploads\/sites\/151\/2017\/10\/23acolhimento_e_processos_de_trabalho_tulio_franco_wanderlei_bueno_emerson_merhy.pdf\">O Acolhimento e os Processos de Trabalho em Sa\u00fade: o Caso de Betim (MG)T\u00falio Franco, Wanderlei Bueno e Emerson Merhy<\/a><\/li>\n<li><a href=\"http:\/\/www.professores.uff.br\/tuliofranco\/wp-content\/uploads\/sites\/151\/2017\/10\/24composicao_tecnica_do_trabalho_emerson_merhy_tulio_franco.pdf\">Por uma Composi\u00e7\u00e3o T\u00e9cnica do Trabalho Centrada no Campo Relacional e nas Tecnologias LevesEmerson Merhy e T\u00falio Franco<\/a><\/li>\n<li><a href=\"http:\/\/www.professores.uff.br\/tuliofranco\/wp-content\/uploads\/sites\/151\/2017\/10\/25fluxograma_descritor_e_projetos_terapeuticos_caso_de_luz_tulio_franco.pdf\">O Uso do Fluxograma Descritor e Projetos Terap\u00eauticos para An\u00e1lise de Servi\u00e7os de Sa\u00fade, em apoio ao Planejamento: o caso de Luz (MG)T\u00falio Franco<\/a><\/li>\n<li><a href=\"http:\/\/www.professores.uff.br\/tuliofranco\/wp-content\/uploads\/sites\/151\/2017\/10\/26integralidade_na_assistencia_a_saude_tulio_franco_helvecio_magalhaes.pdf\">Integralidade na Assist\u00eancia \u00e0 Sa\u00fade: a Organiza\u00e7\u00e3o das Linhas de CuidadoT\u00falio Franco e Helv\u00e9cio Magalh\u00e3es<\/a><\/li>\n<li><a href=\"http:\/\/www.professores.uff.br\/tuliofranco\/wp-content\/uploads\/sites\/151\/2017\/10\/27modelo_assistencial_para_a_saude_indigena_tulio_franco.pdf\">Modelo Assistencial para a Sa\u00fade Ind\u00edgenaT\u00falio Franco<\/a><\/li>\n<li><a href=\"http:\/\/www.professores.uff.br\/tuliofranco\/wp-content\/uploads\/sites\/151\/2017\/10\/28proc_trabalho_e_transicao_tecnologica_o_cartao_nacional_de_saude_tulio_franco.pdf\">Processos de Trabalho e Transi\u00e7\u00e3o Tecnol\u00f3gica na Sa\u00fade: um Olhar a Partir do Sistema Cart\u00e3o Nacional de Sa\u00fadeT\u00falio Franco<\/a><\/li>\n<li><a href=\"http:\/\/www.professores.uff.br\/tuliofranco\/wp-content\/uploads\/sites\/151\/2017\/10\/29producao_do_cuidado_e_prod_pedagogica_Tulio_Franco.pdf\">Produ\u00e7\u00e3o do Cuidado e Produ\u00e7\u00e3o Pedag\u00f3gica: os Cen\u00e1rios do SUST\u00falio Franco<\/a><\/li>\n<li><a href=\"http:\/\/www.professores.uff.br\/tuliofranco\/wp-content\/uploads\/sites\/151\/2017\/10\/30producao_imaginaria_da_demanda_tulio_franco_emerson_merhy.pdf\">A Produ\u00e7\u00e3o Imagin\u00e1ria da Demanda e o Processo de Trabalho em Sa\u00fadeT\u00falio Franco e Emerson Merhy<\/a><\/li>\n<li><a href=\"http:\/\/www.professores.uff.br\/tuliofranco\/wp-content\/uploads\/sites\/151\/2017\/10\/33redes_na_micropolitica_do_processo_trabalho_tulio_franco.pdf\">As Redes na Micropol\u00edtica do Processo de Trabalho em Sa\u00fadeT\u00falio Franco<\/a><\/li>\n<li><a href=\"http:\/\/www.professores.uff.br\/tuliofranco\/wp-content\/uploads\/sites\/151\/2017\/10\/32reestruturacao_produtiva_e_transicao_tecnologica_na_saude_emerson_merhy_tulio_franco.pdf\">Reestrutura\u00e7\u00e3o Produtiva e Transi\u00e7\u00e3o Tecnol\u00f3gica na Sa\u00fadeEmerson Merhy e T\u00falio Franco<\/a><\/li>\n<\/ul>\n<p>&nbsp;<\/p>\n<p>&nbsp;<\/p>\n<h2>Livros:<\/h2>\n<dl>\n<dt><strong>Sa\u00fade Suplementar Biopol\u00edtica e Promo\u00e7\u00e3o da Sa\u00fade<\/strong><\/dt>\n<dd>Carlos Dimas Martins Ribeiro, T\u00falio Batista Franco, Aluisio Gomes da Silva J\u00fanior, Rita de C\u00e1ssia Duarte Lima e Cristina Setenta Andrade (organizadores)<\/dd>\n<dd>Editora Hucitec, 2011<\/dd>\n<dt><strong>Semi\u00f3tica, Afec\u00e7\u00e3o &amp; Cuidado em Sa\u00fade<\/strong><\/dt>\n<dd>T\u00falio Batista Franco e Val\u00e9ria do Carmo Ramos (organizadores)<\/dd>\n<dd>Editora Hucitec, 2010<\/dd>\n<dt>A Produ\u00e7\u00e3o Subjetiva do Cuidado: cartografia da estrat\u00e9gia sa\u00fade da fam\u00edlia<\/dt>\n<dd>T\u00falio Batista Franco, Cristina Setenta Andrade e Vit\u00f3ria Solange Ferreira Coelho (organizadores)<\/dd>\n<dd>Editora Hucitec, 2009<\/dd>\n<dt><strong>O Trabalho em Sa\u00fade: olhando e experienciando o SUS no cotidiano<\/strong><\/dt>\n<dd>Emerson Elias Merhy, Helv\u00e9cio Miranda Magalh\u00e3es Jr., Josely Rimoli, T\u00falio Batista Franco e Wanderley Silva Bueno<\/dd>\n<dd>Editora Hucitec, 2003 (1\u00aa edi\u00e7\u00e3o), 2004 (2\u00aa edi\u00e7\u00e3o) 2006 (3\u00aa edi\u00e7\u00e3o)<\/dd>\n<dt><a href=\"http:\/\/www.meusiteantigo.uff.br\/tuliofranco\/textos\/duas-faces-mesma-moeda.pdf\" target=\"_blank\" rel=\"noopener noreferrer\">Duas Faces da Mesma Moeda<\/a><\/dt>\n<dd>Deborah Carvalho Malta, Luiz Carlos de Oliveira Cec\u00edlio, Alzira de Oliveira Jorge e Giovanni Gurgel Aciole (organizadores)<\/dd>\n<dd>Ag\u00eancia Nacional de Sa\u00fade Suplementar, 2005<\/dd>\n<dt>Acolher Chapec\u00f3: uma experi\u00eancia de mudan\u00e7a do modelo assistencial com base no processo de trabalho<\/dt>\n<dd>T\u00falio Batista Franco et al<\/dd>\n<dd>Editora Hucitec, 2004<\/dd>\n<\/dl>\n","protected":false},"excerpt":{"rendered":"<p>P\u00e3os ou p\u00e3es, \u00e9 quest\u00e3o de opini\u00e3es\u2026(Jo\u00e3o Guimar\u00e3es Rosa) Artigos Publicados em Peri\u00f3dicos e Cap\u00edtulos de Livros: &nbsp; A Forma\u00e7\u00e3o Cl\u00ednica e a Produ\u00e7\u00e3o do Cuidado em Sa\u00fade e na Enfermagem.Alcivan Nunes Vieira, Lia Carneiro Silveira e T\u00falio Batista Franco El reconocimiento de la producci\u00f3n subjetiva del cuidado.T\u00falio Batista Franco e Emerson Elias Merhy The [&hellip;]<\/p>\n","protected":false},"author":22,"featured_media":0,"parent":0,"menu_order":0,"comment_status":"closed","ping_status":"closed","template":"","meta":{"_exactmetrics_skip_tracking":false,"_exactmetrics_sitenote_active":false,"_exactmetrics_sitenote_note":"","_exactmetrics_sitenote_category":0,"footnotes":""},"categories":[],"tags":[],"class_list":["post-11","page","type-page","status-publish","hentry"],"_links":{"self":[{"href":"https:\/\/www.professores.uff.br\/tuliofranco\/wp-json\/wp\/v2\/pages\/11","targetHints":{"allow":["GET"]}}],"collection":[{"href":"https:\/\/www.professores.uff.br\/tuliofranco\/wp-json\/wp\/v2\/pages"}],"about":[{"href":"https:\/\/www.professores.uff.br\/tuliofranco\/wp-json\/wp\/v2\/types\/page"}],"author":[{"embeddable":true,"href":"https:\/\/www.professores.uff.br\/tuliofranco\/wp-json\/wp\/v2\/users\/22"}],"replies":[{"embeddable":true,"href":"https:\/\/www.professores.uff.br\/tuliofranco\/wp-json\/wp\/v2\/comments?post=11"}],"version-history":[{"count":8,"href":"https:\/\/www.professores.uff.br\/tuliofranco\/wp-json\/wp\/v2\/pages\/11\/revisions"}],"predecessor-version":[{"id":73,"href":"https:\/\/www.professores.uff.br\/tuliofranco\/wp-json\/wp\/v2\/pages\/11\/revisions\/73"}],"wp:attachment":[{"href":"https:\/\/www.professores.uff.br\/tuliofranco\/wp-json\/wp\/v2\/media?parent=11"}],"wp:term":[{"taxonomy":"category","embeddable":true,"href":"https:\/\/www.professores.uff.br\/tuliofranco\/wp-json\/wp\/v2\/categories?post=11"},{"taxonomy":"post_tag","embeddable":true,"href":"https:\/\/www.professores.uff.br\/tuliofranco\/wp-json\/wp\/v2\/tags?post=11"}],"curies":[{"name":"wp","href":"https:\/\/api.w.org\/{rel}","templated":true}]}}