{"id":55,"date":"2017-10-05T10:25:04","date_gmt":"2017-10-05T13:25:04","guid":{"rendered":"http:\/\/www.professores.uff.br\/tuliofranco\/?page_id=55"},"modified":"2017-10-05T10:39:23","modified_gmt":"2017-10-05T13:39:23","slug":"documentacoes","status":"publish","type":"page","link":"https:\/\/www.professores.uff.br\/tuliofranco\/documentacoes\/","title":{"rendered":"Documenta\u00e7\u00f5es"},"content":{"rendered":"<hr \/>\n<p style=\"text-align: center;\"><strong><em>Meu nome \u00e9 tumulto, e escreve-se na pedra.<\/em><\/strong><\/p>\n<p style=\"text-align: center;\">(Carlos Drummond de Andrade)<\/p>\n<hr \/>\n<h2>\u00c1udio<\/h2>\n<dl>\n<dt>Aula sobre m\u00e9todo de pesquisa &#8211; <abbr title=\"Universidade Federal do Cear\u00e1\">UECE<\/abbr>\/Fortaleza, 21-10-2010 (T\u00falio Franco)<\/dt>\n<dd><a href=\"http:\/\/www.professores.uff.br\/tuliofranco\/wp-content\/uploads\/sites\/151\/2017\/10\/metodo-pesquisa-1.zip\">Parte 1<\/a> | <a href=\"http:\/\/www.professores.uff.br\/tuliofranco\/wp-content\/uploads\/sites\/151\/2017\/10\/metodo-pesquisa-2.zip\">Parte 2<\/a><\/dd>\n<\/dl>\n<hr \/>\n<h2>Fotos<\/h2>\n<p>Veja as fotos do projeto de acolhimento Maxakali no <em>fotolog<\/em> <a href=\"http:\/\/acolhimentomaxakali.nafoto.net\/\" target=\"_blank\" rel=\"noopener noreferrer\">Maxakali &#8211; Projeto Acolhimento na Aldeia: a sa\u00fade ind\u00edgena em defesa da vida<\/a>.<\/p>\n","protected":false},"excerpt":{"rendered":"<p>Meu nome \u00e9 tumulto, e escreve-se na pedra. (Carlos Drummond de Andrade) \u00c1udio Aula sobre m\u00e9todo de pesquisa &#8211; UECE\/Fortaleza, 21-10-2010 (T\u00falio Franco) Parte 1 | Parte 2 Fotos Veja as fotos do projeto de acolhimento Maxakali no fotolog Maxakali &#8211; Projeto Acolhimento na Aldeia: a sa\u00fade ind\u00edgena em defesa da vida.<\/p>\n","protected":false},"author":22,"featured_media":0,"parent":0,"menu_order":0,"comment_status":"closed","ping_status":"closed","template":"","meta":{"_exactmetrics_skip_tracking":false,"_exactmetrics_sitenote_active":false,"_exactmetrics_sitenote_note":"","_exactmetrics_sitenote_category":0,"footnotes":""},"categories":[],"tags":[],"class_list":["post-55","page","type-page","status-publish","hentry"],"_links":{"self":[{"href":"https:\/\/www.professores.uff.br\/tuliofranco\/wp-json\/wp\/v2\/pages\/55","targetHints":{"allow":["GET"]}}],"collection":[{"href":"https:\/\/www.professores.uff.br\/tuliofranco\/wp-json\/wp\/v2\/pages"}],"about":[{"href":"https:\/\/www.professores.uff.br\/tuliofranco\/wp-json\/wp\/v2\/types\/page"}],"author":[{"embeddable":true,"href":"https:\/\/www.professores.uff.br\/tuliofranco\/wp-json\/wp\/v2\/users\/22"}],"replies":[{"embeddable":true,"href":"https:\/\/www.professores.uff.br\/tuliofranco\/wp-json\/wp\/v2\/comments?post=55"}],"version-history":[{"count":2,"href":"https:\/\/www.professores.uff.br\/tuliofranco\/wp-json\/wp\/v2\/pages\/55\/revisions"}],"predecessor-version":[{"id":75,"href":"https:\/\/www.professores.uff.br\/tuliofranco\/wp-json\/wp\/v2\/pages\/55\/revisions\/75"}],"wp:attachment":[{"href":"https:\/\/www.professores.uff.br\/tuliofranco\/wp-json\/wp\/v2\/media?parent=55"}],"wp:term":[{"taxonomy":"category","embeddable":true,"href":"https:\/\/www.professores.uff.br\/tuliofranco\/wp-json\/wp\/v2\/categories?post=55"},{"taxonomy":"post_tag","embeddable":true,"href":"https:\/\/www.professores.uff.br\/tuliofranco\/wp-json\/wp\/v2\/tags?post=55"}],"curies":[{"name":"wp","href":"https:\/\/api.w.org\/{rel}","templated":true}]}}