{"id":59,"date":"2017-10-05T10:25:45","date_gmt":"2017-10-05T13:25:45","guid":{"rendered":"http:\/\/www.professores.uff.br\/tuliofranco\/?page_id=59"},"modified":"2017-10-05T10:39:00","modified_gmt":"2017-10-05T13:39:00","slug":"platos","status":"publish","type":"page","link":"https:\/\/www.professores.uff.br\/tuliofranco\/platos\/","title":{"rendered":"Plat\u00f4s"},"content":{"rendered":"<hr \/>\n<p style=\"text-align: center;\"><em><strong>Um plat\u00f4 est\u00e1 sempre no meio, nem in\u00edcio nem fim. Um rizoma \u00e9 feito de plat\u00f4s.<\/strong><\/em><\/p>\n<p style=\"text-align: center;\">(Deleuze &amp; Guattari, em Mil Plat\u00f4s, vol. I)<\/p>\n<hr \/>\n\n<table id=\"tablepress-1\" class=\"tablepress tablepress-id-1\">\n<tbody class=\"row-striping row-hover\">\n<tr class=\"row-1\">\n\t<td class=\"column-1\"><a href=\"http:\/\/www.uff.br\/saudecoletiva\/\" target=\"_blank\">P\u00f3s-Gradua\u00e7\u00e3o em Sa\u00fade Coletiva<\/a><\/td>\n<\/tr>\n<tr class=\"row-2\">\n\t<td class=\"column-1\">P\u00e1gina da Disciplina Planejamento e Ger\u00eancia em Sa\u00fade II, da Universidade Federal Fluminense<a href=\"http:\/\/www.uff.br\/pgs2\/\" target=\"_blank\"><\/a><\/td>\n<\/tr>\n<tr class=\"row-3\">\n\t<td class=\"column-1\"><a href=\"http:\/\/www.uesc.br\/atencaoasaude\/\" target=\"_blank\">P\u00e1gina da Pesquisa A Produ\u00e7\u00e3o do Cuidado na Rede B\u00e1sica de Aten\u00e7\u00e3o \u00e0 Sa\u00fade, da Universidade Estadual de Santa Cruz<\/a><\/td>\n<\/tr>\n<tr class=\"row-4\">\n\t<td class=\"column-1\"><a href=\"http:\/\/www.uff.br\/saudecoletiva\/professores\/merhy\/\" target=\"_blank\">P\u00e1gina de Emerson Merhy<\/a><\/td>\n<\/tr>\n<tr class=\"row-5\">\n\t<td class=\"column-1\"><a href=\"http:\/\/www.fgbbh.org.br\/\" target=\"_blank\">Funda\u00e7\u00e3o Greg\u00f3rio Baremblitt<\/a><\/td>\n<\/tr>\n<tr class=\"row-6\">\n\t<td class=\"column-1\"><a href=\"http:\/\/pt.wikipedia.org\/wiki\/Gilles_Deleuze\" target=\"_blank\">Gilles Deleuze<\/a><\/td>\n<\/tr>\n<tr class=\"row-7\">\n\t<td class=\"column-1\"><a href=\"http:\/\/pt.wikipedia.org\/wiki\/F%C3%A9lix_Guattari\" target=\"_blank\">F\u00e9lix Guattari<\/a><\/td>\n<\/tr>\n<tr class=\"row-8\">\n\t<td class=\"column-1\"><a href=\"http:\/\/www2.uel.br\/ccb\/psicologia\/revista\/\" target=\"_blank\">Revista de Psicologia Social e Institucional<\/a><\/td>\n<\/tr>\n<tr class=\"row-9\">\n\t<td class=\"column-1\"><a href=\"http:\/\/www.revistapsicologia.com.br\/\" target=\"_blank\">Revista de Psicologia<\/a><\/td>\n<\/tr>\n<tr class=\"row-10\">\n\t<td class=\"column-1\"><a href=\"http:\/\/www.paho.org\/\" target=\"_blank\">Organizaci\u00f3n Panamericana de la Salud<\/a><\/td>\n<\/tr>\n<\/tbody>\n<\/table>\n<!-- #tablepress-1 from cache -->\n<p>&nbsp;<\/p>\n","protected":false},"excerpt":{"rendered":"<p>Um plat\u00f4 est\u00e1 sempre no meio, nem in\u00edcio nem fim. Um rizoma \u00e9 feito de plat\u00f4s. (Deleuze &amp; Guattari, em Mil Plat\u00f4s, vol. I) &nbsp;<\/p>\n","protected":false},"author":22,"featured_media":0,"parent":0,"menu_order":0,"comment_status":"closed","ping_status":"closed","template":"","meta":{"_exactmetrics_skip_tracking":false,"_exactmetrics_sitenote_active":false,"_exactmetrics_sitenote_note":"","_exactmetrics_sitenote_category":0,"footnotes":""},"categories":[],"tags":[],"class_list":["post-59","page","type-page","status-publish","hentry"],"_links":{"self":[{"href":"https:\/\/www.professores.uff.br\/tuliofranco\/wp-json\/wp\/v2\/pages\/59","targetHints":{"allow":["GET"]}}],"collection":[{"href":"https:\/\/www.professores.uff.br\/tuliofranco\/wp-json\/wp\/v2\/pages"}],"about":[{"href":"https:\/\/www.professores.uff.br\/tuliofranco\/wp-json\/wp\/v2\/types\/page"}],"author":[{"embeddable":true,"href":"https:\/\/www.professores.uff.br\/tuliofranco\/wp-json\/wp\/v2\/users\/22"}],"replies":[{"embeddable":true,"href":"https:\/\/www.professores.uff.br\/tuliofranco\/wp-json\/wp\/v2\/comments?post=59"}],"version-history":[{"count":3,"href":"https:\/\/www.professores.uff.br\/tuliofranco\/wp-json\/wp\/v2\/pages\/59\/revisions"}],"predecessor-version":[{"id":74,"href":"https:\/\/www.professores.uff.br\/tuliofranco\/wp-json\/wp\/v2\/pages\/59\/revisions\/74"}],"wp:attachment":[{"href":"https:\/\/www.professores.uff.br\/tuliofranco\/wp-json\/wp\/v2\/media?parent=59"}],"wp:term":[{"taxonomy":"category","embeddable":true,"href":"https:\/\/www.professores.uff.br\/tuliofranco\/wp-json\/wp\/v2\/categories?post=59"},{"taxonomy":"post_tag","embeddable":true,"href":"https:\/\/www.professores.uff.br\/tuliofranco\/wp-json\/wp\/v2\/tags?post=59"}],"curies":[{"name":"wp","href":"https:\/\/api.w.org\/{rel}","templated":true}]}}