{"id":13,"date":"2018-11-08T18:17:44","date_gmt":"2018-11-08T20:17:44","guid":{"rendered":"http:\/\/www.professores.uff.br\/vitorbalestro\/?page_id=13"},"modified":"2021-11-03T20:52:40","modified_gmt":"2021-11-03T23:52:40","slug":"teaching","status":"publish","type":"page","link":"https:\/\/www.professores.uff.br\/vitorbalestro\/teaching\/","title":{"rendered":"Ensino"},"content":{"rendered":"<h1><a href=\"https:\/\/www.dropbox.com\/s\/hlj66hogsyuiztx\/horarios2021-2.pdf?dl=0\">HOR\u00c1RIOS DE MONITORIA DO GAN &#8211; 2021\/2<\/a><\/h1>\n<h1><\/h1>\n<h1>Ver\u00e3o\/2020<\/h1>\n<h2>An\u00e1lise na Reta<\/h2>\n<p><strong>Importante: a partir de 15 de Janeiro as aulas ser\u00e3o na Sala 502 do Bloco A (<em>campus <\/em>Gragoat\u00e1).<\/strong><\/p>\n<p><strong>Refer\u00eancias:<\/strong><\/p>\n<ul>\n<li>E. L. Lima: <em>An\u00e1lise Real volume 1<\/em>, IMPA.<\/li>\n<li>R. Teixeira: Resumos dispon\u00edveis em <a href=\"http:\/\/www.professores.uff.br\/ralphteixeira\/ensino\/\">http:\/\/www.professores.uff.br\/ralphteixeira\/ensino\/<\/a><\/li>\n<\/ul>\n<p><strong>Data da P1:\u00a0<\/strong>30 de Janeiro de 2020, das 16hrs \u00e0s 20hrs, na <strong>sala 502 do Bloco A do <em>Campus <\/em>Gragoat\u00e1.<\/strong><\/p>\n<p><a href=\"https:\/\/www.dropbox.com\/s\/72ecumatgivs4rk\/lista1.pdf?dl=0\">Lista de Exerc\u00edcios para a P1<\/a> (<a href=\"https:\/\/www.dropbox.com\/s\/jz2k3d1m05dcihj\/lista1gabarito.pdf?dl=0\">Gabarito<\/a>)<\/p>\n<p><a href=\"https:\/\/www.dropbox.com\/s\/i0xvvcqefymbf0d\/P1gabarito.pdf?dl=0\">Gabarito da P1<\/a><\/p>\n<p><strong>ATEN\u00c7\u00c3O:<\/strong> As aulas dos dias 02 e 04 de Mar\u00e7o ser\u00e3o na <strong>sala 407 do Bloco H (Gragoat\u00e1)<\/strong>.<\/p>\n<p><strong>Data da P2:<\/strong> 05 de Mar\u00e7o de 2020, das 16hrs \u00e0s 20hrs, na <strong>sala 407 do Bloco H (Gragoat\u00e1)<\/strong>.<\/p>\n<p><a href=\"https:\/\/www.dropbox.com\/s\/blgid9wqre674ij\/lista2.pdf?dl=0\">Lista de exerc\u00edcios para a P2 <\/a>(<a href=\"https:\/\/www.dropbox.com\/s\/30gmor0oapuy6kx\/lista2gabarito.pdf?dl=0\">Gabarito<\/a>)<\/p>\n<p><a href=\"https:\/\/www.dropbox.com\/s\/gkxpa6g9lbrx2ns\/P2gabarito.pdf?dl=0\">Gabarito da P2<\/a><\/p>\n<h1>2019.2<\/h1>\n<h2>Introdu\u00e7\u00e3o \u00e0 Geometria Convexa<\/h2>\n<p><strong>Refer\u00eancias: <\/strong><\/p>\n<ul>\n<li>Notas de aula em &#8220;<a href=\"http:\/\/www.professores.uff.br\/vitorbalestro\/publications\/\">Publications<\/a>&#8220;.<\/li>\n<li>R. Schneider: <em>Convex Bodies: The Brunn-Minkowski<\/em> <em>Theory<\/em>, Second Edition. Encyclopedia of Mathematics and Its Applications <strong>151<\/strong>, Cambridge University Press, 2014.<\/li>\n<li>S. Artstein-Avidan, A. Giannopoulos, V. Milman: <em>Asymptotic Geometric Analysis, Part I<\/em>. Mathematical Surveys and Monographs <strong>202<\/strong>, American Mathematical Society, 2015.<\/li>\n<\/ul>\n<h1 class=\"PwMt2d\">2019.1<\/h1>\n<h2>Matem\u00e1tica para Economia II &#8211; Turma C1<\/h2>\n<p><strong>Revis\u00e3o de Derivadas<\/strong>: Se\u00e7\u00f5es 7.1, 7.2, 7.3, 7.4, 7.5, 7.7, 7.8 e 7.10 do livro <em>C\u00e1lculo Volume 1<\/em>, de Hamilton Luiz Guidorizzi. Tente resolver ao menos os 3 ou 4 primeiros exerc\u00edcios de cada se\u00e7\u00e3o.<\/p>\n<p><strong>Primeiros exerc\u00edcios de Integrais: <\/strong>Exercicios 1 e 3 da se\u00e7\u00e3o 12.1 (Primitivas Imediatas). Estudar tamb\u00e9m a teoria da se\u00e7\u00e3o.<\/p>\n<p><strong>Se\u00e7\u00e3o 12.2: <\/strong>Estudar os exemplos e resolver os exerc\u00edcios 1, 3(letras a,b,c,d,g) e 4.<\/p>\n<p><strong>Se\u00e7\u00e3o 12.3: <\/strong>Estudar os exemplos e resolver o exerc\u00edcio 1.<\/p>\n<p><strong>Se\u00e7\u00e3o 11.5: <\/strong>Estudar os exemplos e resolver os exerc\u00edcios de 1 a 45.<\/p>\n<p><strong>Se\u00e7\u00e3o 11.6: <\/strong>Estudar os exemplos e resolver os exerc\u00edcios 1, 2, 3, 4, 5, 6, 7, 12, 16 e 17.<\/p>\n<p><strong>Mat\u00e9ria da P2: <\/strong>No livro C\u00e1lculo &#8211; Volume 2, James Stewart, estudar as se\u00e7\u00f5es:<\/p>\n<ul>\n<li>9.1, exerc\u00edcios 1, 2, 3, 4, 5, 10, 11 e 12.<\/li>\n<li>9.3, exerc\u00edcios 1 a 18.<\/li>\n<li>9.5, exerc\u00edcios 1 a 20.<\/li>\n<\/ul>\n<p><a href=\"https:\/\/www.dropbox.com\/s\/edxqyg3wdj9tvw1\/lista3.pdf?dl=0\">Lista de exerc\u00edcios de equa\u00e7\u00f5es \u00e0 diferen\u00e7as<\/a><\/p>\n<p><a href=\"https:\/\/www.dropbox.com\/s\/fzbdc9wok5bzvlb\/tabelaMATRICULAS.pdf?dl=0\">Resultado Final<\/a><\/p>\n<p><strong>Mat\u00e9ria da VS (10\/07\/2019):<\/strong> integrais por substitui\u00e7\u00e3o e por partes, c\u00e1lculo de \u00e1reas, equa\u00e7\u00f5es diferenciais separ\u00e1veis, equa\u00e7\u00f5es diferenciais lineares de primeira ordem, equa\u00e7\u00f5es \u00e0 diferen\u00e7as de primeira ordem, e equa\u00e7\u00f5es \u00e0 diferen\u00e7as de segunda ordem homog\u00eaneas.<\/p>\n<h2>\u00c1lgebra Linear II &#8211; Turma L2<\/h2>\n<p><strong>Refer\u00eancia: <\/strong><em>\u00c1lgebra Linear, <\/em>Serge Lang.<\/p>\n<p><strong>Se\u00e7\u00e3o 1.1:<\/strong> Exerc\u00edcios 6, 7, 8, 9 e 10.<\/p>\n<p><strong>Se\u00e7\u00e3o 1.2:<\/strong> Exerc\u00edcios 1, 2, 3, 4, 7, 8 e 9.<\/p>\n<p><strong>Se\u00e7\u00e3o 3.2: <\/strong>Exerc\u00edcios: 1, 3, 4, 6, 9, 11, 14, 15 e 18.<\/p>\n<p><strong>Se\u00e7\u00e3o 3.3: <\/strong>Exerc\u00edcios: 1, 2, 3, 4, 5, 6, 17 e 18.<\/p>\n<p><strong>Se\u00e7\u00e3o 3.4: <\/strong>Exerc\u00edcios: 1, 2, 4, 5, 6, 7, 8, 9 e 10.<\/p>\n<h1 class=\"PwMt2d\">Ver\u00e3o\/2019<\/h1>\n<h2>An\u00e1lise Funcional<\/h2>\n<p><strong>Refer\u00eancias: <\/strong><\/p>\n<ul>\n<li>Haim Brezis: <em>Functional Analysis, Sobolev Spaces and Partial Differential Equations. <\/em>Universitext, Springer, 2011.<\/li>\n<li>C\u00e9sar R. de Oliveira: <em>Introdu\u00e7\u00e3o \u00e0 An\u00e1lise Funcional<\/em>. Projeto Euclides, IMPA, 2010.<\/li>\n<li>Vitor Balestro, Bruno Santiago e Ralph Teixeira: Notas dispon\u00edveis em <a href=\"http:\/\/www.professores.uff.br\/vitorbalestro\/publications\/\">Publications<\/a> (em prepara\u00e7\u00e3o), 2019.<\/li>\n<\/ul>\n<p>Data da P1: 01\/02\/2019. (<a href=\"https:\/\/www.dropbox.com\/s\/i6w0k706d6ichgc\/gabaritop1.pdf?dl=0\">Gabarito da P1<\/a>)<\/p>\n<p>Data da P2: 28\/02\/2019 (<a href=\"https:\/\/www.dropbox.com\/s\/hhl2fwcs72i85ze\/gabaritop2.pdf?dl=0\">Gabarito da P2<\/a>)<\/p>\n<h1 class=\"PwMt2d\">2018.2<\/h1>\n<h2 class=\"PwMt2d\">Matem\u00e1tica para Economia II &#8211; Turma A1<\/h2>\n<p id=\"h.p_VIKOoEjL_4Po\" class=\"zfr3Q\"><strong>Data da P2<\/strong>: 14 de Novembro de 2018.<\/p>\n<p id=\"h.p_gyTngA5kAM7l\" class=\"zfr3Q\"><strong>Conte\u00fado, bibliografia e exerc\u00edcios selecionados:<\/strong><\/p>\n<p>Parte 1: Equa\u00e7\u00f5es diferenciais<strong>. <\/strong><\/p>\n<p id=\"h.p_3IPJn-d4AmhU\" class=\"zfr3Q\"><strong>Refer\u00eancia:<\/strong> James Stewart, <em>C\u00e1lculo volume II<\/em>, 6 edi\u00e7\u00e3o. Editora Cencage Learning, 2010.<\/p>\n<p id=\"h.p_XRORcTU1BSUN\" class=\"zfr3Q\"><strong>Exerc\u00edcios selecionados: <\/strong><\/p>\n<p id=\"h.p_eYXexpIzBf4-\" class=\"zfr3Q\"><strong>Se\u00e7\u00e3o 9.1 &#8211; <\/strong>1, 2, 4, 5, 6, 10, 11, 12.<\/p>\n<p id=\"h.p_U9QkQmYDBhHG\" class=\"zfr3Q\"><strong>Se\u00e7\u00e3o 9.3 &#8211; <\/strong>1 a 18 (escolher), 21, 22, 48 (desafio).<\/p>\n<p id=\"h.p_J9oiLxAOBhrA\" class=\"zfr3Q\"><strong>Se\u00e7\u00e3o 9.5 &#8211; <\/strong>1 a 20 (escolher), 23, 24, 25, 35.<\/p>\n<p id=\"h.p_pbnIlnKJArMb\" class=\"zfr3Q\">Parte 2: Equa\u00e7\u00f5es a diferen\u00e7as. <a class=\"dhtgD\" href=\"https:\/\/www.google.com\/url?q=https%3A%2F%2Fwww.dropbox.com%2Fs%2F72b8ofn0ka157rv%2Flista.pdf%3Fdl%3D0&amp;sa=D&amp;sntz=1&amp;usg=AFQjCNEUGkrlIPUqxcQIBfaXWvkclWCb4g\" target=\"_blank\" rel=\"noopener noreferrer\">Lista de Exerc\u00edcios<\/a>.<\/p>\n<p class=\"zfr3Q\"><a href=\"https:\/\/www.dropbox.com\/s\/frirklf76zk4fd2\/tabeladenotas.pdf?dl=0\">Resultado Final<\/a><\/p>\n<p id=\"h.p_05vkcHZls_ih\" class=\"zfr3Q\"><strong>Data da VR<\/strong>: 26 de Novembro.<\/p>\n<p class=\"zfr3Q\">Conte\u00fado da VR: Integra\u00e7\u00e3o por partes, integra\u00e7\u00e3o por substitui\u00e7\u00e3o, equa\u00e7\u00f5es diferenciais, equa\u00e7\u00f5es separ\u00e1veis e equa\u00e7\u00f5es lineares de primeira ordem.<\/p>\n<p id=\"h.p_S8fqZ0LItYPr\" class=\"zfr3Q\"><strong>Data da VS<\/strong>: 03 de Dezembro (todo o conte\u00fado do semestre).<\/p>\n<div class=\"a4qjWd EKJj3b\"><\/div>\n<h2 class=\"PwMt2d\">Matem\u00e1tica Discreta &#8211; Turma A1<\/h2>\n<p id=\"h.p_kJhoUog3tF_v\" class=\"zfr3Q\"><strong>Data da P2<\/strong>: 21 de Novembro<\/p>\n<p id=\"h.p_Tb7u4wbptqm3\" class=\"zfr3Q\"><a class=\"dhtgD\" href=\"https:\/\/www.google.com\/url?q=https%3A%2F%2Fwww.dropbox.com%2Fs%2Fhtnykxx8cobctup%2Flistacombinatoria.pdf%3Fdl%3D0&amp;sa=D&amp;sntz=1&amp;usg=AFQjCNEdRr6F1dSuKrWIGWUADYWfoOhyqg\" target=\"_blank\" rel=\"noopener noreferrer\">Lista de Exerc\u00edcios 1<\/a><\/p>\n<p id=\"h.p_fESt_Jxyt3vx\" class=\"zfr3Q\"><a class=\"dhtgD\" href=\"https:\/\/www.google.com\/url?q=https%3A%2F%2Fwww.dropbox.com%2Fs%2F96mrud9mht82ex7%2Flista2.pdf%3Fdl%3D0&amp;sa=D&amp;sntz=1&amp;usg=AFQjCNEh_YE_-6OQCnUAqiFktBakAdHkNw\" target=\"_blank\" rel=\"noopener noreferrer\">Lista de Exerc\u00edcios 2<\/a><\/p>\n<p class=\"zfr3Q\"><a class=\"dhtgD\" href=\"https:\/\/www.google.com\/url?q=https%3A%2F%2Fwww.dropbox.com%2Fs%2F4whh4hdcu67lmsg%2Flista3.pdf%3Fdl%3D0&amp;sa=D&amp;sntz=1&amp;usg=AFQjCNEAkYMSyXRc7LH9m2ST7hOeNnXskg\" target=\"_blank\" rel=\"noopener noreferrer\">Lista de Exerc\u00edcios 3<\/a><\/p>\n<p class=\"zfr3Q\"><a href=\"https:\/\/www.dropbox.com\/s\/lxptslpcbs8x9hv\/tabeladenotas.pdf?dl=0\">Resultado Final<\/a><\/p>\n<p id=\"h.p_mZsPGll4t446\" class=\"zfr3Q\"><strong>Data da VR<\/strong>: 28 de Novembro.<\/p>\n<p class=\"zfr3Q\">Conte\u00fado da VR: Rela\u00e7\u00f5es de recorr\u00eancia, combinat\u00f3ria e fun\u00e7\u00f5es.<\/p>\n<p id=\"h.p_CDhEUGkIt5oV\" class=\"zfr3Q\"><strong>Data da VS<\/strong>: 05 de Dezembro (todo o conte\u00fado do semestre).<\/p>\n","protected":false},"excerpt":{"rendered":"<p>HOR\u00c1RIOS DE MONITORIA DO GAN &#8211; 2021\/2 Ver\u00e3o\/2020 An\u00e1lise na Reta Importante: a partir de 15 de Janeiro as aulas ser\u00e3o na Sala 502 do Bloco A (campus Gragoat\u00e1). Refer\u00eancias: E. L. Lima: An\u00e1lise Real volume 1, IMPA. R. Teixeira: Resumos dispon\u00edveis em http:\/\/www.professores.uff.br\/ralphteixeira\/ensino\/ Data da P1:\u00a030 de Janeiro de 2020, das 16hrs \u00e0s 20hrs, [&hellip;]<\/p>\n","protected":false},"author":205,"featured_media":0,"parent":0,"menu_order":0,"comment_status":"closed","ping_status":"closed","template":"","meta":{"_exactmetrics_skip_tracking":false,"_exactmetrics_sitenote_active":false,"_exactmetrics_sitenote_note":"","_exactmetrics_sitenote_category":0,"footnotes":""},"categories":[],"tags":[],"class_list":["post-13","page","type-page","status-publish","hentry"],"_links":{"self":[{"href":"https:\/\/www.professores.uff.br\/vitorbalestro\/wp-json\/wp\/v2\/pages\/13","targetHints":{"allow":["GET"]}}],"collection":[{"href":"https:\/\/www.professores.uff.br\/vitorbalestro\/wp-json\/wp\/v2\/pages"}],"about":[{"href":"https:\/\/www.professores.uff.br\/vitorbalestro\/wp-json\/wp\/v2\/types\/page"}],"author":[{"embeddable":true,"href":"https:\/\/www.professores.uff.br\/vitorbalestro\/wp-json\/wp\/v2\/users\/205"}],"replies":[{"embeddable":true,"href":"https:\/\/www.professores.uff.br\/vitorbalestro\/wp-json\/wp\/v2\/comments?post=13"}],"version-history":[{"count":48,"href":"https:\/\/www.professores.uff.br\/vitorbalestro\/wp-json\/wp\/v2\/pages\/13\/revisions"}],"predecessor-version":[{"id":327,"href":"https:\/\/www.professores.uff.br\/vitorbalestro\/wp-json\/wp\/v2\/pages\/13\/revisions\/327"}],"wp:attachment":[{"href":"https:\/\/www.professores.uff.br\/vitorbalestro\/wp-json\/wp\/v2\/media?parent=13"}],"wp:term":[{"taxonomy":"category","embeddable":true,"href":"https:\/\/www.professores.uff.br\/vitorbalestro\/wp-json\/wp\/v2\/categories?post=13"},{"taxonomy":"post_tag","embeddable":true,"href":"https:\/\/www.professores.uff.br\/vitorbalestro\/wp-json\/wp\/v2\/tags?post=13"}],"curies":[{"name":"wp","href":"https:\/\/api.w.org\/{rel}","templated":true}]}}