{"id":4494,"date":"2022-03-14T14:16:58","date_gmt":"2022-03-14T17:16:58","guid":{"rendered":"http:\/\/friendslab.uff.br\/?page_id=4494"},"modified":"2022-06-03T09:58:34","modified_gmt":"2022-06-03T12:58:34","slug":"5girls-sistema-eletrico","status":"publish","type":"page","link":"https:\/\/www.professores.uff.br\/yonalopes\/5girls-sistema-eletrico\/","title":{"rendered":"5Girls | Sistema El\u00e9trico"},"content":{"rendered":"<p>[et_pb_section fb_built=&#8221;1&#8243; admin_label=&#8221;Hero Section&#8221; _builder_version=&#8221;3.22&#8243; use_background_color_gradient=&#8221;on&#8221; background_color_gradient_start=&#8221;#2d3757&#8243; background_color_gradient_end=&#8221;#212529&#8243; custom_padding=&#8221;100px|0px|100px|0px&#8221;][et_pb_row _builder_version=&#8221;4.6.0&#8243; _module_preset=&#8221;default&#8221;][et_pb_column _builder_version=&#8221;4.6.0&#8243; _module_preset=&#8221;default&#8221; type=&#8221;4_4&#8243;][et_pb_menu menu_id=&#8221;24&#8243; menu_style=&#8221;centered&#8221; submenu_direction=&#8221;upwards&#8221; search_icon_color=&#8221;#e52a6f&#8221; menu_icon_color=&#8221;#e52a6f&#8221; _builder_version=&#8221;4.6.0&#8243; _module_preset=&#8221;default&#8221; menu_font=&#8221;|600|||||||&#8221; menu_font_size=&#8221;20px&#8221; background_enable_color=&#8221;off&#8221; background_layout=&#8221;dark&#8221; global_module=&#8221;5485&#8243;][\/et_pb_menu][\/et_pb_column][\/et_pb_row][et_pb_row column_structure=&#8221;1_2,1_2&#8243; _builder_version=&#8221;3.25&#8243; background_size=&#8221;initial&#8221; background_position=&#8221;top_left&#8221; background_repeat=&#8221;repeat&#8221; custom_margin=&#8221;|||&#8221;][et_pb_column type=&#8221;1_2&#8243; _builder_version=&#8221;3.25&#8243; custom_padding=&#8221;40px|||&#8221; custom_padding__hover=&#8221;|||&#8221;][et_pb_text _builder_version=&#8221;3.27.4&#8243; text_font=&#8221;PT Sans||||||||&#8221; text_text_color=&#8221;rgba(255,255,255,0.7)&#8221; text_font_size=&#8221;18px&#8221; text_line_height=&#8221;1.8em&#8221; header_font=&#8221;Poppins|500|||||||&#8221; header_text_color=&#8221;#ffffff&#8221; header_font_size=&#8221;44px&#8221; header_line_height=&#8221;1.3em&#8221; header_2_font=&#8221;||||||||&#8221; header_3_font=&#8221;||||||||&#8221; header_4_font=&#8221;||||||||&#8221;]<\/p>\n<h1>Sistema El\u00e9trico<\/h1>\n<p>\u00a0As aplica\u00e7\u00f5es de miss\u00e3o cr\u00edtica do Sistema El\u00e9trico s\u00e3o as que possuem requisitos r\u00edgidos e espec\u00edficos a serem atendidos pelas tecnologias de comunica\u00e7\u00e3o. Tradicionalmente, os arranjos de rede para as aplica\u00e7\u00f5es no setor el\u00e9trico utilizam majoritariamente sistemas cabeados devido \u00e0 alta criticidade no atendimento a requisitos como baixa lat\u00eancia no envio e recebimento de sinais e alta confiabilidade e disponibilidade da rede. Alguns exemplos dessas aplica\u00e7\u00f5es s\u00e3o:<\/p>\n<p>[\/et_pb_text][\/et_pb_column][et_pb_column type=&#8221;1_2&#8243; _builder_version=&#8221;3.25&#8243; custom_padding=&#8221;|||&#8221; custom_padding__hover=&#8221;|||&#8221;][et_pb_image src=&#8221;http:\/\/www.professores.uff.br\/yonalopes\/wp-content\/uploads\/sites\/216\/2022\/03\/Woman8.png&#8221; title_text=&#8221;Woman(8)&#8221; _builder_version=&#8221;4.6.0&#8243; max_width=&#8221;85%&#8221; max_width_tablet=&#8221;77%&#8221; max_width_phone=&#8221;&#8221; max_width_last_edited=&#8221;on|desktop&#8221; module_alignment=&#8221;left&#8221; min_height=&#8221;206px&#8221; custom_margin=&#8221;33px|||||&#8221; custom_padding=&#8221;50px|||||&#8221; animation_style=&#8221;slide&#8221; animation_direction=&#8221;top&#8221; animation_intensity_slide=&#8221;10%&#8221; always_center_on_mobile=&#8221;off&#8221;][\/et_pb_image][\/et_pb_column][\/et_pb_row][et_pb_row _builder_version=&#8221;4.6.0&#8243; _module_preset=&#8221;default&#8221;][et_pb_column type=&#8221;4_4&#8243; _builder_version=&#8221;4.6.0&#8243; _module_preset=&#8221;default&#8221;][et_pb_button button_url=&#8221;https:\/\/www.professores.uff.br\/yonalopes\/5girls-4\/&#8221; button_text=&#8221;Voltar&#8221; button_alignment=&#8221;left&#8221; _builder_version=&#8221;4.6.0&#8243; button_text_size=&#8221;16px&#8221; button_text_color=&#8221;ffff&#8221; button_bg_color=&#8221;rgba(12,206,173,0)&#8221; button_bg_color_gradient_start=&#8221;#361575&#8243; button_bg_color_gradient_end=&#8221;#aa23aa&#8221; button_letter_spacing=&#8221;3px&#8221; button_font=&#8221;PT Sans|700||on|||||&#8221; button_on_hover=&#8221;off&#8221; background_layout=&#8221;dark&#8221; custom_margin=&#8221;|||&#8221; custom_padding=&#8221;|||&#8221; animation_style=&#8221;slide&#8221; locked=&#8221;off&#8221; button_text_size__hover_enabled=&#8221;off&#8221; button_one_text_size__hover_enabled=&#8221;off&#8221; button_two_text_size__hover_enabled=&#8221;off&#8221; button_text_color__hover_enabled=&#8221;off&#8221; button_one_text_color__hover_enabled=&#8221;off&#8221; button_two_text_color__hover_enabled=&#8221;off&#8221; button_border_width__hover_enabled=&#8221;off&#8221; button_one_border_width__hover_enabled=&#8221;off&#8221; button_two_border_width__hover_enabled=&#8221;off&#8221; button_border_color__hover_enabled=&#8221;off&#8221; button_one_border_color__hover_enabled=&#8221;off&#8221; button_two_border_color__hover_enabled=&#8221;off&#8221; button_border_radius__hover_enabled=&#8221;off&#8221; button_one_border_radius__hover_enabled=&#8221;off&#8221; button_two_border_radius__hover_enabled=&#8221;off&#8221; button_letter_spacing__hover_enabled=&#8221;off&#8221; button_one_letter_spacing__hover_enabled=&#8221;off&#8221; button_two_letter_spacing__hover_enabled=&#8221;off&#8221; button_bg_color__hover_enabled=&#8221;off&#8221; button_one_bg_color__hover_enabled=&#8221;off&#8221; button_two_bg_color__hover_enabled=&#8221;off&#8221;][\/et_pb_button][\/et_pb_column][\/et_pb_row][et_pb_row column_structure=&#8221;1_5,1_5,1_5,1_5,1_5&#8243; _builder_version=&#8221;4.6.0&#8243;][et_pb_column type=&#8221;1_5&#8243; _builder_version=&#8221;3.25&#8243; custom_padding=&#8221;|||&#8221; custom_padding__hover=&#8221;|||&#8221;][et_pb_blurb title=&#8221;Sistemas de Prote\u00e7\u00e3o, Controle e Supervis\u00e3o (SPCS)&#8221; image=&#8221;http:\/\/www.professores.uff.br\/yonalopes\/wp-content\/uploads\/sites\/216\/2022\/04\/SPCS5.png&#8221; _builder_version=&#8221;4.6.0&#8243; header_font=&#8221;PT Sans|700|||||||&#8221; header_line_height=&#8221;25px&#8221; body_font=&#8221;PT Sans||||||||&#8221; body_text_color=&#8221;rgba(255,255,255,0.7)&#8221; body_line_height=&#8221;1.8em&#8221; text_orientation=&#8221;center&#8221; background_layout=&#8221;dark&#8221; custom_margin=&#8221;|||&#8221; custom_padding=&#8221;|||&#8221; animation_style=&#8221;slide&#8221; animation_direction=&#8221;bottom&#8221; animation_intensity_slide=&#8221;10%&#8221; animation=&#8221;off&#8221;]<\/p>\n<p>Envio de sinais anal\u00f3gicos e digitais atrav\u00e9s de mensagens baseadas na norma IEC61850, como Sampled Values e GOOSE. Nessas aplica\u00e7\u00f5es a lat\u00eancia da rede deve ser m\u00ednima, a fim de garantir a opera\u00e7\u00e3o efetiva e sem atraso dos dispositivos de prote\u00e7\u00e3o.<\/p>\n<p>[\/et_pb_blurb][\/et_pb_column][et_pb_column type=&#8221;1_5&#8243; _builder_version=&#8221;3.25&#8243; custom_padding=&#8221;|||&#8221; custom_padding__hover=&#8221;|||&#8221;][et_pb_blurb title=&#8221;Esquemas de Teleprote\u00e7\u00e3o&#8221; image=&#8221;http:\/\/www.professores.uff.br\/yonalopes\/wp-content\/uploads\/sites\/216\/2022\/04\/Teleprote\u00e7\u00e3o.png&#8221; _builder_version=&#8221;4.6.0&#8243; header_font=&#8221;PT Sans|700|||||||&#8221; header_line_height=&#8221;25px&#8221; body_font=&#8221;PT Sans||||||||&#8221; body_text_color=&#8221;rgba(255,255,255,0.7)&#8221; body_line_height=&#8221;1.8em&#8221; text_orientation=&#8221;center&#8221; background_layout=&#8221;dark&#8221; custom_margin=&#8221;|||&#8221; custom_padding=&#8221;|||&#8221; animation_style=&#8221;slide&#8221; animation_direction=&#8221;bottom&#8221; animation_delay=&#8221;200ms&#8221; animation_intensity_slide=&#8221;10%&#8221; animation=&#8221;off&#8221;]<\/p>\n<p>Consiste no envio e recebimento de informa\u00e7\u00f5es entre dispositivos localizados em subesta\u00e7\u00f5es distintas utilizando canais de telecomunica\u00e7\u00e3o.<\/p>\n<p>[\/et_pb_blurb][\/et_pb_column][et_pb_column type=&#8221;1_5&#8243; _builder_version=&#8221;3.25&#8243; custom_padding=&#8221;|||&#8221; custom_padding__hover=&#8221;|||&#8221;][et_pb_blurb title=&#8221;Sistema de Medi\u00e7\u00e3o Sincronizada de Fasores (SMSF)&#8221; image=&#8221;http:\/\/www.professores.uff.br\/yonalopes\/wp-content\/uploads\/sites\/216\/2022\/04\/SMSF1.png&#8221; _builder_version=&#8221;4.6.0&#8243; header_font=&#8221;PT Sans|700|||||||&#8221; header_line_height=&#8221;25px&#8221; body_font=&#8221;PT Sans||||||||&#8221; body_text_color=&#8221;rgba(255,255,255,0.7)&#8221; body_line_height=&#8221;1.8em&#8221; text_orientation=&#8221;center&#8221; background_layout=&#8221;dark&#8221; custom_margin=&#8221;|||&#8221; custom_padding=&#8221;|||&#8221; animation_style=&#8221;slide&#8221; animation_direction=&#8221;bottom&#8221; animation_delay=&#8221;200ms&#8221; animation_intensity_slide=&#8221;10%&#8221; animation=&#8221;off&#8221;]<\/p>\n<p>Envio de amostras de alguns par\u00e2metros do sistema el\u00e9trico de forma sincronizada em diversos pontos do Sistema Interligado Nacional (SIN), a fim de analisar o comportamento do sistema quando necess\u00e1rio.<\/p>\n<p>[\/et_pb_blurb][\/et_pb_column][et_pb_column type=&#8221;1_5&#8243; _builder_version=&#8221;4.9.1&#8243; _module_preset=&#8221;default&#8221;][et_pb_blurb title=&#8221;Redes inteligentes no setor de distribui\u00e7\u00e3o&#8221; image=&#8221;http:\/\/www.professores.uff.br\/yonalopes\/wp-content\/uploads\/sites\/216\/2022\/03\/Frame-11851.png&#8221; _builder_version=&#8221;4.6.0&#8243; header_font=&#8221;PT Sans|700|||||||&#8221; header_line_height=&#8221;25px&#8221; body_font=&#8221;PT Sans||||||||&#8221; body_text_color=&#8221;rgba(255,255,255,0.7)&#8221; body_line_height=&#8221;1.8em&#8221; text_orientation=&#8221;center&#8221; background_layout=&#8221;dark&#8221; custom_margin=&#8221;|||&#8221; custom_padding=&#8221;|||&#8221; animation_style=&#8221;slide&#8221; animation_direction=&#8221;bottom&#8221; animation_intensity_slide=&#8221;10%&#8221; animation=&#8221;off&#8221;]<\/p>\n<p>Consiste no uso de sensores, medidores e religadores inteligentes a fim de aprimorar a qualidade no fornecimento de energia.<\/p>\n<p>[\/et_pb_blurb][\/et_pb_column][et_pb_column type=&#8221;1_5&#8243; _builder_version=&#8221;4.9.1&#8243; _module_preset=&#8221;default&#8221;][et_pb_blurb title=&#8221;Realidade Aumentada (AR)&#8221; image=&#8221;http:\/\/www.professores.uff.br\/yonalopes\/wp-content\/uploads\/sites\/216\/2022\/03\/SPCS2.png&#8221; _builder_version=&#8221;4.6.0&#8243; header_font=&#8221;PT Sans|700|||||||&#8221; header_line_height=&#8221;25px&#8221; body_font=&#8221;PT Sans||||||||&#8221; body_text_color=&#8221;rgba(255,255,255,0.7)&#8221; body_line_height=&#8221;1.8em&#8221; text_orientation=&#8221;center&#8221; background_layout=&#8221;dark&#8221; custom_margin=&#8221;|||&#8221; custom_padding=&#8221;|0px||||&#8221; animation_style=&#8221;slide&#8221; animation_direction=&#8221;bottom&#8221; animation_delay=&#8221;200ms&#8221; animation_intensity_slide=&#8221;10%&#8221; animation=&#8221;off&#8221;]<\/p>\n<p>A aplica\u00e7\u00e3o de AR no setor el\u00e9trico vem prometendo avan\u00e7os para rotinas de manuten\u00e7\u00e3o e inspe\u00e7\u00e3o remota em subesta\u00e7\u00f5es e redes de distribui\u00e7\u00e3o.<\/p>\n<p>[\/et_pb_blurb][\/et_pb_column][\/et_pb_row][\/et_pb_section]<\/p>\n","protected":false},"excerpt":{"rendered":"<p>Sistema El\u00e9trico \u00a0As aplica\u00e7\u00f5es de miss\u00e3o cr\u00edtica do Sistema El\u00e9trico s\u00e3o as que possuem requisitos r\u00edgidos e espec\u00edficos a serem atendidos pelas tecnologias de comunica\u00e7\u00e3o. Tradicionalmente, os arranjos de rede para as aplica\u00e7\u00f5es no setor el\u00e9trico utilizam majoritariamente sistemas cabeados devido \u00e0 alta criticidade no atendimento a requisitos como baixa lat\u00eancia no envio e recebimento [&hellip;]<\/p>\n","protected":false},"author":257,"featured_media":0,"parent":0,"menu_order":0,"comment_status":"closed","ping_status":"closed","template":"","meta":{"_et_pb_use_builder":"on","_et_pb_old_content":"","_et_gb_content_width":"","_exactmetrics_skip_tracking":false,"_exactmetrics_sitenote_active":false,"_exactmetrics_sitenote_note":"","_exactmetrics_sitenote_category":0,"footnotes":""},"categories":[],"tags":[],"class_list":["post-4494","page","type-page","status-publish","hentry"],"_links":{"self":[{"href":"https:\/\/www.professores.uff.br\/yonalopes\/wp-json\/wp\/v2\/pages\/4494","targetHints":{"allow":["GET"]}}],"collection":[{"href":"https:\/\/www.professores.uff.br\/yonalopes\/wp-json\/wp\/v2\/pages"}],"about":[{"href":"https:\/\/www.professores.uff.br\/yonalopes\/wp-json\/wp\/v2\/types\/page"}],"author":[{"embeddable":true,"href":"https:\/\/www.professores.uff.br\/yonalopes\/wp-json\/wp\/v2\/users\/257"}],"replies":[{"embeddable":true,"href":"https:\/\/www.professores.uff.br\/yonalopes\/wp-json\/wp\/v2\/comments?post=4494"}],"version-history":[{"count":6,"href":"https:\/\/www.professores.uff.br\/yonalopes\/wp-json\/wp\/v2\/pages\/4494\/revisions"}],"predecessor-version":[{"id":5491,"href":"https:\/\/www.professores.uff.br\/yonalopes\/wp-json\/wp\/v2\/pages\/4494\/revisions\/5491"}],"wp:attachment":[{"href":"https:\/\/www.professores.uff.br\/yonalopes\/wp-json\/wp\/v2\/media?parent=4494"}],"wp:term":[{"taxonomy":"category","embeddable":true,"href":"https:\/\/www.professores.uff.br\/yonalopes\/wp-json\/wp\/v2\/categories?post=4494"},{"taxonomy":"post_tag","embeddable":true,"href":"https:\/\/www.professores.uff.br\/yonalopes\/wp-json\/wp\/v2\/tags?post=4494"}],"curies":[{"name":"wp","href":"https:\/\/api.w.org\/{rel}","templated":true}]}}