{"id":4545,"date":"2022-03-18T16:06:31","date_gmt":"2022-03-18T19:06:31","guid":{"rendered":"http:\/\/friendslab.uff.br\/?page_id=4545"},"modified":"2022-06-03T09:58:10","modified_gmt":"2022-06-03T12:58:10","slug":"5girls-inclusao-feminina","status":"publish","type":"page","link":"https:\/\/www.professores.uff.br\/yonalopes\/5girls-inclusao-feminina\/","title":{"rendered":"5Girls | Inclus\u00e3o Feminina"},"content":{"rendered":"<p>[et_pb_section fb_built=&#8221;1&#8243; admin_label=&#8221;Hero Section&#8221; _builder_version=&#8221;3.22&#8243; use_background_color_gradient=&#8221;on&#8221; background_color_gradient_start=&#8221;#2d3757&#8243; background_color_gradient_end=&#8221;#212529&#8243; custom_padding=&#8221;100px|0px|101px|0px||&#8221;][et_pb_row _builder_version=&#8221;4.6.0&#8243; _module_preset=&#8221;default&#8221;][et_pb_column _builder_version=&#8221;4.6.0&#8243; _module_preset=&#8221;default&#8221; type=&#8221;4_4&#8243;][et_pb_menu menu_id=&#8221;24&#8243; menu_style=&#8221;centered&#8221; submenu_direction=&#8221;upwards&#8221; search_icon_color=&#8221;#e52a6f&#8221; menu_icon_color=&#8221;#e52a6f&#8221; _builder_version=&#8221;4.6.0&#8243; _module_preset=&#8221;default&#8221; menu_font=&#8221;|600|||||||&#8221; menu_font_size=&#8221;20px&#8221; background_enable_color=&#8221;off&#8221; background_layout=&#8221;dark&#8221; global_module=&#8221;5485&#8243;][\/et_pb_menu][\/et_pb_column][\/et_pb_row][et_pb_row column_structure=&#8221;1_2,1_2&#8243; _builder_version=&#8221;3.25&#8243; background_size=&#8221;initial&#8221; background_position=&#8221;top_left&#8221; background_repeat=&#8221;repeat&#8221; custom_margin=&#8221;|||&#8221;][et_pb_column type=&#8221;1_2&#8243; _builder_version=&#8221;3.25&#8243; custom_padding=&#8221;40px|||&#8221; custom_padding__hover=&#8221;|||&#8221;][et_pb_text _builder_version=&#8221;3.27.4&#8243; text_font=&#8221;PT Sans||||||||&#8221; text_text_color=&#8221;rgba(255,255,255,0.7)&#8221; text_font_size=&#8221;18px&#8221; text_line_height=&#8221;1.8em&#8221; header_font=&#8221;Poppins|500|||||||&#8221; header_text_color=&#8221;#ffffff&#8221; header_font_size=&#8221;44px&#8221; header_line_height=&#8221;1.3em&#8221; header_2_font=&#8221;||||||||&#8221; header_3_font=&#8221;||||||||&#8221; header_4_font=&#8221;||||||||&#8221;]<\/p>\n<h1>Inclus\u00e3o Feminina<\/h1>\n<p>A sub-representa\u00e7\u00e3o feminina \u00e9 um problema visivelmente presente, sobretudo, nas \u00e1reas de Engenharias, Computa\u00e7\u00e3o e Ci\u00eancias Exatas e da Terra, expresso tamb\u00e9m no n\u00famero de matr\u00edculas em cursos de forma\u00e7\u00e3o profissional ou na propor\u00e7\u00e3o de postos de trabalho no mercado.<\/p>\n<p>&nbsp;<\/p>\n<p>[\/et_pb_text][\/et_pb_column][et_pb_column type=&#8221;1_2&#8243; _builder_version=&#8221;3.25&#8243; custom_padding=&#8221;|||&#8221; custom_padding__hover=&#8221;|||&#8221;][et_pb_image src=&#8221;http:\/\/friendslab.uff.br\/wp-content\/uploads\/sites\/72\/2022\/03\/Woman5.png&#8221; alt=&#8221;Girl Power&#8221; title_text=&#8221;Woman(5)&#8221; _builder_version=&#8221;4.9.1&#8243; max_width=&#8221;100%&#8221; max_width_tablet=&#8221;77%&#8221; max_width_phone=&#8221;&#8221; max_width_last_edited=&#8221;on|desktop&#8221; module_alignment=&#8221;left&#8221; custom_padding=&#8221;0px|||||&#8221; animation_style=&#8221;slide&#8221; animation_direction=&#8221;top&#8221; animation_intensity_slide=&#8221;10%&#8221; always_center_on_mobile=&#8221;off&#8221;][\/et_pb_image][\/et_pb_column][\/et_pb_row][et_pb_row _builder_version=&#8221;4.6.0&#8243; _module_preset=&#8221;default&#8221;][et_pb_column type=&#8221;4_4&#8243; _builder_version=&#8221;4.6.0&#8243; _module_preset=&#8221;default&#8221;][et_pb_button button_url=&#8221;https:\/\/www.professores.uff.br\/yonalopes\/5girls-4\/&#8221; button_text=&#8221;Voltar&#8221; button_alignment=&#8221;left&#8221; _builder_version=&#8221;4.6.0&#8243; button_text_size=&#8221;16px&#8221; button_text_color=&#8221;ffff&#8221; button_bg_color=&#8221;rgba(12,206,173,0)&#8221; button_bg_color_gradient_start=&#8221;#361575&#8243; button_bg_color_gradient_end=&#8221;#aa23aa&#8221; button_letter_spacing=&#8221;3px&#8221; button_font=&#8221;PT Sans|700||on|||||&#8221; button_on_hover=&#8221;off&#8221; background_layout=&#8221;dark&#8221; custom_margin=&#8221;|||&#8221; custom_padding=&#8221;|||&#8221; animation_style=&#8221;slide&#8221; locked=&#8221;off&#8221; button_text_size__hover_enabled=&#8221;off&#8221; button_one_text_size__hover_enabled=&#8221;off&#8221; button_two_text_size__hover_enabled=&#8221;off&#8221; button_text_color__hover_enabled=&#8221;off&#8221; button_one_text_color__hover_enabled=&#8221;off&#8221; button_two_text_color__hover_enabled=&#8221;off&#8221; button_border_width__hover_enabled=&#8221;off&#8221; button_one_border_width__hover_enabled=&#8221;off&#8221; button_two_border_width__hover_enabled=&#8221;off&#8221; button_border_color__hover_enabled=&#8221;off&#8221; button_one_border_color__hover_enabled=&#8221;off&#8221; button_two_border_color__hover_enabled=&#8221;off&#8221; button_border_radius__hover_enabled=&#8221;off&#8221; button_one_border_radius__hover_enabled=&#8221;off&#8221; button_two_border_radius__hover_enabled=&#8221;off&#8221; button_letter_spacing__hover_enabled=&#8221;off&#8221; button_one_letter_spacing__hover_enabled=&#8221;off&#8221; button_two_letter_spacing__hover_enabled=&#8221;off&#8221; button_bg_color__hover_enabled=&#8221;off&#8221; button_one_bg_color__hover_enabled=&#8221;off&#8221; button_two_bg_color__hover_enabled=&#8221;off&#8221;][\/et_pb_button][\/et_pb_column][\/et_pb_row][\/et_pb_section][et_pb_section fb_built=&#8221;1&#8243; admin_label=&#8221;Newsletter Subscribe Section&#8221; _builder_version=&#8221;4.6.0&#8243; background_color=&#8221;#27c6a6&#8243; use_background_color_gradient=&#8221;on&#8221; background_color_gradient_start=&#8221;#67AECA&#8221; background_color_gradient_end=&#8221;#E52A6F&#8221; background_color_gradient_direction=&#8221;90deg&#8221; custom_margin=&#8221;0px||||false|false&#8221; custom_padding=&#8221;80px|0px|111px|0px|false|false&#8221;][et_pb_row column_structure=&#8221;1_2,1_2&#8243; _builder_version=&#8221;4.9.1&#8243; custom_margin=&#8221;|||&#8221; animation_style=&#8221;slide&#8221;][et_pb_column type=&#8221;1_2&#8243; _builder_version=&#8221;3.25&#8243; custom_padding=&#8221;40px|||&#8221; custom_padding__hover=&#8221;|||&#8221;][et_pb_text _builder_version=&#8221;4.6.0&#8243; text_font=&#8221;PT Sans||||||||&#8221; text_font_size=&#8221;18px&#8221; text_line_height=&#8221;1.8em&#8221; header_font=&#8221;||||||||&#8221; header_2_font=&#8221;Poppins|500|||||||&#8221; header_2_font_size=&#8221;38px&#8221; header_2_line_height=&#8221;1.3em&#8221; header_3_font=&#8221;||||||||&#8221; header_4_font=&#8221;||||||||&#8221; background_color=&#8221;#233542&#8243; background_layout=&#8221;dark&#8221; max_width=&#8221;700px&#8221; module_alignment=&#8221;center&#8221; custom_margin=&#8221;0px||||false|false&#8221; custom_padding=&#8221;20px|20px|20px|20px|false|false&#8221; locked=&#8221;off&#8221;]<\/p>\n<h2>Origem<\/h2>\n<p>A natureza da sub-representa\u00e7\u00e3o feminina tem ra\u00edzes profundas e complexas. Para conseguir promover equidade de g\u00eanero no mercado de trabalho, s\u00e3o necess\u00e1rias a\u00e7\u00f5es em v\u00e1rias frentes como, por exemplo, estabelecer pol\u00edticas de inclus\u00e3o, criar iniciativas que estimulem as meninas e mulheres escolherem cursar e fazer carreira em algum segmento da \u00e1rea das ci\u00eancias exatas, e quebrar paradigmas sobre estere\u00f3tipos de g\u00eanero preestabelecidos de que mulher n\u00e3o tem aptid\u00e3o para seguir na \u00e1rea das ci\u00eancias exatas em geral.<\/p>\n<p>[\/et_pb_text][\/et_pb_column][et_pb_column type=&#8221;1_2&#8243; _builder_version=&#8221;3.25&#8243; custom_padding=&#8221;|||&#8221; custom_padding__hover=&#8221;|||&#8221;][et_pb_image src=&#8221;http:\/\/friendslab.uff.br\/wp-content\/uploads\/sites\/72\/2022\/03\/Woman6.png&#8221; title_text=&#8221;Woman(6)&#8221; _builder_version=&#8221;4.6.0&#8243; _module_preset=&#8221;default&#8221; custom_margin=&#8221;90px||||false|false&#8221;][\/et_pb_image][\/et_pb_column][\/et_pb_row][\/et_pb_section][et_pb_section fb_built=&#8221;1&#8243; admin_label=&#8221;Hero Section&#8221; _builder_version=&#8221;3.22&#8243; use_background_color_gradient=&#8221;on&#8221; background_color_gradient_start=&#8221;#2d3757&#8243; background_color_gradient_end=&#8221;#212529&#8243; custom_padding=&#8221;100px|0px|101px|0px||&#8221;][et_pb_row column_structure=&#8221;1_2,1_2&#8243; _builder_version=&#8221;4.9.1&#8243; background_size=&#8221;initial&#8221; background_position=&#8221;top_left&#8221; background_repeat=&#8221;repeat&#8221; custom_margin=&#8221;|||&#8221; animation_style=&#8221;slide&#8221;][et_pb_column type=&#8221;1_2&#8243; _builder_version=&#8221;3.25&#8243; custom_padding=&#8221;40px|||&#8221; custom_padding__hover=&#8221;|||&#8221;][et_pb_text _builder_version=&#8221;3.27.4&#8243; text_font=&#8221;PT Sans||||||||&#8221; text_font_size=&#8221;18px&#8221; text_line_height=&#8221;1.8em&#8221; header_font=&#8221;||||||||&#8221; header_2_font=&#8221;Poppins|500|||||||&#8221; header_2_font_size=&#8221;38px&#8221; header_2_line_height=&#8221;1.3em&#8221; header_3_font=&#8221;||||||||&#8221; header_4_font=&#8221;||||||||&#8221; background_layout=&#8221;dark&#8221; max_width=&#8221;700px&#8221; module_alignment=&#8221;center&#8221; locked=&#8221;off&#8221;]<\/p>\n<h2>Alternativas<\/h2>\n<p>O aumento da representa\u00e7\u00e3o feminina em \u00e1reas novas e em ampla ascens\u00e3o \u00e9 uma estrat\u00e9gia de extrema relev\u00e2ncia para contribui\u00e7\u00e3o com a\u00e7\u00f5es atrativas e pol\u00edticas p\u00fablicas para inclus\u00e3o igualit\u00e1ria das mulheres nos mundos do trabalho.<\/p>\n<p>Partindo da premissa de que o acesso \u00e0 forma\u00e7\u00e3o profissional \u00e9 um bem coletivo e estrat\u00e9gico para garantir os direitos humanos e que uma educa\u00e7\u00e3o transformadora contribui para a constru\u00e7\u00e3o de uma cidadania plena, a\u00e7\u00f5es de pesquisa e extens\u00e3o que oportunizem aprendizado de meninas e mulheres nas \u00e1reas das ci\u00eancias exatas podem facilitar o acesso ao mundo do trabalho, e por consequ\u00eancia reduzir a lacuna da sub-representa\u00e7\u00e3o feminina.<\/p>\n<p>[\/et_pb_text][\/et_pb_column][et_pb_column type=&#8221;1_2&#8243; _builder_version=&#8221;3.25&#8243; custom_padding=&#8221;|||&#8221; custom_padding__hover=&#8221;|||&#8221;][et_pb_image src=&#8221;http:\/\/friendslab.uff.br\/wp-content\/uploads\/sites\/72\/2022\/03\/Woman7.png&#8221; alt=&#8221;Girl Power&#8221; title_text=&#8221;Woman(7)&#8221; _builder_version=&#8221;4.9.1&#8243; max_width=&#8221;85%&#8221; max_width_tablet=&#8221;77%&#8221; max_width_phone=&#8221;&#8221; max_width_last_edited=&#8221;on|desktop&#8221; module_alignment=&#8221;left&#8221; animation_style=&#8221;slide&#8221; animation_direction=&#8221;top&#8221; animation_intensity_slide=&#8221;10%&#8221; always_center_on_mobile=&#8221;off&#8221;][\/et_pb_image][et_pb_image src=&#8221;http:\/\/friendslab.uff.br\/wp-content\/uploads\/sites\/72\/2022\/03\/Woman8.png&#8221; alt=&#8221;Girl Power&#8221; title_text=&#8221;Woman(8)&#8221; _builder_version=&#8221;4.9.1&#8243; max_width=&#8221;85%&#8221; max_width_tablet=&#8221;77%&#8221; max_width_phone=&#8221;&#8221; max_width_last_edited=&#8221;on|desktop&#8221; module_alignment=&#8221;left&#8221; animation_direction=&#8221;top&#8221; always_center_on_mobile=&#8221;off&#8221;][\/et_pb_image][\/et_pb_column][\/et_pb_row][\/et_pb_section]<\/p>\n","protected":false},"excerpt":{"rendered":"<p>Inclus\u00e3o Feminina A sub-representa\u00e7\u00e3o feminina \u00e9 um problema visivelmente presente, sobretudo, nas \u00e1reas de Engenharias, Computa\u00e7\u00e3o e Ci\u00eancias Exatas e da Terra, expresso tamb\u00e9m no n\u00famero de matr\u00edculas em cursos de forma\u00e7\u00e3o profissional ou na propor\u00e7\u00e3o de postos de trabalho no mercado. &nbsp;Origem A natureza da sub-representa\u00e7\u00e3o feminina tem ra\u00edzes profundas e complexas. Para conseguir [&hellip;]<\/p>\n","protected":false},"author":257,"featured_media":0,"parent":0,"menu_order":0,"comment_status":"closed","ping_status":"closed","template":"","meta":{"_et_pb_use_builder":"on","_et_pb_old_content":"","_et_gb_content_width":"","_exactmetrics_skip_tracking":false,"_exactmetrics_sitenote_active":false,"_exactmetrics_sitenote_note":"","_exactmetrics_sitenote_category":0,"footnotes":""},"categories":[],"tags":[],"class_list":["post-4545","page","type-page","status-publish","hentry"],"_links":{"self":[{"href":"https:\/\/www.professores.uff.br\/yonalopes\/wp-json\/wp\/v2\/pages\/4545","targetHints":{"allow":["GET"]}}],"collection":[{"href":"https:\/\/www.professores.uff.br\/yonalopes\/wp-json\/wp\/v2\/pages"}],"about":[{"href":"https:\/\/www.professores.uff.br\/yonalopes\/wp-json\/wp\/v2\/types\/page"}],"author":[{"embeddable":true,"href":"https:\/\/www.professores.uff.br\/yonalopes\/wp-json\/wp\/v2\/users\/257"}],"replies":[{"embeddable":true,"href":"https:\/\/www.professores.uff.br\/yonalopes\/wp-json\/wp\/v2\/comments?post=4545"}],"version-history":[{"count":4,"href":"https:\/\/www.professores.uff.br\/yonalopes\/wp-json\/wp\/v2\/pages\/4545\/revisions"}],"predecessor-version":[{"id":5490,"href":"https:\/\/www.professores.uff.br\/yonalopes\/wp-json\/wp\/v2\/pages\/4545\/revisions\/5490"}],"wp:attachment":[{"href":"https:\/\/www.professores.uff.br\/yonalopes\/wp-json\/wp\/v2\/media?parent=4545"}],"wp:term":[{"taxonomy":"category","embeddable":true,"href":"https:\/\/www.professores.uff.br\/yonalopes\/wp-json\/wp\/v2\/categories?post=4545"},{"taxonomy":"post_tag","embeddable":true,"href":"https:\/\/www.professores.uff.br\/yonalopes\/wp-json\/wp\/v2\/tags?post=4545"}],"curies":[{"name":"wp","href":"https:\/\/api.w.org\/{rel}","templated":true}]}}