{"id":4676,"date":"2022-03-22T09:12:59","date_gmt":"2022-03-22T12:12:59","guid":{"rendered":"http:\/\/friendslab.uff.br\/?page_id=4676"},"modified":"2022-06-03T09:57:47","modified_gmt":"2022-06-03T12:57:47","slug":"5girls-5g","status":"publish","type":"page","link":"https:\/\/www.professores.uff.br\/yonalopes\/5girls-5g\/","title":{"rendered":"5Girls | 5G"},"content":{"rendered":"<p>[et_pb_section fb_built=&#8221;1&#8243; admin_label=&#8221;Hero Section&#8221; _builder_version=&#8221;4.6.0&#8243; use_background_color_gradient=&#8221;on&#8221; background_color_gradient_start=&#8221;#E52A6F&#8221; background_color_gradient_end=&#8221;#675682&#8243; background_color_gradient_direction=&#8221;225deg&#8221; background_enable_image=&#8221;off&#8221; background_position=&#8221;bottom_center&#8221; custom_padding=&#8221;100px|0px|100px|0px&#8221;][et_pb_row _builder_version=&#8221;4.6.0&#8243; _module_preset=&#8221;default&#8221;][et_pb_column _builder_version=&#8221;4.6.0&#8243; _module_preset=&#8221;default&#8221; type=&#8221;4_4&#8243;][et_pb_menu menu_id=&#8221;24&#8243; menu_style=&#8221;centered&#8221; submenu_direction=&#8221;upwards&#8221; search_icon_color=&#8221;#e52a6f&#8221; menu_icon_color=&#8221;#e52a6f&#8221; _builder_version=&#8221;4.6.0&#8243; _module_preset=&#8221;default&#8221; menu_font=&#8221;|600|||||||&#8221; menu_font_size=&#8221;20px&#8221; background_enable_color=&#8221;off&#8221; background_layout=&#8221;dark&#8221; global_module=&#8221;5485&#8243;][\/et_pb_menu][\/et_pb_column][\/et_pb_row][et_pb_row column_structure=&#8221;1_2,1_2&#8243; _builder_version=&#8221;3.25&#8243; background_size=&#8221;initial&#8221; background_position=&#8221;top_left&#8221; background_repeat=&#8221;repeat&#8221; custom_padding=&#8221;|||&#8221;][et_pb_column type=&#8221;1_2&#8243; _builder_version=&#8221;3.25&#8243; custom_padding=&#8221;|||&#8221; custom_padding__hover=&#8221;|||&#8221;][et_pb_text _builder_version=&#8221;4.6.0&#8243; text_font=&#8221;PT Sans||||||||&#8221; text_text_color=&#8221;rgba(255,255,255,0.7)&#8221; text_font_size=&#8221;18px&#8221; text_line_height=&#8221;1.8em&#8221; header_font=&#8221;Poppins|500|||||||&#8221; header_font_size=&#8221;38px&#8221; header_line_height=&#8221;1.3em&#8221; header_2_font=&#8221;||||||||&#8221; header_3_font=&#8221;||||||||&#8221; header_4_font=&#8221;||||||||&#8221; background_layout=&#8221;dark&#8221; custom_padding=&#8221;||0px|||&#8221;]<\/p>\n<h1>Rede 5G<\/h1>\n<p><strong>Dentro do conceito de Smart Grids, o desenvolvimento de tecnologias de rede sem fio vem se apresentando como uma alternativa \u00e0s infraestruturas de rede cabeadas convencionais. Por\u00e9m, a alta criticidade no atendimento aos requisitos de rede para as aplica\u00e7\u00f5es do setor el\u00e9trico torna as redes sem fio existentes nem sempre adequadas. \u00c9 nesse contexto que a quinta gera\u00e7\u00e3o da tecnologia m\u00f3vel celular (5G) prov\u00ea aspectos como baixa lat\u00eancia e alta confiabilidade, que fazem essa tecnologia ser promissora para diversos cen\u00e1rios do setor el\u00e9trico.<\/strong><\/p>\n<p>[\/et_pb_text][\/et_pb_column][et_pb_column type=&#8221;1_2&#8243; _builder_version=&#8221;3.25&#8243; background_blend=&#8221;overlay&#8221; custom_padding=&#8221;|||&#8221; custom_padding__hover=&#8221;|||&#8221;][et_pb_image src=&#8221;http:\/\/friendslab.uff.br\/wp-content\/uploads\/sites\/72\/2022\/03\/Woman1-1.png&#8221; title_text=&#8221;Woman(1)&#8221; align=&#8221;center&#8221; force_fullwidth=&#8221;on&#8221; _builder_version=&#8221;4.6.0&#8243; module_alignment=&#8221;left&#8221; animation_style=&#8221;slide&#8221; animation_direction=&#8221;top&#8221; animation_intensity_slide=&#8221;10%&#8221; always_center_on_mobile=&#8221;off&#8221;][\/et_pb_image][\/et_pb_column][\/et_pb_row][et_pb_row _builder_version=&#8221;4.6.0&#8243; _module_preset=&#8221;default&#8221;][et_pb_column type=&#8221;4_4&#8243; _builder_version=&#8221;4.6.0&#8243; _module_preset=&#8221;default&#8221;][et_pb_button button_url=&#8221;https:\/\/www.professores.uff.br\/yonalopes\/5girls-4\/&#8221; button_text=&#8221;Voltar &#8221; button_alignment=&#8221;left&#8221; _builder_version=&#8221;4.6.0&#8243; button_text_size=&#8221;16px&#8221; button_text_color=&#8221;ffff&#8221; button_bg_color=&#8221;rgba(12,206,173,0)&#8221; button_bg_color_gradient_start=&#8221;#361575&#8243; button_bg_color_gradient_end=&#8221;#aa23aa&#8221; button_letter_spacing=&#8221;3px&#8221; button_font=&#8221;PT Sans|700||on|||||&#8221; button_on_hover=&#8221;off&#8221; background_layout=&#8221;dark&#8221; custom_margin=&#8221;|||&#8221; custom_padding=&#8221;|||&#8221; animation_style=&#8221;slide&#8221; locked=&#8221;off&#8221; button_text_size__hover_enabled=&#8221;off&#8221; button_one_text_size__hover_enabled=&#8221;off&#8221; button_two_text_size__hover_enabled=&#8221;off&#8221; button_text_color__hover_enabled=&#8221;off&#8221; button_one_text_color__hover_enabled=&#8221;off&#8221; button_two_text_color__hover_enabled=&#8221;off&#8221; button_border_width__hover_enabled=&#8221;off&#8221; button_one_border_width__hover_enabled=&#8221;off&#8221; button_two_border_width__hover_enabled=&#8221;off&#8221; button_border_color__hover_enabled=&#8221;off&#8221; button_one_border_color__hover_enabled=&#8221;off&#8221; button_two_border_color__hover_enabled=&#8221;off&#8221; button_border_radius__hover_enabled=&#8221;off&#8221; button_one_border_radius__hover_enabled=&#8221;off&#8221; button_two_border_radius__hover_enabled=&#8221;off&#8221; button_letter_spacing__hover_enabled=&#8221;off&#8221; button_one_letter_spacing__hover_enabled=&#8221;off&#8221; button_two_letter_spacing__hover_enabled=&#8221;off&#8221; button_bg_color__hover_enabled=&#8221;off&#8221; button_one_bg_color__hover_enabled=&#8221;off&#8221; button_two_bg_color__hover_enabled=&#8221;off&#8221;][\/et_pb_button][\/et_pb_column][\/et_pb_row][\/et_pb_section][et_pb_section fb_built=&#8221;1&#8243; admin_label=&#8221;Features&#8221; _builder_version=&#8221;4.9.1&#8243; background_color=&#8221;rgba(33,37,41,0.93)&#8221; custom_padding=&#8221;100px|0px|100px|0px&#8221;][et_pb_row admin_label=&#8221;Sending Payments&#8221; _builder_version=&#8221;4.9.1&#8243; max_width=&#8221;1440px&#8221; custom_margin=&#8221;|||&#8221; use_custom_width=&#8221;on&#8221; custom_width_px=&#8221;1440px&#8221;][et_pb_column type=&#8221;4_4&#8243; _builder_version=&#8221;3.25&#8243; custom_padding=&#8221;|||&#8221; custom_padding__hover=&#8221;|||&#8221;][et_pb_text _builder_version=&#8221;4.6.0&#8243; text_font=&#8221;PT Sans||||||||&#8221; text_font_size=&#8221;18px&#8221; text_line_height=&#8221;1.8em&#8221; header_font=&#8221;||||||||&#8221; header_2_font=&#8221;Poppins|500|||||||&#8221; header_2_font_size=&#8221;38px&#8221; header_2_line_height=&#8221;1.3em&#8221; header_3_font=&#8221;||||||||&#8221; header_4_font=&#8221;||||||||&#8221; background_layout=&#8221;dark&#8221;]<\/p>\n<h2>Caracter\u00edsticas<\/h2>\n<p>Em rela\u00e7\u00e3o \u00e0s gera\u00e7\u00f5es anteriores, a tecnologia 5G tem como objetivo aprimorar a comunica\u00e7\u00e3o de dados, possibilitando uma maior conectividade entre dispositivos e usu\u00e1rios. Com base nos casos de uso e aplica\u00e7\u00f5es a serem endere\u00e7ados, foram definidas 3 (tr\u00eas) dimens\u00f5es: o Enhanced Mobile Broadband (eMBB), o Massive Machine-Type Communication (mMTC) ou Massive IoT (mIoT), e o Ultra Reliable and Low Latency Communication (URLLC).<\/p>\n<p>[\/et_pb_text][\/et_pb_column][\/et_pb_row][et_pb_row column_structure=&#8221;1_3,1_3,1_3&#8243; admin_label=&#8221;Sending Payments&#8221; _builder_version=&#8221;4.6.0&#8243; max_width=&#8221;1440px&#8221; custom_margin=&#8221;|||&#8221; use_custom_width=&#8221;on&#8221; custom_width_px=&#8221;1440px&#8221;][et_pb_column type=&#8221;1_3&#8243; _builder_version=&#8221;3.25&#8243; custom_padding=&#8221;|||&#8221; custom_padding__hover=&#8221;|||&#8221;][et_pb_image src=&#8221;http:\/\/friendslab.uff.br\/wp-content\/uploads\/sites\/72\/2022\/03\/Woman3-1.png&#8221; title_text=&#8221;Woman(3)&#8221; align=&#8221;center&#8221; align_tablet=&#8221;center&#8221; align_phone=&#8221;&#8221; align_last_edited=&#8221;on|desktop&#8221; _builder_version=&#8221;4.9.1&#8243; width=&#8221;85%&#8221; animation_style=&#8221;slide&#8221; animation_direction=&#8221;bottom&#8221; animation_intensity_slide=&#8221;10%&#8221;][\/et_pb_image][et_pb_text _builder_version=&#8221;4.6.0&#8243; text_font=&#8221;PT Sans||||||||&#8221; text_text_color=&#8221;rgba(255,255,255,0.7)&#8221; text_font_size=&#8221;18px&#8221; text_line_height=&#8221;1.8em&#8221; header_font=&#8221;||||||||&#8221; header_2_font=&#8221;Oxygen|700|||||||&#8221; header_2_text_color=&#8221;#ffffff&#8221; header_2_font_size=&#8221;25px&#8221; header_2_line_height=&#8221;1.3em&#8221; header_3_font=&#8221;||||||||&#8221; header_4_font=&#8221;||||||||&#8221; text_orientation=&#8221;center&#8221;]<\/p>\n<h2>eMBB<\/h2>\n<p>Dimens\u00e3o com foco no aumento da capacidade das redes e taxas de dados do usu\u00e1rio, com picos de throughput de at\u00e9 20 Gbps e throughput m\u00e9dio por usu\u00e1rio da ordem de 100 Mbps, al\u00e9m de capacidade de tr\u00e1fego por \u00e1rea de at\u00e9 10 Tbps\/km\u00b2.<\/p>\n<p>[\/et_pb_text][\/et_pb_column][et_pb_column type=&#8221;1_3&#8243; _builder_version=&#8221;3.25&#8243; custom_padding=&#8221;|||&#8221; custom_padding__hover=&#8221;|||&#8221;][et_pb_image src=&#8221;http:\/\/friendslab.uff.br\/wp-content\/uploads\/sites\/72\/2022\/03\/Woman4.png&#8221; title_text=&#8221;Woman(4)&#8221; align=&#8221;center&#8221; align_tablet=&#8221;center&#8221; align_phone=&#8221;&#8221; align_last_edited=&#8221;on|desktop&#8221; _builder_version=&#8221;4.9.1&#8243; custom_margin=&#8221;60px|||&#8221; animation_style=&#8221;slide&#8221; animation_direction=&#8221;bottom&#8221; animation_delay=&#8221;200ms&#8221; animation_intensity_slide=&#8221;10%&#8221; locked=&#8221;off&#8221;][\/et_pb_image][et_pb_text _builder_version=&#8221;4.6.0&#8243; text_font=&#8221;PT Sans||||||||&#8221; text_text_color=&#8221;rgba(255,255,255,0.7)&#8221; text_font_size=&#8221;18px&#8221; text_line_height=&#8221;1.8em&#8221; header_font=&#8221;||||||||&#8221; header_2_font=&#8221;Oxygen|700|||||||&#8221; header_2_text_color=&#8221;#ffffff&#8221; header_2_font_size=&#8221;25px&#8221; header_2_line_height=&#8221;1.3em&#8221; header_3_font=&#8221;||||||||&#8221; header_4_font=&#8221;||||||||&#8221; text_orientation=&#8221;center&#8221; locked=&#8221;off&#8221;]<\/p>\n<h2>mMTC \/ mIoT<\/h2>\n<p>Dimens\u00e3o com foco em aplica\u00e7\u00f5es n\u00e3o centradas no ser humano, com ampla variedade de conex\u00f5es de \u201cInternet das Coisas\u201d. \u00c9 esperada uma densidade de dispositivos conectados de at\u00e9 1.000.000\/km\u00b2.<\/p>\n<p>[\/et_pb_text][\/et_pb_column][et_pb_column type=&#8221;1_3&#8243; _builder_version=&#8221;3.25&#8243; custom_padding=&#8221;|||&#8221; custom_padding__hover=&#8221;|||&#8221;][et_pb_image src=&#8221;http:\/\/friendslab.uff.br\/wp-content\/uploads\/sites\/72\/2022\/03\/Woman2-1.png&#8221; title_text=&#8221;Woman(2)&#8221; align=&#8221;center&#8221; align_tablet=&#8221;center&#8221; align_phone=&#8221;&#8221; align_last_edited=&#8221;on|desktop&#8221; _builder_version=&#8221;4.9.1&#8243; animation_style=&#8221;slide&#8221; animation_direction=&#8221;bottom&#8221; animation_duration=&#8221;100ms&#8221; animation_intensity_slide=&#8221;10%&#8221;][\/et_pb_image][et_pb_text _builder_version=&#8221;4.6.0&#8243; text_font=&#8221;PT Sans||||||||&#8221; text_text_color=&#8221;rgba(255,255,255,0.7)&#8221; text_font_size=&#8221;18px&#8221; text_line_height=&#8221;1.8em&#8221; header_font=&#8221;||||||||&#8221; header_2_font=&#8221;Oxygen|700|||||||&#8221; header_2_text_color=&#8221;#ffffff&#8221; header_2_font_size=&#8221;25px&#8221; header_2_line_height=&#8221;1.3em&#8221; header_3_font=&#8221;||||||||&#8221; header_4_font=&#8221;||||||||&#8221; text_orientation=&#8221;center&#8221; locked=&#8221;off&#8221;]<\/p>\n<h2>URLLC<\/h2>\n<p>Aplica\u00e7\u00f5es que requerem fluxo de dados de (ou perto de) &#8220;lat\u00eancia zero&#8221; \u2013 na pr\u00e1tica, at\u00e9 1 ms.<\/p>\n<p>[\/et_pb_text][\/et_pb_column][\/et_pb_row][\/et_pb_section][et_pb_section fb_built=&#8221;1&#8243; admin_label=&#8221;Start Free Trial&#8221; _builder_version=&#8221;4.6.0&#8243; background_color=&#8221;#27c6a6&#8243; use_background_color_gradient=&#8221;on&#8221; background_color_gradient_start=&#8221;#675682&#8243; background_color_gradient_end=&#8221;#4D284F&#8221; background_color_gradient_direction=&#8221;90deg&#8221; width=&#8221;100%&#8221; custom_padding=&#8221;110px|0px|60px|0px&#8221;][et_pb_row column_structure=&#8221;1_2,1_2&#8243; _builder_version=&#8221;4.6.0&#8243; custom_margin=&#8221;|||&#8221; custom_padding=&#8221;|||&#8221; locked=&#8221;off&#8221;][et_pb_column type=&#8221;1_2&#8243; _builder_version=&#8221;3.25&#8243; custom_padding=&#8221;|||&#8221; custom_padding__hover=&#8221;|||&#8221;][et_pb_text _builder_version=&#8221;4.6.0&#8243; text_font=&#8221;PT Sans||||||||&#8221; text_font_size=&#8221;18px&#8221; text_line_height=&#8221;1.8em&#8221; header_font=&#8221;||||||||&#8221; header_2_font=&#8221;Poppins|500|||||||&#8221; header_2_font_size=&#8221;38px&#8221; header_2_line_height=&#8221;1.3em&#8221; header_3_font=&#8221;||||||||&#8221; header_4_font=&#8221;||||||||&#8221; background_layout=&#8221;dark&#8221;]<\/p>\n<h2>Propriedades exclusivas\u00a0<\/h2>\n<p>Al\u00e9m desses aspectos, essa tecnologia permite que tais dimens\u00f5es sejam alocadas em redes l\u00f3gicas independentes e virtualizadas na mesma infraestrutura f\u00edsica, introduzindo o conceito de Network Slicing. Nesse conceito, \u201cfatias\u201d distintas da rede 5G podem ser utilizadas para diferentes aplica\u00e7\u00f5es e podem ter recursos diferentes, o que otimizar\u00e1 o uso da rede.<\/p>\n<p>Em adicional, alguns habilitadores nessa rede, como Edge Computing e Private Network, podem trazer tamb\u00e9m uma maior mobilidade no processamento, al\u00e9m de aproximar requisitos de disponibilidade, confiabilidade, seguran\u00e7a e independ\u00eancia de redes do setor el\u00e9trico ao mundo das redes m\u00f3veis celulares.<\/p>\n<p>[\/et_pb_text][\/et_pb_column][et_pb_column type=&#8221;1_2&#8243; _builder_version=&#8221;3.25&#8243; custom_padding=&#8221;|||&#8221; custom_padding__hover=&#8221;|||&#8221;][et_pb_image src=&#8221;http:\/\/friendslab.uff.br\/wp-content\/uploads\/sites\/72\/2022\/03\/Woman6-1.png&#8221; title_text=&#8221;Woman(6)&#8221; _builder_version=&#8221;4.6.0&#8243; _module_preset=&#8221;default&#8221; animation_style=&#8221;slide&#8221;][\/et_pb_image][et_pb_image src=&#8221;http:\/\/friendslab.uff.br\/wp-content\/uploads\/sites\/72\/2022\/03\/Woman7-1.png&#8221; title_text=&#8221;Woman(7)&#8221; _builder_version=&#8221;4.6.0&#8243; _module_preset=&#8221;default&#8221; animation_style=&#8221;slide&#8221;][\/et_pb_image][\/et_pb_column][\/et_pb_row][\/et_pb_section]<\/p>\n","protected":false},"excerpt":{"rendered":"<p>Rede 5G Dentro do conceito de Smart Grids, o desenvolvimento de tecnologias de rede sem fio vem se apresentando como uma alternativa \u00e0s infraestruturas de rede cabeadas convencionais. Por\u00e9m, a alta criticidade no atendimento aos requisitos de rede para as aplica\u00e7\u00f5es do setor el\u00e9trico torna as redes sem fio existentes nem sempre adequadas. \u00c9 nesse [&hellip;]<\/p>\n","protected":false},"author":257,"featured_media":0,"parent":0,"menu_order":0,"comment_status":"closed","ping_status":"closed","template":"","meta":{"_et_pb_use_builder":"on","_et_pb_old_content":"","_et_gb_content_width":"","_exactmetrics_skip_tracking":false,"_exactmetrics_sitenote_active":false,"_exactmetrics_sitenote_note":"","_exactmetrics_sitenote_category":0,"footnotes":""},"categories":[],"tags":[],"class_list":["post-4676","page","type-page","status-publish","hentry"],"_links":{"self":[{"href":"https:\/\/www.professores.uff.br\/yonalopes\/wp-json\/wp\/v2\/pages\/4676","targetHints":{"allow":["GET"]}}],"collection":[{"href":"https:\/\/www.professores.uff.br\/yonalopes\/wp-json\/wp\/v2\/pages"}],"about":[{"href":"https:\/\/www.professores.uff.br\/yonalopes\/wp-json\/wp\/v2\/types\/page"}],"author":[{"embeddable":true,"href":"https:\/\/www.professores.uff.br\/yonalopes\/wp-json\/wp\/v2\/users\/257"}],"replies":[{"embeddable":true,"href":"https:\/\/www.professores.uff.br\/yonalopes\/wp-json\/wp\/v2\/comments?post=4676"}],"version-history":[{"count":7,"href":"https:\/\/www.professores.uff.br\/yonalopes\/wp-json\/wp\/v2\/pages\/4676\/revisions"}],"predecessor-version":[{"id":5489,"href":"https:\/\/www.professores.uff.br\/yonalopes\/wp-json\/wp\/v2\/pages\/4676\/revisions\/5489"}],"wp:attachment":[{"href":"https:\/\/www.professores.uff.br\/yonalopes\/wp-json\/wp\/v2\/media?parent=4676"}],"wp:term":[{"taxonomy":"category","embeddable":true,"href":"https:\/\/www.professores.uff.br\/yonalopes\/wp-json\/wp\/v2\/categories?post=4676"},{"taxonomy":"post_tag","embeddable":true,"href":"https:\/\/www.professores.uff.br\/yonalopes\/wp-json\/wp\/v2\/tags?post=4676"}],"curies":[{"name":"wp","href":"https:\/\/api.w.org\/{rel}","templated":true}]}}