{"id":5503,"date":"2022-06-03T15:09:21","date_gmt":"2022-06-03T18:09:21","guid":{"rendered":"http:\/\/www.professores.uff.br\/yonalopes\/?page_id=5503"},"modified":"2023-03-23T21:43:59","modified_gmt":"2023-03-24T00:43:59","slug":"5girls-eventos","status":"publish","type":"page","link":"https:\/\/www.professores.uff.br\/yonalopes\/5girls-eventos\/","title":{"rendered":"5Girls | Eventos"},"content":{"rendered":"<p>[et_pb_section fb_built=&#8221;1&#8243; admin_label=&#8221;Hero Section&#8221; _builder_version=&#8221;4.16&#8243; use_background_color_gradient=&#8221;on&#8221; background_color_gradient_stops=&#8221;#2d3757 0%|#212529 100%&#8221; background_color_gradient_start=&#8221;#2d3757&#8243; background_color_gradient_end=&#8221;#212529&#8243; custom_padding=&#8221;50px|0px|100px|0px||&#8221; global_colors_info=&#8221;{}&#8221;][et_pb_row _builder_version=&#8221;4.16&#8243; _module_preset=&#8221;default&#8221; global_colors_info=&#8221;{}&#8221;][et_pb_column type=&#8221;4_4&#8243; _builder_version=&#8221;4.16&#8243; _module_preset=&#8221;default&#8221; global_colors_info=&#8221;{}&#8221;][et_pb_menu menu_id=&#8221;24&#8243; menu_style=&#8221;centered&#8221; submenu_direction=&#8221;downwards&#8221; mobile_menu_bg_color=&#8221;#233542&#8243; mobile_menu_text_color=&#8221;#f9f9f9&#8243; search_icon_color=&#8221;#e52a6f&#8221; menu_icon_color=&#8221;#e5e5e5&#8243; _builder_version=&#8221;4.17.6&#8243; _module_preset=&#8221;default&#8221; menu_font=&#8221;|600|||||||&#8221; menu_font_size=&#8221;20px&#8221; background_enable_color=&#8221;off&#8221; background_layout=&#8221;dark&#8221; global_module=&#8221;5485&#8243; saved_tabs=&#8221;all&#8221; global_colors_info=&#8221;{}&#8221;][\/et_pb_menu][\/et_pb_column][\/et_pb_row][et_pb_row _builder_version=&#8221;4.16&#8243; background_size=&#8221;initial&#8221; background_position=&#8221;top_left&#8221; background_repeat=&#8221;repeat&#8221; custom_margin=&#8221;|||&#8221; custom_padding=&#8221;0px|||||&#8221; global_colors_info=&#8221;{}&#8221;][et_pb_column type=&#8221;4_4&#8243; _builder_version=&#8221;4.16&#8243; custom_padding=&#8221;40px|||&#8221; global_colors_info=&#8221;{}&#8221; custom_padding__hover=&#8221;|||&#8221;][et_pb_image src=&#8221;http:\/\/www.professores.uff.br\/yonalopes\/wp-content\/uploads\/sites\/216\/2022\/06\/Design_sem_nome-removebg-preview.png&#8221; alt=&#8221;calend\u00e1rio&#8221; title_text=&#8221;Design_sem_nome-removebg-preview&#8221; _builder_version=&#8221;4.16&#8243; _module_preset=&#8221;default&#8221; width=&#8221;40%&#8221; module_alignment=&#8221;center&#8221; custom_margin=&#8221;-10px||30px|||&#8221; custom_padding=&#8221;0px|||||&#8221; animation_style=&#8221;slide&#8221; global_colors_info=&#8221;{}&#8221;][\/et_pb_image][et_pb_text _builder_version=&#8221;4.16&#8243; text_font=&#8221;PT Sans||||||||&#8221; text_text_color=&#8221;rgba(255,255,255,0.7)&#8221; text_font_size=&#8221;18px&#8221; text_line_height=&#8221;1.8em&#8221; header_font=&#8221;Poppins|500|||||||&#8221; header_font_size=&#8221;44px&#8221; header_line_height=&#8221;1.3em&#8221; header_2_font=&#8221;||||||||&#8221; header_3_font=&#8221;||||||||&#8221; header_4_font=&#8221;||||||||&#8221; text_orientation=&#8221;center&#8221; background_layout=&#8221;dark&#8221; max_width=&#8221;700px&#8221; module_alignment=&#8221;center&#8221; global_colors_info=&#8221;{}&#8221;]<\/p>\n<h1>Eventos<\/h1>\n<p>O projeto 5GIRLS busca acender a fagulha da eterna busca pelo conhecimento e pela conscientiza\u00e7\u00e3o, sem distin\u00e7\u00f5es, e por isso temos diversos eventos como: palestras, rodas de conversas, visita\u00e7\u00f5es, oficinas e apresenta\u00e7\u00f5es em escolas t\u00e9cnicas.<\/p>\n<p>[\/et_pb_text][\/et_pb_column][\/et_pb_row][\/et_pb_section][et_pb_section fb_built=&#8221;1&#8243; admin_label=&#8221;Blog&#8221; _builder_version=&#8221;4.16&#8243; background_color=&#8221;#4d284f&#8221; global_colors_info=&#8221;{}&#8221;][et_pb_row column_structure=&#8221;1_2,1_2&#8243; admin_label=&#8221;Getting Paid&#8221; _builder_version=&#8221;4.16&#8243; custom_margin=&#8221;|||&#8221; animation_style=&#8221;slide&#8221; locked=&#8221;off&#8221; global_colors_info=&#8221;{}&#8221;][et_pb_column type=&#8221;1_2&#8243; _builder_version=&#8221;4.16&#8243; custom_padding=&#8221;|||&#8221; global_colors_info=&#8221;{}&#8221; custom_padding__hover=&#8221;|||&#8221;][et_pb_text _builder_version=&#8221;4.16&#8243; text_font=&#8221;PT Sans||||||||&#8221; text_text_color=&#8221;rgba(255,255,255,0.7)&#8221; text_font_size=&#8221;18px&#8221; text_line_height=&#8221;1.8em&#8221; header_font=&#8221;||||||||&#8221; header_2_font=&#8221;Poppins|500|||||||&#8221; header_2_text_color=&#8221;#ffffff&#8221; header_2_font_size=&#8221;38px&#8221; header_2_line_height=&#8221;1.3em&#8221; header_3_font=&#8221;||||||||&#8221; header_4_font=&#8221;||||||||&#8221; custom_padding=&#8221;||0px|||&#8221; global_colors_info=&#8221;{}&#8221;]<\/p>\n<h2><\/h2>\n<h2><span style=\"font-size: xx-large\">08\/04<\/span><\/h2>\n<h2>I Encontro<\/h2>\n<p>[\/et_pb_text][et_pb_text _builder_version=&#8221;4.16&#8243; _module_preset=&#8221;default&#8221; text_text_color=&#8221;#d1d1d1&#8243; global_colors_info=&#8221;{}&#8221;]<\/p>\n<div class=\"et_pb_module et_pb_text et_pb_text_1  et_pb_text_align_left et_pb_bg_layout_light\">\n<div class=\"et_pb_text_inner\">\n<p>A primeira <strong>visita t\u00e9cnica<\/strong> do projeto <strong>5GIRLS<\/strong> foi realizada no dia<strong> 8 de abril<\/strong> na cidade de Niter\u00f3i, e obteve como participantes docentes e discentes membros do projeto.<\/p>\n<p>Foram realizadas visitas nos laborat\u00f3rios <strong>MidiaCom<\/strong>,<strong> Lablux, NITEE<\/strong> e <strong>FRIENDS Lab<\/strong> todos localizados na <strong>Universidade Federal Fluminense<\/strong> e uma roda de conversa.<\/p>\n<\/div>\n<\/div>\n<p><span style=\"color: #dbdbdb\">\u00a0<\/span><\/p>\n<p>[\/et_pb_text][et_pb_button button_url=&#8221;https:\/\/portal1.iff.edu.br\/nossos-campi\/quissama\/noticias\/iff-campus-quissama-participa-do-projeto-5girls&#8221; button_text=&#8221;saiba maIS&#8221; button_alignment=&#8221;left&#8221; _builder_version=&#8221;4.17.6&#8243; button_text_size=&#8221;15px&#8221; button_text_color=&#8221;#67AECA&#8221; button_bg_color=&#8221;rgba(12,206,173,0)&#8221; button_bg_color_gradient_stops=&#8221;#361575 0%|#aa23aa 100%&#8221; button_bg_color_gradient_start=&#8221;#361575&#8243; button_bg_color_gradient_end=&#8221;#aa23aa&#8221; button_letter_spacing=&#8221;3px&#8221; button_font=&#8221;PT Sans|700||on|||||&#8221; button_on_hover=&#8221;off&#8221; custom_margin=&#8221;|||&#8221; custom_padding=&#8221;|||&#8221; animation_style=&#8221;slide&#8221; locked=&#8221;off&#8221; global_colors_info=&#8221;{}&#8221; button_text_size__hover_enabled=&#8221;off&#8221; button_one_text_size__hover_enabled=&#8221;off&#8221; button_two_text_size__hover_enabled=&#8221;off&#8221; button_text_color__hover_enabled=&#8221;off&#8221; button_one_text_color__hover_enabled=&#8221;off&#8221; button_two_text_color__hover_enabled=&#8221;off&#8221; button_border_width__hover_enabled=&#8221;off&#8221; button_one_border_width__hover_enabled=&#8221;off&#8221; button_two_border_width__hover_enabled=&#8221;off&#8221; button_border_color__hover_enabled=&#8221;off&#8221; button_one_border_color__hover_enabled=&#8221;off&#8221; button_two_border_color__hover_enabled=&#8221;off&#8221; button_border_radius__hover_enabled=&#8221;off&#8221; button_one_border_radius__hover_enabled=&#8221;off&#8221; button_two_border_radius__hover_enabled=&#8221;off&#8221; button_letter_spacing__hover_enabled=&#8221;off&#8221; button_one_letter_spacing__hover_enabled=&#8221;off&#8221; button_two_letter_spacing__hover_enabled=&#8221;off&#8221; button_bg_color__hover_enabled=&#8221;off&#8221; button_one_bg_color__hover_enabled=&#8221;off&#8221; button_two_bg_color__hover_enabled=&#8221;off&#8221;][\/et_pb_button][\/et_pb_column][et_pb_column type=&#8221;1_2&#8243; _builder_version=&#8221;4.16&#8243; custom_padding=&#8221;|||&#8221; global_colors_info=&#8221;{}&#8221; custom_padding__hover=&#8221;|||&#8221;][et_pb_image src=&#8221;http:\/\/www.professores.uff.br\/yonalopes\/wp-content\/uploads\/sites\/216\/2022\/06\/20220408_131838-scaled.jpg&#8221; alt=&#8221;foto no laboratorio de engenharia com participantes do projeto&#8221; title_text=&#8221;foto no laboratorio de engenharia com participantes do projeto&#8221; _builder_version=&#8221;4.17.6&#8243; _module_preset=&#8221;default&#8221; custom_padding=&#8221;100px|||||&#8221; global_colors_info=&#8221;{}&#8221;][\/et_pb_image][\/et_pb_column][\/et_pb_row][et_pb_row column_structure=&#8221;1_2,1_2&#8243; admin_label=&#8221;Getting Paid&#8221; _builder_version=&#8221;4.16&#8243; custom_margin=&#8221;|||&#8221; animation_style=&#8221;slide&#8221; locked=&#8221;off&#8221; global_colors_info=&#8221;{}&#8221;][et_pb_column type=&#8221;1_2&#8243; _builder_version=&#8221;4.16&#8243; custom_padding=&#8221;|||&#8221; global_colors_info=&#8221;{}&#8221; custom_padding__hover=&#8221;|||&#8221;][et_pb_text _builder_version=&#8221;4.16&#8243; text_font=&#8221;PT Sans||||||||&#8221; text_text_color=&#8221;rgba(255,255,255,0.7)&#8221; text_font_size=&#8221;18px&#8221; text_line_height=&#8221;1.8em&#8221; header_font=&#8221;||||||||&#8221; header_2_font=&#8221;Poppins|500|||||||&#8221; header_2_text_color=&#8221;#ffffff&#8221; header_2_font_size=&#8221;38px&#8221; header_2_line_height=&#8221;1.3em&#8221; header_3_font=&#8221;||||||||&#8221; header_4_font=&#8221;||||||||&#8221; custom_padding=&#8221;||0px|||&#8221; global_colors_info=&#8221;{}&#8221;]<\/p>\n<h2><\/h2>\n<h2><span style=\"font-size: xx-large\">01\/07<\/span><\/h2>\n<h2>II Encontro<\/h2>\n<p>[\/et_pb_text][et_pb_text _builder_version=&#8221;4.16&#8243; _module_preset=&#8221;default&#8221; text_text_color=&#8221;#d1d1d1&#8243; global_colors_info=&#8221;{}&#8221;]<\/p>\n<p>O II Encontro do Projeto 5GIRLS aconteceu no dia 1\u00ba de julho no audit\u00f3rio do Instituto de Computa\u00e7\u00e3o \u2013 UFF.<\/p>\n<p>O evento contou com a participa\u00e7\u00e3o da palestrante <strong>Ana Carolina Do Carmo Pedreira (Gerente S\u00eanior TIM)<\/strong> que deu in\u00edcio ao primeiro ciclo de palestras apresentando: <strong>\u201cRedes 5G \u2013 Novo Patamar das Comunica\u00e7\u00f5es M\u00f3veis\u201d. <\/strong>Logo ap\u00f3s, tivemos a palestra<strong> \u201cO Setor El\u00e9trico e suas Aplica\u00e7\u00f5es: uma abordagem sobre a digitaliza\u00e7\u00e3o\u201d <\/strong>ministrada por<strong> Joyce Meireles (ONS e UFF)<\/strong>.<\/p>\n<p><span style=\"color: #dbdbdb\"><\/span><\/p>\n<p>[\/et_pb_text][et_pb_button button_url=&#8221;https:\/\/www.professores.uff.br\/yonalopes\/5girls-ii-encontro\/&#8221; button_text=&#8221;saiba maIS&#8221; button_alignment=&#8221;left&#8221; _builder_version=&#8221;4.17.6&#8243; button_text_size=&#8221;15px&#8221; button_text_color=&#8221;#67AECA&#8221; button_bg_color=&#8221;rgba(12,206,173,0)&#8221; button_bg_color_gradient_stops=&#8221;#361575 0%|#aa23aa 100%&#8221; button_bg_color_gradient_start=&#8221;#361575&#8243; button_bg_color_gradient_end=&#8221;#aa23aa&#8221; button_letter_spacing=&#8221;3px&#8221; button_font=&#8221;PT Sans|700||on|||||&#8221; button_on_hover=&#8221;off&#8221; custom_margin=&#8221;|||&#8221; custom_padding=&#8221;|||&#8221; animation_style=&#8221;slide&#8221; locked=&#8221;off&#8221; global_colors_info=&#8221;{}&#8221; button_text_size__hover_enabled=&#8221;off&#8221; button_one_text_size__hover_enabled=&#8221;off&#8221; button_two_text_size__hover_enabled=&#8221;off&#8221; button_text_color__hover_enabled=&#8221;off&#8221; button_one_text_color__hover_enabled=&#8221;off&#8221; button_two_text_color__hover_enabled=&#8221;off&#8221; button_border_width__hover_enabled=&#8221;off&#8221; button_one_border_width__hover_enabled=&#8221;off&#8221; button_two_border_width__hover_enabled=&#8221;off&#8221; button_border_color__hover_enabled=&#8221;off&#8221; button_one_border_color__hover_enabled=&#8221;off&#8221; button_two_border_color__hover_enabled=&#8221;off&#8221; button_border_radius__hover_enabled=&#8221;off&#8221; button_one_border_radius__hover_enabled=&#8221;off&#8221; button_two_border_radius__hover_enabled=&#8221;off&#8221; button_letter_spacing__hover_enabled=&#8221;off&#8221; button_one_letter_spacing__hover_enabled=&#8221;off&#8221; button_two_letter_spacing__hover_enabled=&#8221;off&#8221; button_bg_color__hover_enabled=&#8221;off&#8221; button_one_bg_color__hover_enabled=&#8221;off&#8221; button_two_bg_color__hover_enabled=&#8221;off&#8221;][\/et_pb_button][\/et_pb_column][et_pb_column type=&#8221;1_2&#8243; _builder_version=&#8221;4.16&#8243; custom_padding=&#8221;|||&#8221; global_colors_info=&#8221;{}&#8221; custom_padding__hover=&#8221;|||&#8221;][et_pb_image src=&#8221;http:\/\/www.professores.uff.br\/yonalopes\/wp-content\/uploads\/sites\/216\/2022\/07\/IMG_1314-scaled.jpg&#8221; alt=&#8221;I Workshop 5Girls&#8221; title_text=&#8221;I Workshop 5Girls&#8221; _builder_version=&#8221;4.17.6&#8243; _module_preset=&#8221;default&#8221; custom_padding=&#8221;100px|||||&#8221; global_colors_info=&#8221;{}&#8221;][\/et_pb_image][\/et_pb_column][\/et_pb_row][et_pb_row column_structure=&#8221;1_2,1_2&#8243; admin_label=&#8221;Getting Paid&#8221; _builder_version=&#8221;4.16&#8243; custom_margin=&#8221;|||&#8221; animation_style=&#8221;slide&#8221; locked=&#8221;off&#8221; global_colors_info=&#8221;{}&#8221;][et_pb_column type=&#8221;1_2&#8243; _builder_version=&#8221;4.16&#8243; custom_padding=&#8221;|||&#8221; global_colors_info=&#8221;{}&#8221; custom_padding__hover=&#8221;|||&#8221;][et_pb_text _builder_version=&#8221;4.16&#8243; text_font=&#8221;PT Sans||||||||&#8221; text_text_color=&#8221;rgba(255,255,255,0.7)&#8221; text_font_size=&#8221;18px&#8221; text_line_height=&#8221;1.8em&#8221; header_font=&#8221;||||||||&#8221; header_2_font=&#8221;Poppins|500|||||||&#8221; header_2_text_color=&#8221;#ffffff&#8221; header_2_font_size=&#8221;38px&#8221; header_2_line_height=&#8221;1.3em&#8221; header_3_font=&#8221;||||||||&#8221; header_4_font=&#8221;||||||||&#8221; custom_padding=&#8221;||0px|||&#8221; global_colors_info=&#8221;{}&#8221;]<\/p>\n<h2><\/h2>\n<h2><span style=\"font-size: xx-large\">19\/10<\/span><\/h2>\n<h2>III Encontro<\/h2>\n<p>[\/et_pb_text][et_pb_text _builder_version=&#8221;4.16&#8243; _module_preset=&#8221;default&#8221; text_text_color=&#8221;#d1d1d1&#8243; global_colors_info=&#8221;{}&#8221;]<\/p>\n<p>O III Encontro do Projeto 5GIRLS aconteceu no dia 17 de outubro nos laborat\u00f3rios da TIM Brasil na Barra da Tijuca &#8211; RJ.<span style=\"color: #dbdbdb\"><\/span><span style=\"color: #dbdbdb\"><\/span><\/p>\n<p><span style=\"color: #dbdbdb\"><\/span><\/p>\n<p>[\/et_pb_text][et_pb_button button_url=&#8221;https:\/\/www.professores.uff.br\/yonalopes\/2022\/11\/02\/teste\/&#8221; button_text=&#8221;saiba mais&#8221; button_alignment=&#8221;left&#8221; _builder_version=&#8221;4.17.6&#8243; button_text_size=&#8221;15px&#8221; button_text_color=&#8221;#67AECA&#8221; button_bg_color=&#8221;rgba(12,206,173,0)&#8221; button_bg_color_gradient_stops=&#8221;#361575 0%|#aa23aa 100%&#8221; button_bg_color_gradient_start=&#8221;#361575&#8243; button_bg_color_gradient_end=&#8221;#aa23aa&#8221; button_letter_spacing=&#8221;3px&#8221; button_font=&#8221;PT Sans|700||on|||||&#8221; button_on_hover=&#8221;off&#8221; custom_margin=&#8221;|||&#8221; custom_padding=&#8221;|||&#8221; animation_style=&#8221;slide&#8221; hover_enabled=&#8221;0&#8243; locked=&#8221;off&#8221; global_colors_info=&#8221;{}&#8221; button_text_size__hover_enabled=&#8221;off&#8221; button_one_text_size__hover_enabled=&#8221;off&#8221; button_two_text_size__hover_enabled=&#8221;off&#8221; button_text_color__hover_enabled=&#8221;off&#8221; button_one_text_color__hover_enabled=&#8221;off&#8221; button_two_text_color__hover_enabled=&#8221;off&#8221; button_border_width__hover_enabled=&#8221;off&#8221; button_one_border_width__hover_enabled=&#8221;off&#8221; button_two_border_width__hover_enabled=&#8221;off&#8221; button_border_color__hover_enabled=&#8221;off&#8221; button_one_border_color__hover_enabled=&#8221;off&#8221; button_two_border_color__hover_enabled=&#8221;off&#8221; button_border_radius__hover_enabled=&#8221;off&#8221; button_one_border_radius__hover_enabled=&#8221;off&#8221; button_two_border_radius__hover_enabled=&#8221;off&#8221; button_letter_spacing__hover_enabled=&#8221;off&#8221; button_one_letter_spacing__hover_enabled=&#8221;off&#8221; button_two_letter_spacing__hover_enabled=&#8221;off&#8221; button_bg_color__hover_enabled=&#8221;off&#8221; button_one_bg_color__hover_enabled=&#8221;off&#8221; button_two_bg_color__hover_enabled=&#8221;off&#8221; sticky_enabled=&#8221;0&#8243;][\/et_pb_button][\/et_pb_column][et_pb_column type=&#8221;1_2&#8243; _builder_version=&#8221;4.16&#8243; custom_padding=&#8221;|||&#8221; global_colors_info=&#8221;{}&#8221; custom_padding__hover=&#8221;|||&#8221;][et_pb_image src=&#8221;http:\/\/www.professores.uff.br\/yonalopes\/wp-content\/uploads\/sites\/216\/2022\/11\/tim.jpg&#8221; alt=&#8221;II Workshop 5GIRLS &#8211; TIM&#8221; title_text=&#8221;II Workshop 5GIRLS &#8211; TIM&#8221; _builder_version=&#8221;4.17.6&#8243; _module_preset=&#8221;default&#8221; custom_padding=&#8221;100px|||||&#8221; hover_enabled=&#8221;0&#8243; global_colors_info=&#8221;{}&#8221; sticky_enabled=&#8221;0&#8243;][\/et_pb_image][\/et_pb_column][\/et_pb_row][\/et_pb_section][et_pb_section fb_built=&#8221;1&#8243; admin_label=&#8221;Blog&#8221; _builder_version=&#8221;4.16&#8243; background_color=&#8221;#212529&#8243; use_background_color_gradient=&#8221;on&#8221; background_color_gradient_stops=&#8221;#4d284f 0%|#e52a6f 100%&#8221; background_color_gradient_start=&#8221;#4d284f&#8221; background_color_gradient_end=&#8221;#e52a6f&#8221; global_colors_info=&#8221;{}&#8221;][et_pb_row admin_label=&#8221;Getting Paid&#8221; _builder_version=&#8221;4.16&#8243; custom_margin=&#8221;|||&#8221; locked=&#8221;off&#8221; global_colors_info=&#8221;{}&#8221;][et_pb_column type=&#8221;4_4&#8243; _builder_version=&#8221;4.16&#8243; custom_padding=&#8221;|||&#8221; global_colors_info=&#8221;{}&#8221; custom_padding__hover=&#8221;|||&#8221;][et_pb_text _builder_version=&#8221;4.16&#8243; text_font=&#8221;PT Sans||||||||&#8221; text_text_color=&#8221;rgba(255,255,255,0.7)&#8221; text_font_size=&#8221;18px&#8221; text_line_height=&#8221;1.8em&#8221; header_font=&#8221;||||||||&#8221; header_2_font=&#8221;Poppins|500|||||||&#8221; header_2_text_color=&#8221;#ffffff&#8221; header_2_font_size=&#8221;38px&#8221; header_2_line_height=&#8221;1.3em&#8221; header_3_font=&#8221;||||||||&#8221; header_4_font=&#8221;||||||||&#8221; custom_padding=&#8221;||0px|||&#8221; global_colors_info=&#8221;{}&#8221;]<\/p>\n<h2>\u00daltimos eventos<\/h2>\n<p>[\/et_pb_text][\/et_pb_column][\/et_pb_row][et_pb_row _builder_version=&#8221;4.16&#8243; animation_style=&#8221;slide&#8221; global_colors_info=&#8221;{}&#8221;][et_pb_column type=&#8221;4_4&#8243; _builder_version=&#8221;4.16&#8243; custom_padding=&#8221;|||&#8221; global_colors_info=&#8221;{}&#8221; custom_padding__hover=&#8221;|||&#8221;][et_pb_post_slider include_categories=&#8221;25&#8243; show_image=&#8221;off&#8221; use_bg_overlay=&#8221;off&#8221; _builder_version=&#8221;4.16&#8243; _module_preset=&#8221;default&#8221; header_line_height=&#8221;1.1em&#8221; meta_line_height=&#8221;2.5em&#8221; background_enable_color=&#8221;off&#8221; button_text_color=&#8221;#efefef&#8221; custom_padding=&#8221;0px|0px|110px|0px||&#8221; global_colors_info=&#8221;{}&#8221;][\/et_pb_post_slider][\/et_pb_column][\/et_pb_row][\/et_pb_section]<\/p>\n","protected":false},"excerpt":{"rendered":"<p>Eventos O projeto 5GIRLS busca acender a fagulha da eterna busca pelo conhecimento e pela conscientiza\u00e7\u00e3o, sem distin\u00e7\u00f5es, e por isso temos diversos eventos como: palestras, rodas de conversas, visita\u00e7\u00f5es, oficinas e apresenta\u00e7\u00f5es em escolas t\u00e9cnicas. 08\/04 I Encontro A primeira visita t\u00e9cnica do projeto 5GIRLS foi realizada no dia 8 de abril na cidade [&hellip;]<\/p>\n","protected":false},"author":257,"featured_media":0,"parent":0,"menu_order":0,"comment_status":"closed","ping_status":"closed","template":"","meta":{"_et_pb_use_builder":"on","_et_pb_old_content":"","_et_gb_content_width":"","_exactmetrics_skip_tracking":false,"_exactmetrics_sitenote_active":false,"_exactmetrics_sitenote_note":"","_exactmetrics_sitenote_category":0,"footnotes":""},"categories":[],"tags":[],"class_list":["post-5503","page","type-page","status-publish","hentry"],"_links":{"self":[{"href":"https:\/\/www.professores.uff.br\/yonalopes\/wp-json\/wp\/v2\/pages\/5503","targetHints":{"allow":["GET"]}}],"collection":[{"href":"https:\/\/www.professores.uff.br\/yonalopes\/wp-json\/wp\/v2\/pages"}],"about":[{"href":"https:\/\/www.professores.uff.br\/yonalopes\/wp-json\/wp\/v2\/types\/page"}],"author":[{"embeddable":true,"href":"https:\/\/www.professores.uff.br\/yonalopes\/wp-json\/wp\/v2\/users\/257"}],"replies":[{"embeddable":true,"href":"https:\/\/www.professores.uff.br\/yonalopes\/wp-json\/wp\/v2\/comments?post=5503"}],"version-history":[{"count":20,"href":"https:\/\/www.professores.uff.br\/yonalopes\/wp-json\/wp\/v2\/pages\/5503\/revisions"}],"predecessor-version":[{"id":6485,"href":"https:\/\/www.professores.uff.br\/yonalopes\/wp-json\/wp\/v2\/pages\/5503\/revisions\/6485"}],"wp:attachment":[{"href":"https:\/\/www.professores.uff.br\/yonalopes\/wp-json\/wp\/v2\/media?parent=5503"}],"wp:term":[{"taxonomy":"category","embeddable":true,"href":"https:\/\/www.professores.uff.br\/yonalopes\/wp-json\/wp\/v2\/categories?post=5503"},{"taxonomy":"post_tag","embeddable":true,"href":"https:\/\/www.professores.uff.br\/yonalopes\/wp-json\/wp\/v2\/tags?post=5503"}],"curies":[{"name":"wp","href":"https:\/\/api.w.org\/{rel}","templated":true}]}}