{"id":5511,"date":"2022-06-03T15:11:54","date_gmt":"2022-06-03T18:11:54","guid":{"rendered":"http:\/\/www.professores.uff.br\/yonalopes\/?page_id=5511"},"modified":"2022-07-28T09:25:04","modified_gmt":"2022-07-28T12:25:04","slug":"5girls-ii-encontro","status":"publish","type":"page","link":"https:\/\/www.professores.uff.br\/yonalopes\/5girls-ii-encontro\/","title":{"rendered":"5Girls | Workshop I"},"content":{"rendered":"<p>[et_pb_section fb_built=&#8221;1&#8243; admin_label=&#8221;Hero Section&#8221; _builder_version=&#8221;4.16&#8243; background_color=&#8221;#4D284F&#8221; background_color_gradient_direction=&#8221;90deg&#8221; custom_padding=&#8221;50px|0px|0px|0px||&#8221; global_colors_info=&#8221;{}&#8221;][et_pb_row _builder_version=&#8221;4.16&#8243; custom_margin=&#8221;0px|auto||auto||&#8221; custom_padding=&#8221;27px|0px|0px|0px&#8221; locked=&#8221;off&#8221; global_colors_info=&#8221;{}&#8221;][et_pb_column type=&#8221;4_4&#8243; _builder_version=&#8221;4.16&#8243; custom_padding=&#8221;40px||40px|&#8221; global_colors_info=&#8221;{}&#8221; custom_padding__hover=&#8221;|||&#8221;][et_pb_menu menu_id=&#8221;24&#8243; menu_style=&#8221;centered&#8221; submenu_direction=&#8221;downwards&#8221; mobile_menu_bg_color=&#8221;#233542&#8243; mobile_menu_text_color=&#8221;#f9f9f9&#8243; search_icon_color=&#8221;#e52a6f&#8221; menu_icon_color=&#8221;#e5e5e5&#8243; _builder_version=&#8221;4.6.0&#8243; _module_preset=&#8221;default&#8221; menu_font=&#8221;|600|||||||&#8221; menu_font_size=&#8221;20px&#8221; background_enable_color=&#8221;off&#8221; background_layout=&#8221;dark&#8221; global_module=&#8221;5485&#8243; saved_tabs=&#8221;all&#8221; global_colors_info=&#8221;{}&#8221;][\/et_pb_menu][\/et_pb_column][\/et_pb_row][et_pb_row column_structure=&#8221;1_2,1_2&#8243; _builder_version=&#8221;4.16&#8243; custom_margin=&#8221;|||&#8221; custom_padding=&#8221;27px|0px|0px|0px&#8221; locked=&#8221;off&#8221; global_colors_info=&#8221;{}&#8221;][et_pb_column type=&#8221;1_2&#8243; _builder_version=&#8221;4.16&#8243; custom_padding=&#8221;40px||40px|&#8221; global_colors_info=&#8221;{}&#8221; custom_padding__hover=&#8221;|||&#8221;][et_pb_text _builder_version=&#8221;4.16&#8243; text_font=&#8221;|300|||||||&#8221; text_font_size=&#8221;18px&#8221; text_line_height=&#8221;1.8em&#8221; header_font=&#8221;Poppins|500|||||||&#8221; header_font_size=&#8221;44px&#8221; header_line_height=&#8221;1.3em&#8221; header_2_font=&#8221;||||||||&#8221; header_3_font=&#8221;||||||||&#8221; header_4_font=&#8221;||||||||&#8221; background_layout=&#8221;dark&#8221; custom_margin=&#8221;||-5px|||&#8221; global_colors_info=&#8221;{}&#8221;]<\/p>\n<h1>I Workshop<\/h1>\n<h1>Projeto 5GIRLS<\/h1>\n<p>&nbsp;<\/p>\n<p><span style=\"font-family: inherit;font-size: 18px\">Ap\u00f3s o sucesso do I Encontro do Projeto 5GIRLS, no dia <\/span><strong style=\"font-family: inherit;font-size: 18px\">1\u00ba de julho<\/strong><span style=\"font-family: inherit;font-size: 18px\"> aconteceu a segunda edi\u00e7\u00e3o do evento no audit\u00f3rio do <\/span><strong style=\"font-family: inherit;font-size: 18px\">Instituto de Computa\u00e7\u00e3o\u00a0(IC)<\/strong><span style=\"font-family: inherit;font-size: 18px\"> da UFF. <br \/><\/span><\/p>\n<p><span style=\"font-family: inherit\">Tivemos a participa\u00e7\u00e3o de mulheres incr\u00edveis da <strong>TIM<\/strong>, do <strong>ONS<\/strong> (Operador Nacional do Sistema El\u00e9trico) e da <strong>UFF<\/strong> em duas palestras t\u00e9cnicas sobre <strong>5G<\/strong> e <strong>digitaliza\u00e7\u00e3o do sistema el\u00e9trico<\/strong> e uma roda de conversa sobre a s\u00edndrome do impostor!<strong>\u00a0<\/strong><\/span><strong><br \/> <\/strong><\/p>\n<p><span style=\"font-family: inherit\">O evento contou ainda, com <strong>tradu\u00e7\u00e3o para libras<\/strong> durante as palestras e a mesa redonda, al\u00e9m disso,\u00a0 ap\u00f3s o evento foram emitidos<strong> certificados de participa\u00e7\u00e3o<\/strong> aos inscritos.<\/span><\/p>\n<p>&nbsp;<\/p>\n<p>[\/et_pb_text][\/et_pb_column][et_pb_column type=&#8221;1_2&#8243; _builder_version=&#8221;4.16&#8243; custom_padding=&#8221;|||&#8221; global_colors_info=&#8221;{}&#8221; custom_padding__hover=&#8221;|||&#8221;][et_pb_image src=&#8221;http:\/\/www.professores.uff.br\/yonalopes\/wp-content\/uploads\/sites\/216\/2022\/06\/5Girls_-_Figuras_1_-removebg-preview1.png&#8221; alt=&#8221;engenheiras&#8221; title_text=&#8221;5Girls_-_Figuras_1_-removebg-preview(1)&#8221; align=&#8221;center&#8221; align_tablet=&#8221;center&#8221; align_phone=&#8221;&#8221; align_last_edited=&#8221;on|desktop&#8221; _builder_version=&#8221;4.16&#8243; animation_style=&#8221;slide&#8221; animation_direction=&#8221;bottom&#8221; animation_intensity_slide=&#8221;10%&#8221; global_colors_info=&#8221;{}&#8221;][\/et_pb_image][\/et_pb_column][\/et_pb_row][et_pb_row _builder_version=&#8221;4.16&#8243; _module_preset=&#8221;default&#8221; global_colors_info=&#8221;{}&#8221;][et_pb_column type=&#8221;4_4&#8243; _builder_version=&#8221;4.16&#8243; _module_preset=&#8221;default&#8221; global_colors_info=&#8221;{}&#8221;][et_pb_cta title=&#8221;Audit\u00f3rio do Instituto de Computa\u00e7\u00e3o&#8221; button_text=&#8221;Cliques&#8221; _builder_version=&#8221;4.16&#8243; _module_preset=&#8221;default&#8221; background_color=&#8221;rgba(0,0,0,0)&#8221; custom_padding=&#8221;39px|||||&#8221; global_colors_info=&#8221;{}&#8221;]<\/p>\n<p><span>Av. Gal. Milton Tavares de Souza, s\/n\u00ba<\/span><br \/> <span>S\u00e3o Domingos &#8211; Niter\u00f3i &#8211; RJ<\/span><br \/> <span>CEP: 24210-346<\/span><\/p>\n<p>[\/et_pb_cta][\/et_pb_column][\/et_pb_row][\/et_pb_section][et_pb_section fb_built=&#8221;1&#8243; admin_label=&#8221;3 Cards Features&#8221; _builder_version=&#8221;4.16&#8243; background_color=&#8221;#212529&#8243; custom_padding=&#8221;100px|0px|100px|0px&#8221; global_colors_info=&#8221;{}&#8221;][et_pb_row _builder_version=&#8221;4.16&#8243; global_colors_info=&#8221;{}&#8221;][et_pb_column type=&#8221;4_4&#8243; _builder_version=&#8221;4.16&#8243; custom_padding=&#8221;|||&#8221; global_colors_info=&#8221;{}&#8221; custom_padding__hover=&#8221;|||&#8221;][et_pb_text _builder_version=&#8221;4.16&#8243; text_font=&#8221;PT Sans||||||||&#8221; text_text_color=&#8221;rgba(255,255,255,0.7)&#8221; text_font_size=&#8221;18px&#8221; text_line_height=&#8221;1.8em&#8221; header_font=&#8221;||||||||&#8221; header_text_align=&#8221;center&#8221; header_text_color=&#8221;#ffffff&#8221; header_font_size=&#8221;38px&#8221; header_2_font=&#8221;Poppins|500|||||||&#8221; header_2_font_size=&#8221;38px&#8221; header_2_line_height=&#8221;1.3em&#8221; header_3_font=&#8221;||||||||&#8221; header_4_font=&#8221;||||||||&#8221; text_orientation=&#8221;center&#8221; background_layout=&#8221;dark&#8221; max_width=&#8221;700px&#8221; module_alignment=&#8221;center&#8221; global_colors_info=&#8221;{}&#8221;]<\/p>\n<h2>Cronograma<\/h2>\n<p>[\/et_pb_text][\/et_pb_column][\/et_pb_row][et_pb_row _builder_version=&#8221;4.16&#8243; _module_preset=&#8221;default&#8221; animation_style=&#8221;slide&#8221; global_colors_info=&#8221;{}&#8221;][et_pb_column type=&#8221;4_4&#8243; _builder_version=&#8221;4.16&#8243; _module_preset=&#8221;default&#8221; global_colors_info=&#8221;{}&#8221;][et_pb_accordion open_toggle_text_color=&#8221;#ffffff&#8221; open_toggle_background_color=&#8221;#675682&#8243; closed_toggle_background_color=&#8221;#2f3542&#8243; _builder_version=&#8221;4.16&#8243; _module_preset=&#8221;default&#8221; toggle_text_color=&#8221;#e2e2e2&#8243; toggle_font=&#8221;||||||||&#8221; toggle_font_size=&#8221;15px&#8221; toggle_line_height=&#8221;1.1em&#8221; closed_toggle_font_size=&#8221;15px&#8221; body_text_color=&#8221;#e8e8e8&#8243; border_radii=&#8221;off|10px|10px|10px|10px&#8221; border_color_all=&#8221;rgba(0,0,0,0)&#8221; global_colors_info=&#8221;{}&#8221;][et_pb_accordion_item title=&#8221;8h30 \u2013 Credenciamento&#8221; open=&#8221;on&#8221; _builder_version=&#8221;4.16&#8243; _module_preset=&#8221;default&#8221; global_colors_info=&#8221;{}&#8221;]<\/p>\n<p style=\"line-height: 100%;margin-bottom: 0cm\">Hall de entrada do Instituto de Computa\u00e7\u00e3o (em frente ao audit\u00f3rio).<\/p>\n<p>[\/et_pb_accordion_item][et_pb_accordion_item title=&#8221;9h00 \u00e0s 9h15 &#8211; Abertura&#8221; _builder_version=&#8221;4.16&#8243; _module_preset=&#8221;default&#8221; global_colors_info=&#8221;{}&#8221; open=&#8221;off&#8221;]<\/p>\n<p>Ser\u00e1 conduzida pela Professora Yona Lopes (docente do Departamento de Engenharia El\u00e9trica da UFF).<\/p>\n<p>[\/et_pb_accordion_item][et_pb_accordion_item title=&#8221;9h15 \u00e0s 11h &#8211; Palestra: %22Redes 5G &#8211; Novo Patamar das Comunica\u00e7\u00f5es M\u00f3veis%22&#8243; _builder_version=&#8221;4.16&#8243; _module_preset=&#8221;default&#8221; global_colors_info=&#8221;{}&#8221; open=&#8221;off&#8221;]<\/p>\n<p>A palestrante respons\u00e1vel \u00e9 Ana Carolina Do Carmo Pedreira (Gerente S\u00eanior TIM).<\/p>\n<p>[\/et_pb_accordion_item][et_pb_accordion_item title=&#8221;11h \u00e0s 11h15 &#8211; Intervalo&#8221; _builder_version=&#8221;4.16&#8243; _module_preset=&#8221;default&#8221; global_colors_info=&#8221;{}&#8221; open=&#8221;off&#8221;]<\/p>\n<p style=\"line-height: 100%;margin-bottom: 0cm\">Intervalo<\/p>\n<p>[\/et_pb_accordion_item][et_pb_accordion_item title=&#8221;11h15 \u00e0s 13h &#8211; Palestra: \u201cO Setor El\u00e9trico e suas Aplica\u00e7\u00f5es: uma abordagem sobre a digitaliza\u00e7\u00e3o\u201d&#8221; _builder_version=&#8221;4.16&#8243; _module_preset=&#8221;default&#8221; global_colors_info=&#8221;{}&#8221; open=&#8221;off&#8221;]<\/p>\n<p style=\"line-height: 100%;margin-bottom: 0cm\" align=\"justify\">Palestrante: Joyce Meireles (Trainee da ONS e Mestranda da P\u00f3s-Gradua\u00e7\u00e3o de Engenharia El\u00e9trica e Telecomunica\u00e7\u00f5es da UFF)<\/p>\n<p>[\/et_pb_accordion_item][et_pb_accordion_item title=&#8221;13h \u00e0s 14h30 &#8211; Almo\u00e7o&#8221; _builder_version=&#8221;4.16&#8243; _module_preset=&#8221;default&#8221; global_colors_info=&#8221;{}&#8221; open=&#8221;off&#8221;]<\/p>\n<p>Intervalo<\/p>\n<p>[\/et_pb_accordion_item][et_pb_accordion_item title=&#8221;14h30 \u00e0s 16h30 &#8211; Roda de Conversa&#8221; _builder_version=&#8221;4.16&#8243; _module_preset=&#8221;default&#8221; global_colors_info=&#8221;{}&#8221; open=&#8221;off&#8221;]<\/p>\n<p style=\"line-height: 100%;margin-bottom: 0cm\"><strong>Discuss\u00e3o:<\/strong> O Machismo e a S\u00edndrome da Impostora nas \u00e1reas de Tecnologia<\/p>\n<p style=\"line-height: 100%;margin-bottom: 0cm\"><strong>Palestrante e Mediadora:<\/strong> Mariana Cardoso (Analista de Diversidade &amp; Inclus\u00e3o TIM)<\/p>\n<p style=\"line-height: 100%;margin-bottom: 0cm\"><strong>Participantes:<\/strong><\/p>\n<ul>\n<li>\n<p style=\"line-height: 100%;margin-bottom: 0cm\">D\u00e9bora Muchaluat Saade, D.Sc (Professora do Instituto de Computa\u00e7\u00e3o da UFF)<\/p>\n<\/li>\n<\/ul>\n<ul>\n<li>\n<p style=\"line-height: 100%;margin-bottom: 0cm\">Ana Carolina Pedreira (Gerente S\u00eanior TIM)<\/p>\n<\/li>\n<\/ul>\n<p>[\/et_pb_accordion_item][\/et_pb_accordion][\/et_pb_column][\/et_pb_row][\/et_pb_section][et_pb_section fb_built=&#8221;1&#8243; admin_label=&#8221;Our Services&#8221; _builder_version=&#8221;4.16&#8243; background_color=&#8221;#212529&#8243; custom_padding=&#8221;100px|0px|100px|0px&#8221; global_colors_info=&#8221;{}&#8221;][et_pb_row admin_label=&#8221;New standard of payments&#8221; _builder_version=&#8221;4.16&#8243; global_colors_info=&#8221;{}&#8221;][et_pb_column type=&#8221;4_4&#8243; _builder_version=&#8221;4.16&#8243; custom_padding=&#8221;|||&#8221; global_colors_info=&#8221;{}&#8221; custom_padding__hover=&#8221;|||&#8221;][et_pb_text _builder_version=&#8221;4.16&#8243; text_font=&#8221;PT Sans||||||||&#8221; text_text_color=&#8221;rgba(255,255,255,0.7)&#8221; text_font_size=&#8221;18px&#8221; text_line_height=&#8221;1.8em&#8221; header_font=&#8221;||||||||&#8221; header_2_font=&#8221;Poppins|500|||||||&#8221; header_2_font_size=&#8221;38px&#8221; header_2_line_height=&#8221;1.3em&#8221; header_3_font=&#8221;||||||||&#8221; header_4_font=&#8221;||||||||&#8221; text_orientation=&#8221;center&#8221; background_layout=&#8221;dark&#8221; max_width=&#8221;700px&#8221; module_alignment=&#8221;center&#8221; global_colors_info=&#8221;{}&#8221;]<\/p>\n<h2>Conhe\u00e7a as mulheres incr\u00edveis palestrantes no nosso evento!<\/h2>\n<p>&nbsp;<\/p>\n<p>[\/et_pb_text][\/et_pb_column][\/et_pb_row][et_pb_row column_structure=&#8221;1_3,1_3,1_3&#8243; _builder_version=&#8221;4.16&#8243; _module_preset=&#8221;default&#8221; animation_style=&#8221;slide&#8221; global_colors_info=&#8221;{}&#8221;][et_pb_column type=&#8221;1_3&#8243; _builder_version=&#8221;4.16&#8243; _module_preset=&#8221;default&#8221; global_colors_info=&#8221;{}&#8221;][et_pb_blurb title=&#8221;Yona Lopes&#8221; image=&#8221;http:\/\/friendslab.uff.br\/wp-content\/uploads\/sites\/72\/2022\/03\/icone.png&#8221; alt=&#8221;Yona Lopes&#8221; image_icon_width=&#8221;70%&#8221; module_id=&#8221;ds-carousel-module&#8221; _builder_version=&#8221;4.16&#8243; header_font=&#8221;PT Sans|700|||||||&#8221; header_line_height=&#8221;1.3em&#8221; body_font=&#8221;PT Sans||||||||&#8221; body_line_height=&#8221;1.8em&#8221; background_color=&#8221;#ffffff&#8221; text_orientation=&#8221;center&#8221; custom_margin=&#8221;|||&#8221; custom_padding=&#8221;30px|30px|30px|30px&#8221; border_radii=&#8221;on|10px|10px|10px|10px&#8221; box_shadow_style=&#8221;preset1&#8243; box_shadow_vertical=&#8221;10px&#8221; box_shadow_blur=&#8221;60px&#8221; box_shadow_color=&#8221;rgba(0,0,0,0.1)&#8221; image_max_width=&#8221;70%&#8221; locked=&#8221;off&#8221; global_colors_info=&#8221;{}&#8221;]<\/p>\n<p style=\"text-align: center\"><strong style=\"font-size: 16px\">UFF \u2013 Engenharia El\u00e9trica<\/strong><\/p>\n<p>Professora adjunta da Escola de Engenharia da Universidade Federal Fluminense, no Departamento de Engenharia El\u00e9trica, e professora do Programa de P\u00f3s-Gradua\u00e7\u00e3o em Engenharia El\u00e9trica e de Telecomunica\u00e7\u00f5es. Atuou por mais de dez anos como consultora em automa\u00e7\u00e3o de subesta\u00e7\u00f5es e digitaliza\u00e7\u00e3o de sistemas el\u00e9tricos, principalmente com IEC 61850, e por mais de quinze anos com Telecomunica\u00e7\u00f5es. Uma das coordenadoras do laborat\u00f3rio FRIENDS e pesquisadora do MidiaCom.<\/p>\n<p>[\/et_pb_blurb][et_pb_blurb title=&#8221;Joyce Meireles&#8221; image=&#8221;http:\/\/friendslab.uff.br\/wp-content\/uploads\/sites\/72\/2022\/03\/icone5.png&#8221; image_icon_width=&#8221;70%&#8221; module_id=&#8221;ds-carousel-module&#8221; _builder_version=&#8221;4.16&#8243; header_font=&#8221;PT Sans|700|||||||&#8221; header_line_height=&#8221;1.3em&#8221; body_font=&#8221;PT Sans||||||||&#8221; body_line_height=&#8221;1.8em&#8221; background_color=&#8221;#ffffff&#8221; text_orientation=&#8221;center&#8221; custom_margin=&#8221;|||&#8221; custom_padding=&#8221;30px|30px|30px|30px&#8221; border_radii=&#8221;on|10px|10px|10px|10px&#8221; box_shadow_style=&#8221;preset1&#8243; box_shadow_vertical=&#8221;10px&#8221; box_shadow_blur=&#8221;60px&#8221; box_shadow_color=&#8221;rgba(0,0,0,0.1)&#8221; image_max_width=&#8221;70%&#8221; locked=&#8221;off&#8221; global_colors_info=&#8221;{}&#8221;]<\/p>\n<p style=\"text-align: center\"><strong>\u00a0 ONS (Operador Nacional do Sistema El\u00e9trico) e\u00a0<\/strong><strong style=\"font-size: 16px\">UFF \u2013\u00a0 (PPGEET)<\/strong><\/p>\n<p>Possui gradua\u00e7\u00e3o em Engenharia El\u00e9trica na UFF, atua como engenheira na Ger\u00eancia de Prote\u00e7\u00e3o e Controle do Operador Nacional do Sistema El\u00e9trico (ONS). Atualmente \u00e9 mestranda em Engenharia El\u00e9trica e de Telecomunica\u00e7\u00f5es na UFF e trabalha com \u00eanfase em digitaliza\u00e7\u00e3o de sistemas el\u00e9tricos. Joyce \u00e9 pesquisadora no FRIENDS lab e atua no projeto 5GIRLS.<\/p>\n<p>[\/et_pb_blurb][\/et_pb_column][et_pb_column type=&#8221;1_3&#8243; _builder_version=&#8221;4.16&#8243; _module_preset=&#8221;default&#8221; global_colors_info=&#8221;{}&#8221;][et_pb_blurb title=&#8221;Ana Carolina Pedreira&#8221; image=&#8221;http:\/\/friendslab.uff.br\/wp-content\/uploads\/sites\/72\/2022\/03\/icone-1.png&#8221; alt=&#8221;Yona Lopes&#8221; image_icon_width=&#8221;70%&#8221; module_id=&#8221;ds-carousel-module&#8221; _builder_version=&#8221;4.16&#8243; header_font=&#8221;PT Sans|700|||||||&#8221; header_line_height=&#8221;1.3em&#8221; body_font=&#8221;PT Sans||||||||&#8221; body_line_height=&#8221;1.8em&#8221; background_color=&#8221;#ffffff&#8221; text_orientation=&#8221;center&#8221; custom_margin=&#8221;|||&#8221; custom_padding=&#8221;30px|30px|30px|30px&#8221; border_radii=&#8221;on|10px|10px|10px|10px&#8221; box_shadow_style=&#8221;preset1&#8243; box_shadow_vertical=&#8221;10px&#8221; box_shadow_blur=&#8221;60px&#8221; box_shadow_color=&#8221;rgba(0,0,0,0.1)&#8221; image_max_width=&#8221;70%&#8221; locked=&#8221;off&#8221; global_colors_info=&#8221;{}&#8221;]<\/p>\n<p style=\"text-align: center\"><strong>Gerente S\u00eanior &#8211; TIM<\/strong><\/p>\n<p>Mestra em Engenharia El\u00e9trica e de Telecomunica\u00e7\u00f5es pela UFF. Atua como Gerente S\u00eanior de Parcerias Tecnol\u00f3gicas na TIM Brasil, respons\u00e1vel por assegurar o desenvolvimento de parcerias tecnol\u00f3gicas que habilitem novos produtos e servi\u00e7os e de projetos que propiciem a expans\u00e3o da infraestrutura de rede da companhia de forma mais otimizada e em linha com o plano de evolu\u00e7\u00e3o tecnol\u00f3gica.<\/p>\n<p>[\/et_pb_blurb][et_pb_blurb title=&#8221;Mariana Cardoso&#8221; image=&#8221;http:\/\/www.professores.uff.br\/yonalopes\/wp-content\/uploads\/sites\/216\/2022\/06\/Vector-2.png&#8221; alt=&#8221;Yona Lopes&#8221; image_icon_width=&#8221;70%&#8221; module_id=&#8221;ds-carousel-module&#8221; _builder_version=&#8221;4.16&#8243; header_font=&#8221;PT Sans|700|||||||&#8221; header_line_height=&#8221;1.3em&#8221; body_font=&#8221;PT Sans||||||||&#8221; body_line_height=&#8221;1.8em&#8221; background_color=&#8221;#ffffff&#8221; text_orientation=&#8221;center&#8221; custom_margin=&#8221;|||&#8221; custom_padding=&#8221;30px|30px|30px|30px&#8221; border_radii=&#8221;on|10px|10px|10px|10px&#8221; box_shadow_style=&#8221;preset1&#8243; box_shadow_vertical=&#8221;10px&#8221; box_shadow_blur=&#8221;60px&#8221; box_shadow_color=&#8221;rgba(0,0,0,0.1)&#8221; image_max_width=&#8221;70%&#8221; locked=&#8221;off&#8221; global_colors_info=&#8221;{}&#8221;]<\/p>\n<p style=\"text-align: center\"><strong>Analista de Diversidade &amp; Inclus\u00e3o &#8211; TIM<\/strong><\/p>\n<p>Graduanda em Ci\u00eancias Atuariais pela UERJ. Atua como Analista de Diversidade &amp; Inclus\u00e3o na TIM Brasil, respons\u00e1vel pela gest\u00e3o financeira e de indicadores da \u00e1rea, bem como pelos pilares de g\u00eanero e ra\u00e7a.<\/p>\n<p>[\/et_pb_blurb][\/et_pb_column][et_pb_column type=&#8221;1_3&#8243; _builder_version=&#8221;4.16&#8243; _module_preset=&#8221;default&#8221; global_colors_info=&#8221;{}&#8221;][et_pb_blurb title=&#8221;Debora Saade&#8221; image=&#8221;http:\/\/www.professores.uff.br\/yonalopes\/wp-content\/uploads\/sites\/216\/2022\/03\/icone4.png&#8221; image_icon_width=&#8221;70%&#8221; module_id=&#8221;ds-carousel-module&#8221; _builder_version=&#8221;4.16&#8243; header_font=&#8221;PT Sans|700|||||||&#8221; header_line_height=&#8221;1.3em&#8221; body_font=&#8221;PT Sans||||||||&#8221; body_line_height=&#8221;1.8em&#8221; background_color=&#8221;#ffffff&#8221; text_orientation=&#8221;center&#8221; custom_margin=&#8221;|||&#8221; custom_padding=&#8221;30px|30px|30px|30px&#8221; border_radii=&#8221;on|10px|10px|10px|10px&#8221; box_shadow_style=&#8221;preset1&#8243; box_shadow_vertical=&#8221;10px&#8221; box_shadow_blur=&#8221;60px&#8221; box_shadow_color=&#8221;rgba(0,0,0,0.1)&#8221; image_max_width=&#8221;70%&#8221; locked=&#8221;off&#8221; global_colors_info=&#8221;{}&#8221;]<\/p>\n<p style=\"text-align: center\"><span style=\"font-size: medium\"><strong>UFF \u2013 Ci\u00eancia da Computa\u00e7\u00e3o<\/strong> <\/span><\/p>\n<p><span style=\"font-size: medium\">\u00c9 professora titular da Universidade Federal Fluminense (UFF). Integrou o corpo docente do Departamento de Engenharia de Telecomunica\u00e7\u00f5es at\u00e9 maio de 2009 e desde ent\u00e3o faz parte do corpo docente do Instituto de Computa\u00e7\u00e3o. Fundou o Laborat\u00f3rio M\u00eddiaCom na UFF em 2003 com foco em pesquisas em redes de computadores e multim\u00eddia e desde ent\u00e3o \u00e9 uma das coordenadoras do laborat\u00f3rio. \u00c9 membro do M\u00f3dulo T\u00e9cnico do F\u00f3rum do Sistema Brasileiro de TV Digital.<br \/> <\/span><\/p>\n<p>[\/et_pb_blurb][\/et_pb_column][\/et_pb_row][\/et_pb_section][et_pb_section fb_built=&#8221;1&#8243; _builder_version=&#8221;4.16&#8243; _module_preset=&#8221;default&#8221; background_color=&#8221;#675682&#8243; use_background_color_gradient=&#8221;on&#8221; background_color_gradient_stops=&#8221;#212529 0%|#675682 100%&#8221; background_color_gradient_start=&#8221;#212529&#8243; background_color_gradient_end=&#8221;#675682&#8243; global_colors_info=&#8221;{}&#8221;][et_pb_row _builder_version=&#8221;4.16&#8243; _module_preset=&#8221;default&#8221; global_colors_info=&#8221;{}&#8221;][et_pb_column type=&#8221;4_4&#8243; _builder_version=&#8221;4.16&#8243; _module_preset=&#8221;default&#8221; global_colors_info=&#8221;{}&#8221;][et_pb_text _builder_version=&#8221;4.16&#8243; text_font=&#8221;PT Sans||||||||&#8221; text_text_color=&#8221;rgba(255,255,255,0.7)&#8221; text_font_size=&#8221;18px&#8221; text_line_height=&#8221;1.8em&#8221; header_font=&#8221;||||||||&#8221; header_2_font=&#8221;Poppins|500|||||||&#8221; header_2_font_size=&#8221;38px&#8221; header_2_line_height=&#8221;1.3em&#8221; header_3_font=&#8221;||||||||&#8221; header_4_font=&#8221;||||||||&#8221; text_orientation=&#8221;center&#8221; background_layout=&#8221;dark&#8221; max_width=&#8221;700px&#8221; module_alignment=&#8221;center&#8221; global_colors_info=&#8221;{}&#8221;]<\/p>\n<h2>Galeria do Evento<span style=\"font-size: 18px;font-family: 'PT Sans', Helvetica, Arial, Lucida, sans-serif\">\u00a0<\/span><\/h2>\n<p>[\/et_pb_text][et_pb_gallery gallery_ids=&#8221;5847,5846,5845,5844,5843,5842,5841,5840,5839,5837,5838,5836,5835,5834,5833,5832,5830,5831,5829,5828,5827,5826,5825,5824&#8243; gallery_orderby=&#8221;rand&#8221; show_title_and_caption=&#8221;off&#8221; _builder_version=&#8221;4.16&#8243; _module_preset=&#8221;default&#8221; pagination_font=&#8221;||||||||&#8221; pagination_text_align=&#8221;center&#8221; pagination_text_color=&#8221;#67aeca&#8221; border_radii_image=&#8221;on|10px|10px|10px|10px&#8221; global_colors_info=&#8221;{}&#8221;][\/et_pb_gallery][\/et_pb_column][\/et_pb_row][\/et_pb_section]<\/p>\n","protected":false},"excerpt":{"rendered":"<p>I Workshop Projeto 5GIRLS &nbsp; Ap\u00f3s o sucesso do I Encontro do Projeto 5GIRLS, no dia 1\u00ba de julho aconteceu a segunda edi\u00e7\u00e3o do evento no audit\u00f3rio do Instituto de Computa\u00e7\u00e3o\u00a0(IC) da UFF. Tivemos a participa\u00e7\u00e3o de mulheres incr\u00edveis da TIM, do ONS (Operador Nacional do Sistema El\u00e9trico) e da UFF em duas palestras t\u00e9cnicas [&hellip;]<\/p>\n","protected":false},"author":257,"featured_media":0,"parent":0,"menu_order":0,"comment_status":"closed","ping_status":"closed","template":"","meta":{"_et_pb_use_builder":"on","_et_pb_old_content":"","_et_gb_content_width":"","_exactmetrics_skip_tracking":false,"_exactmetrics_sitenote_active":false,"_exactmetrics_sitenote_note":"","_exactmetrics_sitenote_category":0,"footnotes":""},"categories":[],"tags":[],"class_list":["post-5511","page","type-page","status-publish","hentry"],"_links":{"self":[{"href":"https:\/\/www.professores.uff.br\/yonalopes\/wp-json\/wp\/v2\/pages\/5511","targetHints":{"allow":["GET"]}}],"collection":[{"href":"https:\/\/www.professores.uff.br\/yonalopes\/wp-json\/wp\/v2\/pages"}],"about":[{"href":"https:\/\/www.professores.uff.br\/yonalopes\/wp-json\/wp\/v2\/types\/page"}],"author":[{"embeddable":true,"href":"https:\/\/www.professores.uff.br\/yonalopes\/wp-json\/wp\/v2\/users\/257"}],"replies":[{"embeddable":true,"href":"https:\/\/www.professores.uff.br\/yonalopes\/wp-json\/wp\/v2\/comments?post=5511"}],"version-history":[{"count":34,"href":"https:\/\/www.professores.uff.br\/yonalopes\/wp-json\/wp\/v2\/pages\/5511\/revisions"}],"predecessor-version":[{"id":5921,"href":"https:\/\/www.professores.uff.br\/yonalopes\/wp-json\/wp\/v2\/pages\/5511\/revisions\/5921"}],"wp:attachment":[{"href":"https:\/\/www.professores.uff.br\/yonalopes\/wp-json\/wp\/v2\/media?parent=5511"}],"wp:term":[{"taxonomy":"category","embeddable":true,"href":"https:\/\/www.professores.uff.br\/yonalopes\/wp-json\/wp\/v2\/categories?post=5511"},{"taxonomy":"post_tag","embeddable":true,"href":"https:\/\/www.professores.uff.br\/yonalopes\/wp-json\/wp\/v2\/tags?post=5511"}],"curies":[{"name":"wp","href":"https:\/\/api.w.org\/{rel}","templated":true}]}}