{"id":6461,"date":"2023-03-15T20:27:31","date_gmt":"2023-03-15T23:27:31","guid":{"rendered":"http:\/\/www.professores.uff.br\/yonalopes\/?page_id=6461"},"modified":"2023-03-28T21:33:35","modified_gmt":"2023-03-29T00:33:35","slug":"bolsa-iti-ge","status":"publish","type":"page","link":"https:\/\/www.professores.uff.br\/yonalopes\/bolsa-iti-ge\/","title":{"rendered":"Bolsa ITI GE"},"content":{"rendered":"<p>[et_pb_section fb_built=&#8221;1&#8243; fullwidth=&#8221;on&#8221; _builder_version=&#8221;4.16&#8243; _module_preset=&#8221;default&#8221; global_colors_info=&#8221;{}&#8221;][et_pb_fullwidth_menu active_link_color=&#8221;#ffffff&#8221; _builder_version=&#8221;4.16&#8243; _module_preset=&#8221;default&#8221; menu_font=&#8221;|600|||||||&#8221; menu_text_color=&#8221;#ffffff&#8221; menu_font_size=&#8221;17px&#8221; menu_letter_spacing=&#8221;1px&#8221; background_color=&#8221;#0da0c5&#8243; text_orientation=&#8221;center&#8221; background_layout=&#8221;dark&#8221; hover_enabled=&#8221;0&#8243; locked=&#8221;off&#8221; global_colors_info=&#8221;{}&#8221; sticky_enabled=&#8221;0&#8243;][\/et_pb_fullwidth_menu][\/et_pb_section][et_pb_section fb_built=&#8221;1&#8243; admin_label=&#8221;Page Title&#8221; _builder_version=&#8221;4.16&#8243; background_enable_color=&#8221;off&#8221; global_colors_info=&#8221;{}&#8221;][et_pb_row _builder_version=&#8221;4.16&#8243; global_colors_info=&#8221;{}&#8221;][et_pb_column type=&#8221;4_4&#8243; _builder_version=&#8221;4.16&#8243; custom_padding=&#8221;|||&#8221; global_colors_info=&#8221;{}&#8221; custom_padding__hover=&#8221;|||&#8221;][et_pb_text _builder_version=&#8221;4.16&#8243; text_font=&#8221;Muli||||||||&#8221; text_line_height=&#8221;1.8em&#8221; header_font=&#8221;Muli|700|||||||&#8221; header_font_size=&#8221;72px&#8221; header_line_height=&#8221;1.2em&#8221; custom_margin=&#8221;|-49px||||&#8221; animation_direction=&#8221;right&#8221; header_font_size_tablet=&#8221;&#8221; header_font_size_phone=&#8221;36px&#8221; header_font_size_last_edited=&#8221;on|phone&#8221; locked=&#8221;off&#8221; global_colors_info=&#8221;{}&#8221; header_6_font_size__hover=&#8221;14px&#8221; header_6_font_size__hover_enabled=&#8221;14px&#8221; header_6_letter_spacing__hover=&#8221;0px&#8221; header_6_letter_spacing__hover_enabled=&#8221;0px&#8221; header_6_line_height__hover=&#8221;1em&#8221; header_6_line_height__hover_enabled=&#8221;1em&#8221; header_6_text_shadow_style__hover=&#8221;none&#8221; header_6_text_shadow_style__hover_enabled=&#8221;none&#8221; header_6_text_shadow_color__hover=&#8221;rgba(0,0,0,0.4)&#8221; header_6_text_shadow_color__hover_enabled=&#8221;rgba(0,0,0,0.4)&#8221;]<\/p>\n<h1><span style=\"font-family: inherit;color: #0da0c5\"><span style=\"font-family: sans-serif\" role=\"presentation\" dir=\"ltr\">Processo Seletivo<br \/><\/span><\/span><\/h1>\n<p>[\/et_pb_text][et_pb_text _builder_version=&#8221;4.17.6&#8243; _module_preset=&#8221;default&#8221; global_colors_info=&#8221;{}&#8221;]<\/p>\n<h1 class=\"et_pb_module_header et-fb-editable-element et-fb-editable-element__editing\" data-shortcode-id=\"2.0.0.0-1678921046499\" data-quickaccess-id=\"header\">BOLSAS DE INICIA\u00c7\u00c3O TECNOL\u00d3GICA E INDUSTRIAL (ITI)<\/h1>\n<p>[\/et_pb_text][\/et_pb_column][\/et_pb_row][et_pb_row _builder_version=&#8221;4.17.6&#8243; _module_preset=&#8221;default&#8221; custom_padding=&#8221;|||11px||&#8221; locked=&#8221;off&#8221; global_colors_info=&#8221;{}&#8221;][et_pb_column type=&#8221;4_4&#8243; _builder_version=&#8221;4.17.6&#8243; _module_preset=&#8221;default&#8221; global_colors_info=&#8221;{}&#8221;][et_pb_cta button_url=&#8221;#&#8221; _builder_version=&#8221;4.17.6&#8243; header_level=&#8221;h1&#8243; header_font=&#8221;|600|||||||&#8221; header_text_color=&#8221;#ffffff&#8221; header_font_size=&#8221;40px&#8221; header_line_height=&#8221;1.5em&#8221; body_font=&#8221;||||||||&#8221; body_text_align=&#8221;justify&#8221; body_text_color=&#8221;#aaaaaa&#8221; body_line_height=&#8221;1.8em&#8221; use_background_color=&#8221;off&#8221; background_size=&#8221;initial&#8221; background_position=&#8221;top_left&#8221; background_repeat=&#8221;repeat&#8221; custom_button=&#8221;on&#8221; button_text_color=&#8221;#747d88&#8243; button_border_width=&#8221;4px&#8221; button_border_color=&#8221;#747d88&#8243; button_border_radius=&#8221;100px&#8221; button_letter_spacing=&#8221;2px&#8221; button_font=&#8221;Montserrat|700||on|||||&#8221; button_icon=&#8221;&#x45;||divi||400&#8243; button_icon_color=&#8221;#747d88&#8243; text_orientation=&#8221;left&#8221; background_layout=&#8221;light&#8221; custom_margin=&#8221;||60px|||&#8221; animation_style=&#8221;fade&#8221; animation_direction=&#8221;top&#8221; button_bg_color_hover=&#8221;rgba(0,0,0,0)&#8221; locked=&#8221;off&#8221; global_colors_info=&#8221;{}&#8221; button_text_size__hover_enabled=&#8221;off&#8221; button_one_text_size__hover_enabled=&#8221;off&#8221; button_two_text_size__hover_enabled=&#8221;off&#8221; button_text_color__hover_enabled=&#8221;off&#8221; button_one_text_color__hover_enabled=&#8221;off&#8221; button_two_text_color__hover_enabled=&#8221;off&#8221; button_border_width__hover_enabled=&#8221;off&#8221; button_one_border_width__hover_enabled=&#8221;off&#8221; button_two_border_width__hover_enabled=&#8221;off&#8221; button_border_color__hover_enabled=&#8221;off&#8221; button_one_border_color__hover_enabled=&#8221;off&#8221; button_two_border_color__hover_enabled=&#8221;off&#8221; button_border_radius__hover_enabled=&#8221;off&#8221; button_one_border_radius__hover_enabled=&#8221;off&#8221; button_two_border_radius__hover_enabled=&#8221;off&#8221; button_letter_spacing__hover_enabled=&#8221;off&#8221; button_one_letter_spacing__hover_enabled=&#8221;off&#8221; button_two_letter_spacing__hover_enabled=&#8221;off&#8221; button_bg_color__hover_enabled=&#8221;on&#8221; button_bg_color__hover=&#8221;rgba(0,0,0,0)&#8221; button_one_bg_color__hover_enabled=&#8221;off&#8221; button_two_bg_color__hover_enabled=&#8221;off&#8221;]<\/p>\n<p><span style=\"color: #262626;font-size: medium\">T\u00cdTULO: Estudos de Aplica\u00e7\u00f5es de Miss\u00e3o Cr\u00edtica baseadas em Redes IEC 61850 e Novas Tecnologia<br \/><\/span><\/p>\n<p><span style=\"color: #262626;font-size: medium\">ORIENTADORES:<\/span><\/p>\n<ul>\n<li><span style=\"color: #262626;font-size: medium\">Orientador acad\u00eamico: Professora D.Sc. Yona Lopes<br \/><\/span><\/li>\n<li><span style=\"color: #262626;font-size: medium\">Supervisor Empresarial da GE: M.Sc. Emanuela Lima<br \/><\/span><\/li>\n<li><span style=\"color: #262626;font-size: medium\">Alunas de mestrado envolvidas: Mayara Helena dos Santos e Izabella Cozendey Pitta<\/span><\/li>\n<\/ul>\n<p><span style=\"color: #4f4f4f\">Essa oportunidade \u00e9 <span style=\"font-family: sans-serif\" role=\"presentation\" dir=\"ltr\">pela Universidade Federal Fluminense para bolsas CNPq em parceria <\/span><span style=\"font-family: sans-serif\" role=\"presentation\" dir=\"ltr\">com a empresa<\/span><span style=\"font-family: sans-serif\" role=\"presentation\" dir=\"ltr\"> <\/span><strong><span style=\"font-family: sans-serif\" role=\"presentation\" dir=\"ltr\">GE Renewable Energy &#8211; Grid Solutions<\/span><\/strong><span style=\"font-family: sans-serif\" role=\"presentation\" dir=\"ltr\">. Os alunos de gradua\u00e7\u00e3o dos cursos Engenharia El\u00e9trica, de Telecomunica\u00e7\u00f5es e Ci\u00eancia da Computa\u00e7\u00e3o podem se inscrever no processo seletivo.<\/span><\/span><\/p>\n<p>[\/et_pb_cta][et_pb_text _builder_version=&#8221;4.17.6&#8243; _module_preset=&#8221;default&#8221; animation_style=&#8221;fade&#8221; global_colors_info=&#8221;{}&#8221; custom_margin=&#8221;||80px|||&#8221;]<\/p>\n<h1 class=\"et_pb_module_header et-fb-editable-element et-fb-editable-element__editing\" data-shortcode-id=\"2.0.0.0-1678921046499\" data-quickaccess-id=\"header\">Cronograma<\/h1>\n<p>&nbsp;<\/p>\n<ul>\n<li>Inscri\u00e7\u00f5es: 15\/03 &#8211; 23\/03<\/li>\n<li>Entrevistas: 24\/03 e 27\/03<\/li>\n<li>Resultados: 31\/03<\/li>\n<\/ul>\n<p>[\/et_pb_text][et_pb_text _builder_version=&#8221;4.17.6&#8243; _module_preset=&#8221;default&#8221; animation_style=&#8221;fade&#8221; global_colors_info=&#8221;{}&#8221;]<\/p>\n<h1 class=\"et_pb_module_header et-fb-editable-element et-fb-editable-element__editing\" data-shortcode-id=\"2.0.0.0-1678921046499\" data-quickaccess-id=\"header\">Resultado<\/h1>\n<p>Aprovados para in\u00edcio imediato:<\/p>\n<ul>\n<li>Giovanna Carvalho de Siqueira<\/li>\n<li>Patrick Couceiro<\/li>\n<li>Caio Quintes de Barros Botelho<\/li>\n<li>F\u00e1bio Bruns<\/li>\n<\/ul>\n<p>Informamos que os selecionados para aloca\u00e7\u00f5es de bolsas futuras, foram selecionados como volunt\u00e1rios e receberam o resultado por e-mail.<\/p>\n<p>[\/et_pb_text][\/et_pb_column][\/et_pb_row][et_pb_row column_structure=&#8221;1_5,1_5,1_5,1_5,1_5&#8243; _builder_version=&#8221;4.17.6&#8243; _module_preset=&#8221;default&#8221; animation_style=&#8221;fade&#8221; global_colors_info=&#8221;{}&#8221;][et_pb_column type=&#8221;1_5&#8243; _builder_version=&#8221;4.17.6&#8243; _module_preset=&#8221;default&#8221; global_colors_info=&#8221;{}&#8221;][et_pb_button button_url=&#8221;https:\/\/drive.google.com\/file\/d\/1ubpWVx3SSH6NWjB7ZZKbKnY4kB3Gmv3L\/view&#8221; button_text=&#8221;Edital&#8221; _builder_version=&#8221;4.17.6&#8243; _module_preset=&#8221;default&#8221; custom_button=&#8221;off&#8221; global_colors_info=&#8221;{}&#8221;][\/et_pb_button][\/et_pb_column][et_pb_column type=&#8221;1_5&#8243; _builder_version=&#8221;4.17.6&#8243; _module_preset=&#8221;default&#8221; global_colors_info=&#8221;{}&#8221;][et_pb_button button_url=&#8221;https:\/\/forms.gle\/DM6UbPXPGZXY5BjK7&#8243; url_new_window=&#8221;on&#8221; button_text=&#8221;Inscri\u00e7\u00e3o&#8221; _builder_version=&#8221;4.17.6&#8243; _module_preset=&#8221;default&#8221; custom_button=&#8221;off&#8221; global_colors_info=&#8221;{}&#8221;][\/et_pb_button][\/et_pb_column][et_pb_column type=&#8221;1_5&#8243; _builder_version=&#8221;4.17.6&#8243; _module_preset=&#8221;default&#8221; global_colors_info=&#8221;{}&#8221;][\/et_pb_column][et_pb_column type=&#8221;1_5&#8243; _builder_version=&#8221;4.17.6&#8243; _module_preset=&#8221;default&#8221; global_colors_info=&#8221;{}&#8221;][\/et_pb_column][et_pb_column type=&#8221;1_5&#8243; _builder_version=&#8221;4.17.6&#8243; _module_preset=&#8221;default&#8221; global_colors_info=&#8221;{}&#8221;][\/et_pb_column][\/et_pb_row][et_pb_row column_structure=&#8221;1_3,1_3,1_3&#8243; _builder_version=&#8221;4.17.6&#8243; _module_preset=&#8221;default&#8221; custom_padding=&#8221;33px|||||&#8221; animation_style=&#8221;fade&#8221; global_colors_info=&#8221;{}&#8221;][et_pb_column type=&#8221;1_3&#8243; _builder_version=&#8221;4.17.6&#8243; _module_preset=&#8221;default&#8221; global_colors_info=&#8221;{}&#8221;][et_pb_image src=&#8221;http:\/\/www.professores.uff.br\/yonalopes\/wp-content\/uploads\/sites\/216\/2021\/03\/uff-logo.png&#8221; alt=&#8221;UFF logo&#8221; title_text=&#8221;uff logo&#8221; align=&#8221;center&#8221; _builder_version=&#8221;4.17.6&#8243; _module_preset=&#8221;default&#8221; width=&#8221;110%&#8221; global_colors_info=&#8221;{}&#8221;][\/et_pb_image][\/et_pb_column][et_pb_column type=&#8221;1_3&#8243; _builder_version=&#8221;4.17.6&#8243; _module_preset=&#8221;default&#8221; global_colors_info=&#8221;{}&#8221;][et_pb_image src=&#8221;http:\/\/www.professores.uff.br\/yonalopes\/wp-content\/uploads\/sites\/216\/2023\/03\/Logo-Colorida.png&#8221; title_text=&#8221;Logo &#8211; Colorida&#8221; align=&#8221;center&#8221; _builder_version=&#8221;4.17.6&#8243; _module_preset=&#8221;default&#8221; width=&#8221;30%&#8221; max_width=&#8221;30%&#8221; custom_padding=&#8221;0px|||||&#8221; global_colors_info=&#8221;{}&#8221;][\/et_pb_image][\/et_pb_column][et_pb_column type=&#8221;1_3&#8243; _builder_version=&#8221;4.17.6&#8243; _module_preset=&#8221;default&#8221; global_colors_info=&#8221;{}&#8221;][et_pb_image src=&#8221;http:\/\/www.professores.uff.br\/yonalopes\/wp-content\/uploads\/sites\/216\/2022\/05\/ge-logo.png&#8221; title_text=&#8221;ge-logo&#8221; align=&#8221;center&#8221; _builder_version=&#8221;4.17.6&#8243; _module_preset=&#8221;default&#8221; width=&#8221;100%&#8221; global_colors_info=&#8221;{}&#8221;][\/et_pb_image][\/et_pb_column][\/et_pb_row][\/et_pb_section]<\/p>\n","protected":false},"excerpt":{"rendered":"<p>Processo SeletivoBOLSAS DE INICIA\u00c7\u00c3O TECNOL\u00d3GICA E INDUSTRIAL (ITI)T\u00cdTULO: Estudos de Aplica\u00e7\u00f5es de Miss\u00e3o Cr\u00edtica baseadas em Redes IEC 61850 e Novas Tecnologia ORIENTADORES: Orientador acad\u00eamico: Professora D.Sc. Yona Lopes Supervisor Empresarial da GE: M.Sc. Emanuela Lima Alunas de mestrado envolvidas: Mayara Helena dos Santos e Izabella Cozendey Pitta Essa oportunidade \u00e9 pela Universidade Federal Fluminense [&hellip;]<\/p>\n","protected":false},"author":257,"featured_media":0,"parent":0,"menu_order":0,"comment_status":"closed","ping_status":"closed","template":"","meta":{"_et_pb_use_builder":"on","_et_pb_old_content":"","_et_gb_content_width":"","_exactmetrics_skip_tracking":false,"_exactmetrics_sitenote_active":false,"_exactmetrics_sitenote_note":"","_exactmetrics_sitenote_category":0,"footnotes":""},"categories":[],"tags":[],"class_list":["post-6461","page","type-page","status-publish","hentry"],"_links":{"self":[{"href":"https:\/\/www.professores.uff.br\/yonalopes\/wp-json\/wp\/v2\/pages\/6461","targetHints":{"allow":["GET"]}}],"collection":[{"href":"https:\/\/www.professores.uff.br\/yonalopes\/wp-json\/wp\/v2\/pages"}],"about":[{"href":"https:\/\/www.professores.uff.br\/yonalopes\/wp-json\/wp\/v2\/types\/page"}],"author":[{"embeddable":true,"href":"https:\/\/www.professores.uff.br\/yonalopes\/wp-json\/wp\/v2\/users\/257"}],"replies":[{"embeddable":true,"href":"https:\/\/www.professores.uff.br\/yonalopes\/wp-json\/wp\/v2\/comments?post=6461"}],"version-history":[{"count":11,"href":"https:\/\/www.professores.uff.br\/yonalopes\/wp-json\/wp\/v2\/pages\/6461\/revisions"}],"predecessor-version":[{"id":6507,"href":"https:\/\/www.professores.uff.br\/yonalopes\/wp-json\/wp\/v2\/pages\/6461\/revisions\/6507"}],"wp:attachment":[{"href":"https:\/\/www.professores.uff.br\/yonalopes\/wp-json\/wp\/v2\/media?parent=6461"}],"wp:term":[{"taxonomy":"category","embeddable":true,"href":"https:\/\/www.professores.uff.br\/yonalopes\/wp-json\/wp\/v2\/categories?post=6461"},{"taxonomy":"post_tag","embeddable":true,"href":"https:\/\/www.professores.uff.br\/yonalopes\/wp-json\/wp\/v2\/tags?post=6461"}],"curies":[{"name":"wp","href":"https:\/\/api.w.org\/{rel}","templated":true}]}}