{"id":6495,"date":"2023-03-27T18:13:07","date_gmt":"2023-03-27T21:13:07","guid":{"rendered":"http:\/\/www.professores.uff.br\/yonalopes\/?page_id=6495"},"modified":"2023-04-11T19:41:15","modified_gmt":"2023-04-11T22:41:15","slug":"bolsa-iti-ysmart","status":"publish","type":"page","link":"https:\/\/www.professores.uff.br\/yonalopes\/bolsa-iti-ysmart\/","title":{"rendered":"Bolsa ITI YSMART"},"content":{"rendered":"<p>[et_pb_section fb_built=&#8221;1&#8243; fullwidth=&#8221;on&#8221; _builder_version=&#8221;4.16&#8243; _module_preset=&#8221;default&#8221; global_colors_info=&#8221;{}&#8221;][et_pb_fullwidth_menu active_link_color=&#8221;#ffffff&#8221; _builder_version=&#8221;4.16&#8243; _module_preset=&#8221;default&#8221; menu_font=&#8221;|600|||||||&#8221; menu_text_color=&#8221;#ffffff&#8221; menu_font_size=&#8221;17px&#8221; menu_letter_spacing=&#8221;1px&#8221; background_color=&#8221;#0da0c5&#8243; text_orientation=&#8221;center&#8221; background_layout=&#8221;dark&#8221; locked=&#8221;off&#8221; global_colors_info=&#8221;{}&#8221;][\/et_pb_fullwidth_menu][\/et_pb_section][et_pb_section fb_built=&#8221;1&#8243; admin_label=&#8221;Page Title&#8221; _builder_version=&#8221;4.16&#8243; background_enable_color=&#8221;off&#8221; global_colors_info=&#8221;{}&#8221;][et_pb_row _builder_version=&#8221;4.16&#8243; global_colors_info=&#8221;{}&#8221;][et_pb_column type=&#8221;4_4&#8243; _builder_version=&#8221;4.16&#8243; custom_padding=&#8221;|||&#8221; global_colors_info=&#8221;{}&#8221; custom_padding__hover=&#8221;|||&#8221;][et_pb_text _builder_version=&#8221;4.16&#8243; text_font=&#8221;Muli||||||||&#8221; text_line_height=&#8221;1.8em&#8221; header_font=&#8221;Muli|700|||||||&#8221; header_font_size=&#8221;72px&#8221; header_line_height=&#8221;1.2em&#8221; custom_margin=&#8221;|-49px||||&#8221; animation_direction=&#8221;right&#8221; header_font_size_tablet=&#8221;&#8221; header_font_size_phone=&#8221;36px&#8221; header_font_size_last_edited=&#8221;on|phone&#8221; locked=&#8221;off&#8221; global_colors_info=&#8221;{}&#8221; header_6_font_size__hover=&#8221;14px&#8221; header_6_font_size__hover_enabled=&#8221;14px&#8221; header_6_letter_spacing__hover=&#8221;0px&#8221; header_6_letter_spacing__hover_enabled=&#8221;0px&#8221; header_6_line_height__hover=&#8221;1em&#8221; header_6_line_height__hover_enabled=&#8221;1em&#8221; header_6_text_shadow_style__hover=&#8221;none&#8221; header_6_text_shadow_style__hover_enabled=&#8221;none&#8221; header_6_text_shadow_color__hover=&#8221;rgba(0,0,0,0.4)&#8221; header_6_text_shadow_color__hover_enabled=&#8221;rgba(0,0,0,0.4)&#8221;]<\/p>\n<h1><span style=\"font-family: inherit;color: #0da0c5\"><span style=\"font-family: sans-serif\" role=\"presentation\" dir=\"ltr\">Processo Seletivo<br \/><\/span><\/span><\/h1>\n<p>[\/et_pb_text][et_pb_text _builder_version=&#8221;4.17.6&#8243; _module_preset=&#8221;default&#8221; global_colors_info=&#8221;{}&#8221;]<\/p>\n<h1 class=\"et_pb_module_header et-fb-editable-element et-fb-editable-element__editing\" data-shortcode-id=\"2.0.0.0-1678921046499\" data-quickaccess-id=\"header\">BOLSAS DE INICIA\u00c7\u00c3O TECNOL\u00d3GICA E INDUSTRIAL (ITI)<\/h1>\n<p>[\/et_pb_text][\/et_pb_column][\/et_pb_row][et_pb_row _builder_version=&#8221;4.17.6&#8243; _module_preset=&#8221;default&#8221; custom_padding=&#8221;|||11px||&#8221; locked=&#8221;off&#8221; global_colors_info=&#8221;{}&#8221;][et_pb_column type=&#8221;4_4&#8243; _builder_version=&#8221;4.17.6&#8243; _module_preset=&#8221;default&#8221; global_colors_info=&#8221;{}&#8221;][et_pb_cta button_url=&#8221;#&#8221; _builder_version=&#8221;4.17.6&#8243; header_level=&#8221;h1&#8243; header_font=&#8221;|600|||||||&#8221; header_text_color=&#8221;#ffffff&#8221; header_font_size=&#8221;40px&#8221; header_line_height=&#8221;1.5em&#8221; body_font=&#8221;||||||||&#8221; body_text_align=&#8221;justify&#8221; body_text_color=&#8221;#aaaaaa&#8221; body_line_height=&#8221;1.8em&#8221; use_background_color=&#8221;off&#8221; background_size=&#8221;initial&#8221; background_position=&#8221;top_left&#8221; background_repeat=&#8221;repeat&#8221; custom_button=&#8221;on&#8221; button_text_color=&#8221;#747d88&#8243; button_border_width=&#8221;4px&#8221; button_border_color=&#8221;#747d88&#8243; button_border_radius=&#8221;100px&#8221; button_letter_spacing=&#8221;2px&#8221; button_font=&#8221;Montserrat|700||on|||||&#8221; button_icon=&#8221;&#x45;||divi||400&#8243; button_icon_color=&#8221;#747d88&#8243; text_orientation=&#8221;left&#8221; background_layout=&#8221;light&#8221; custom_margin=&#8221;||60px|||&#8221; animation_style=&#8221;fade&#8221; animation_direction=&#8221;top&#8221; button_bg_color_hover=&#8221;rgba(0,0,0,0)&#8221; locked=&#8221;off&#8221; global_colors_info=&#8221;{}&#8221; button_text_size__hover_enabled=&#8221;off&#8221; button_one_text_size__hover_enabled=&#8221;off&#8221; button_two_text_size__hover_enabled=&#8221;off&#8221; button_text_color__hover_enabled=&#8221;off&#8221; button_one_text_color__hover_enabled=&#8221;off&#8221; button_two_text_color__hover_enabled=&#8221;off&#8221; button_border_width__hover_enabled=&#8221;off&#8221; button_one_border_width__hover_enabled=&#8221;off&#8221; button_two_border_width__hover_enabled=&#8221;off&#8221; button_border_color__hover_enabled=&#8221;off&#8221; button_one_border_color__hover_enabled=&#8221;off&#8221; button_two_border_color__hover_enabled=&#8221;off&#8221; button_border_radius__hover_enabled=&#8221;off&#8221; button_one_border_radius__hover_enabled=&#8221;off&#8221; button_two_border_radius__hover_enabled=&#8221;off&#8221; button_letter_spacing__hover_enabled=&#8221;off&#8221; button_one_letter_spacing__hover_enabled=&#8221;off&#8221; button_two_letter_spacing__hover_enabled=&#8221;off&#8221; button_bg_color__hover_enabled=&#8221;on&#8221; button_bg_color__hover=&#8221;rgba(0,0,0,0)&#8221; button_one_bg_color__hover_enabled=&#8221;off&#8221; button_two_bg_color__hover_enabled=&#8221;off&#8221;]<\/p>\n<p><span style=\"color: #4f4f4f\">Essa oportunidade \u00e9 pela Universidade Federal Fluminense para bolsas CNPq em parceria com a empresa <strong>YSMART ECT<\/strong>. Os alunos de gradua\u00e7\u00e3o dos cursos Engenharia El\u00e9trica, de Telecomunica\u00e7\u00f5es, Ci\u00eancia da Computa\u00e7\u00e3o e afins podem se inscrever no processo seletivo.<\/span><\/p>\n<p>[\/et_pb_cta][et_pb_toggle title=&#8221;T\u00edtulo&#8221; open_toggle_text_color=&#8221;#000000&#8243; closed_toggle_text_color=&#8221;#000000&#8243; _builder_version=&#8221;4.17.6&#8243; _module_preset=&#8221;default&#8221; title_text_color=&#8221;#000000&#8243; title_font=&#8221;||||||||&#8221; closed_title_font=&#8221;|300|||||||&#8221; background_color=&#8221;rgba(13,160,197,0.1)&#8221; locked=&#8221;off&#8221; global_colors_info=&#8221;{}&#8221;]<\/p>\n<p>Estudo e Desenvolvimento de Nova Solu\u00e7\u00e3o de Monitoramento de Redes de Subesta\u00e7\u00f5es Digitais, Caderno de Testes e Certifica\u00e7\u00e3o<\/p>\n<p>[\/et_pb_toggle][et_pb_toggle title=&#8221;Resumo&#8221; open_toggle_text_color=&#8221;#000000&#8243; closed_toggle_text_color=&#8221;#000000&#8243; _builder_version=&#8221;4.17.6&#8243; _module_preset=&#8221;default&#8221; title_text_color=&#8221;#000000&#8243; title_font=&#8221;||||||||&#8221; closed_title_font=&#8221;|300|||||||&#8221; background_color=&#8221;rgba(13,160,197,0.32)&#8221; locked=&#8221;off&#8221; global_colors_info=&#8221;{}&#8221;]<\/p>\n<p>A proposta de trabalho tem como objetivo desenvolver uma nova solu\u00e7\u00e3o de monitoramento de redes de subesta\u00e7\u00f5es digitais para melhorar a efici\u00eancia, confiabilidade e seguran\u00e7a das redes digitalizadas de subesta\u00e7\u00f5es baseadas na norma IEC 61850. Para alcan\u00e7ar esse objetivo, o projeto ser\u00e1 dividido em tr\u00eas fases:<\/p>\n<p>Estudo e an\u00e1lise de requisitos: nesta fase, ser\u00e3o realizados estudos de requisitos e an\u00e1lise de necessidades para entender os principais desafios enfrentados no monitoramento de redes de subesta\u00e7\u00f5es digitais, incluindo avalia\u00e7\u00e3o do novo modelo de dados na norma (2020) sua aplica\u00e7\u00e3o e uso por diferentes fornecedores. Ser\u00e3o estudados os requisitos do Operador Nacional do Sistema el\u00e9trico e dos diferentes agentes envolvidos na solu\u00e7\u00e3o.<\/p>\n<p>Desenvolvimento da solu\u00e7\u00e3o: com base nos requisitos identificados, ser\u00e1 desenvolvida uma nova solu\u00e7\u00e3o de monitoramento de redes de subesta\u00e7\u00f5es digitais, utilizando tecnologias inovadoras para coleta e an\u00e1lise de dados em tempo real.<\/p>\n<p>Testes e certifica\u00e7\u00e3o: durante e ap\u00f3s o desenvolvimento da solu\u00e7\u00e3o, ser\u00e1 realizada uma s\u00e9rie de testes e certifica\u00e7\u00f5es para garantir sua efic\u00e1cia e seguran\u00e7a, al\u00e9m de garantir que atenda aos padr\u00f5es e regulamenta\u00e7\u00f5es aplic\u00e1veis. Ser\u00e3o desenvolvidos novos modelos de teste e valida\u00e7\u00e3o al\u00e9m de cadernos de testes automatizados.<\/p>\n<p>Com a implementa\u00e7\u00e3o da nova solu\u00e7\u00e3o de monitoramento de redes de subesta\u00e7\u00f5es digitais, espera-se melhorar a efici\u00eancia e confiabilidade dos sistemas el\u00e9tricos, reduzindo custos de manuten\u00e7\u00e3o e aumentando a seguran\u00e7a das subesta\u00e7\u00f5es digitais. O caderno de testes e certifica\u00e7\u00e3o tamb\u00e9m garantir\u00e1 a conformidade da solu\u00e7\u00e3o com as normas e regulamenta\u00e7\u00f5es vigentes. Desta forma, espera-se tamb\u00e9m que medidas preventivas possam ser tomadas a partir da an\u00e1lise de dados e monitoramento para evitar falhas e interrup\u00e7\u00f5es no fornecimento de energia el\u00e9trica.<\/p>\n<p>[\/et_pb_toggle][et_pb_toggle title=&#8221;Cronograma&#8221; open_toggle_text_color=&#8221;#000000&#8243; closed_toggle_text_color=&#8221;#000000&#8243; _builder_version=&#8221;4.17.6&#8243; _module_preset=&#8221;default&#8221; title_text_color=&#8221;#000000&#8243; title_font=&#8221;||||||||&#8221; closed_title_font=&#8221;|300|||||||&#8221; background_color=&#8221;rgba(13,160,197,0.5)&#8221; locked=&#8221;off&#8221; global_colors_info=&#8221;{}&#8221;]<\/p>\n<ul>\n<li>Inscri\u00e7\u00f5es: 01\/04 \u2013 09\/04<\/li>\n<li>Entrevistas: 10\/04<\/li>\n<li>Resultados: 13\/04<\/li>\n<\/ul>\n<p>[\/et_pb_toggle][et_pb_toggle title=&#8221;Resultado&#8221; open_toggle_text_color=&#8221;#000000&#8243; closed_toggle_text_color=&#8221;#000000&#8243; _builder_version=&#8221;4.17.6&#8243; _module_preset=&#8221;default&#8221; title_text_color=&#8221;#000000&#8243; title_font=&#8221;||||||||&#8221; closed_title_font=&#8221;|300|||||||&#8221; background_color=&#8221;rgba(13,160,197,0.5)&#8221; locked=&#8221;off&#8221; global_colors_info=&#8221;{}&#8221;]<\/p>\n<ul>\n<li>Amanda Barros Melo<\/li>\n<li>Bruno Augusto Rodrigues<\/li>\n<li>Gabriela Lima<\/li>\n<li>Matheus Lima Romaneli<\/li>\n<\/ul>\n<p>[\/et_pb_toggle][\/et_pb_column][\/et_pb_row][et_pb_row column_structure=&#8221;1_5,1_5,1_5,1_5,1_5&#8243; _builder_version=&#8221;4.17.6&#8243; _module_preset=&#8221;default&#8221; animation_style=&#8221;fade&#8221; global_colors_info=&#8221;{}&#8221;][et_pb_column type=&#8221;1_5&#8243; _builder_version=&#8221;4.17.6&#8243; _module_preset=&#8221;default&#8221; global_colors_info=&#8221;{}&#8221;][et_pb_button button_url=&#8221;https:\/\/drive.google.com\/file\/d\/1pboI7IoAZMlX0-Ip6hInAinHWv2ChtiE\/view?usp=share_link&#8221; url_new_window=&#8221;on&#8221; button_text=&#8221;Edital&#8221; _builder_version=&#8221;4.17.6&#8243; _module_preset=&#8221;default&#8221; custom_button=&#8221;off&#8221; global_colors_info=&#8221;{}&#8221;][\/et_pb_button][\/et_pb_column][et_pb_column type=&#8221;1_5&#8243; _builder_version=&#8221;4.17.6&#8243; _module_preset=&#8221;default&#8221; global_colors_info=&#8221;{}&#8221;][et_pb_button button_url=&#8221;https:\/\/forms.gle\/HwvjvxWCtTs3YfJP9&#8243; url_new_window=&#8221;on&#8221; button_text=&#8221;Inscri\u00e7\u00e3o&#8221; _builder_version=&#8221;4.17.6&#8243; _module_preset=&#8221;default&#8221; custom_button=&#8221;off&#8221; global_colors_info=&#8221;{}&#8221;][\/et_pb_button][\/et_pb_column][et_pb_column type=&#8221;1_5&#8243; _builder_version=&#8221;4.17.6&#8243; _module_preset=&#8221;default&#8221; global_colors_info=&#8221;{}&#8221;][\/et_pb_column][et_pb_column type=&#8221;1_5&#8243; _builder_version=&#8221;4.17.6&#8243; _module_preset=&#8221;default&#8221; global_colors_info=&#8221;{}&#8221;][\/et_pb_column][et_pb_column type=&#8221;1_5&#8243; _builder_version=&#8221;4.17.6&#8243; _module_preset=&#8221;default&#8221; global_colors_info=&#8221;{}&#8221;][\/et_pb_column][\/et_pb_row][et_pb_row column_structure=&#8221;1_3,1_3,1_3&#8243; _builder_version=&#8221;4.17.6&#8243; _module_preset=&#8221;default&#8221; custom_padding=&#8221;130px|||||&#8221; animation_style=&#8221;fade&#8221; global_colors_info=&#8221;{}&#8221;][et_pb_column type=&#8221;1_3&#8243; _builder_version=&#8221;4.17.6&#8243; _module_preset=&#8221;default&#8221; global_colors_info=&#8221;{}&#8221;][et_pb_image src=&#8221;http:\/\/www.professores.uff.br\/yonalopes\/wp-content\/uploads\/sites\/216\/2021\/03\/uff-logo.png&#8221; alt=&#8221;UFF logo&#8221; title_text=&#8221;uff logo&#8221; align=&#8221;center&#8221; _builder_version=&#8221;4.17.6&#8243; _module_preset=&#8221;default&#8221; width=&#8221;110%&#8221; global_colors_info=&#8221;{}&#8221;][\/et_pb_image][\/et_pb_column][et_pb_column type=&#8221;1_3&#8243; _builder_version=&#8221;4.17.6&#8243; _module_preset=&#8221;default&#8221; global_colors_info=&#8221;{}&#8221;][et_pb_image src=&#8221;http:\/\/www.professores.uff.br\/yonalopes\/wp-content\/uploads\/sites\/216\/2023\/03\/Logo-Colorida.png&#8221; title_text=&#8221;Logo &#8211; Colorida&#8221; align=&#8221;center&#8221; _builder_version=&#8221;4.17.6&#8243; _module_preset=&#8221;default&#8221; width=&#8221;30%&#8221; max_width=&#8221;30%&#8221; custom_padding=&#8221;0px|||||&#8221; global_colors_info=&#8221;{}&#8221;][\/et_pb_image][\/et_pb_column][et_pb_column type=&#8221;1_3&#8243; _builder_version=&#8221;4.17.6&#8243; _module_preset=&#8221;default&#8221; global_colors_info=&#8221;{}&#8221;][et_pb_image src=&#8221;http:\/\/www.professores.uff.br\/yonalopes\/wp-content\/uploads\/sites\/216\/2023\/03\/WhatsApp_Image_2023-03-22_at_11.47.38-removebg-preview.png&#8221; alt=&#8221;YSMART&#8221; title_text=&#8221;WhatsApp_Image_2023-03-22_at_11.47.38-removebg-preview&#8221; align=&#8221;center&#8221; _builder_version=&#8221;4.17.6&#8243; _module_preset=&#8221;default&#8221; width=&#8221;40%&#8221; global_colors_info=&#8221;{}&#8221;][\/et_pb_image][\/et_pb_column][\/et_pb_row][\/et_pb_section]<\/p>\n","protected":false},"excerpt":{"rendered":"<p>Processo SeletivoBOLSAS DE INICIA\u00c7\u00c3O TECNOL\u00d3GICA E INDUSTRIAL (ITI)Essa oportunidade \u00e9 pela Universidade Federal Fluminense para bolsas CNPq em parceria com a empresa YSMART ECT. Os alunos de gradua\u00e7\u00e3o dos cursos Engenharia El\u00e9trica, de Telecomunica\u00e7\u00f5es, Ci\u00eancia da Computa\u00e7\u00e3o e afins podem se inscrever no processo seletivo.Estudo e Desenvolvimento de Nova Solu\u00e7\u00e3o de Monitoramento de Redes de [&hellip;]<\/p>\n","protected":false},"author":257,"featured_media":0,"parent":0,"menu_order":0,"comment_status":"closed","ping_status":"closed","template":"","meta":{"_et_pb_use_builder":"on","_et_pb_old_content":"","_et_gb_content_width":"","_exactmetrics_skip_tracking":false,"_exactmetrics_sitenote_active":false,"_exactmetrics_sitenote_note":"","_exactmetrics_sitenote_category":0,"footnotes":""},"categories":[],"tags":[],"class_list":["post-6495","page","type-page","status-publish","hentry"],"_links":{"self":[{"href":"https:\/\/www.professores.uff.br\/yonalopes\/wp-json\/wp\/v2\/pages\/6495","targetHints":{"allow":["GET"]}}],"collection":[{"href":"https:\/\/www.professores.uff.br\/yonalopes\/wp-json\/wp\/v2\/pages"}],"about":[{"href":"https:\/\/www.professores.uff.br\/yonalopes\/wp-json\/wp\/v2\/types\/page"}],"author":[{"embeddable":true,"href":"https:\/\/www.professores.uff.br\/yonalopes\/wp-json\/wp\/v2\/users\/257"}],"replies":[{"embeddable":true,"href":"https:\/\/www.professores.uff.br\/yonalopes\/wp-json\/wp\/v2\/comments?post=6495"}],"version-history":[{"count":6,"href":"https:\/\/www.professores.uff.br\/yonalopes\/wp-json\/wp\/v2\/pages\/6495\/revisions"}],"predecessor-version":[{"id":6513,"href":"https:\/\/www.professores.uff.br\/yonalopes\/wp-json\/wp\/v2\/pages\/6495\/revisions\/6513"}],"wp:attachment":[{"href":"https:\/\/www.professores.uff.br\/yonalopes\/wp-json\/wp\/v2\/media?parent=6495"}],"wp:term":[{"taxonomy":"category","embeddable":true,"href":"https:\/\/www.professores.uff.br\/yonalopes\/wp-json\/wp\/v2\/categories?post=6495"},{"taxonomy":"post_tag","embeddable":true,"href":"https:\/\/www.professores.uff.br\/yonalopes\/wp-json\/wp\/v2\/tags?post=6495"}],"curies":[{"name":"wp","href":"https:\/\/api.w.org\/{rel}","templated":true}]}}